{"id":25663,"date":"2017-07-05T11:24:52","date_gmt":"2017-07-05T11:24:52","guid":{"rendered":"https:\/\/wizyemm.com\/contact-form\/"},"modified":"2023-09-20T09:05:08","modified_gmt":"2023-09-20T09:05:08","slug":"contact-form","status":"publish","type":"page","link":"http:\/\/wizyemm.com\/es\/contacto\/","title":{"rendered":"Conecte con WizyEMM"},"content":{"rendered":"<section class=\"vc_row wpb_row vc_row-fluid\"><div class=\"wpb_column vc_column_container vc_col-sm-12  col-xs-mobile-fullwidth\"><div class=\"vc_column-inner vc_custom_1592496931580\"><div class=\"wpb_wrapper\"><h2 class=\"text-extra-dark-gray margin-20px-bottom font-weight-600 display-block alt-font heading-style2  vc_custom_1615477951670  heading-1\"  style=\"font-size: 36px; line-height: 30px; font-weight: 500;\" data-fontsize=\"36px\" data-lineheight=\"30px\">Programe una demo personalizada<\/h2><span class=\"text-extra-dark-gray margin-20px-bottom font-weight-600 display-block alt-font heading-style2  heading-2\"  style=\"font-size: 16px; line-height: `\u00e9``px; font-weight: 500; color: #0080c8;\" data-fontsize=\"16px\" data-lineheight=\"`\u00e9``px\">Hable con el equipo de WizyEMM en su regi\u00f3n<\/span><\/div><\/div><\/div><\/section><section data-vc-full-width=\"true\" data-vc-full-width-init=\"false\" data-vc-stretch-content=\"true\" class=\"vc_row wpb_row vc_row-fluid   pofo-stretch-content vc_row-o-equal-height vc_row-o-content-top vc_row-flex\"><div class=\"wpb_column vc_column_container vc_col-sm-4 vc_col-lg-4 vc_col-md-4 vc_col-xs-12 wow fadeInUp text-center\"><div class=\"vc_column-inner vc_custom_1592496603528\"><div class=\"wpb_wrapper\"><h3 class=\"text-extra-dark-gray margin-20px-bottom font-weight-600 display-inline-block alt-font heading-style2  heading-3\"  style=\"font-weight: 500;\">JAP\u00d3N Y ASIA-PAC\u00cdFICO<\/h3>[vc_single_image image=&#8221;25667&#8243; img_size=&#8221;full&#8221; alignment=&#8221;center&#8221; css=&#8221;.vc_custom_1592577287327{margin-bottom: 10px !important;}&#8221;]<a href=\"https:\/\/meetings.hubspot.com\/adele23\" target=\"_blank\" class=\"btn btn pofo-button-2 button-style5 btn-dark-gray btn-rounded vc_custom_1593158040470 pofo-button-1 button-style5  btn-dark-gray btn-rounded  vc_custom_1618988206100\" style=\"color:#ffffff;  border-color:#0080c8; \" rel=\"noopener\">RESERVE UNA REUNI\u00d3N<\/a><div class=\"last-paragraph-no-margin\"><p>O escr\u00edbanos a <a href=\"mailto:japac@wizyemm.com\"><span style=\"color: #0080c8; font-weight: 500;\">japac@wizyemm.com<\/span><\/a><\/p>\n<\/div><\/div><\/div><\/div><div class=\"wpb_column vc_column_container vc_col-sm-4 vc_col-lg-4 vc_col-md-4 vc_col-xs-12 wow fadeInUp text-center\"><div class=\"vc_column-inner vc_custom_1592496608325\"><div class=\"wpb_wrapper\"><h3 class=\"text-extra-dark-gray margin-20px-bottom font-weight-600 display-inline-block alt-font heading-style2  heading-4\"  style=\"font-weight: 500;\">EUROPE, THE MIDDLE EAST AND AFRICA<\/h3>[vc_single_image image=&#8221;25664&#8243; img_size=&#8221;full&#8221; alignment=&#8221;center&#8221; css=&#8221;.vc_custom_1592577294225{margin-bottom: 10px !important;}&#8221;]<a href=\"https:\/\/meetings.hubspot.com\/florian-ponroy\" target=\"_blank\" class=\"btn pofo-button-2 button-style5  btn-dark-gray btn-rounded  vc_custom_1691483871809\" style=\"border-color:#0080c8; \" rel=\"noopener\">RESERVE UNA REUNI\u00d3N<\/a><div class=\"last-paragraph-no-margin\"><p>O escr\u00edbanos a <a href=\"mailto:emea@wizyemm.com\"><span style=\"color: #0080c8; font-weight: 500;\">emea@wizyemm.com<\/span><\/a><\/p>\n<\/div><\/div><\/div><\/div><div class=\"wpb_column vc_column_container vc_col-sm-4 vc_col-lg-4 vc_col-md-4 vc_col-xs-12 wow fadeInUp text-center\"><div class=\"vc_column-inner vc_custom_1592496613106\"><div class=\"wpb_wrapper\"><h3 class=\"text-extra-dark-gray margin-20px-bottom font-weight-600 display-inline-block alt-font heading-style2  heading-5\"  style=\"font-weight: 500;\">USA, CANADA Y LATINOAMERICA<\/h3>[vc_single_image image=&#8221;25666&#8243; img_size=&#8221;full&#8221; alignment=&#8221;center&#8221; css=&#8221;.vc_custom_1592577302434{margin-bottom: 10px !important;}&#8221;]<a href=\"https:\/\/meetings.hubspot.com\/herminio\" target=\"_blank\" class=\"btn btn pofo-button-2 button-style5 btn-dark-gray btn-rounded vc_custom_1593158040470 pofo-button-3 button-style5  btn-dark-gray btn-rounded  vc_custom_1695200700416\" style=\"border-color:#0080c8; \" rel=\"noopener\">RESERVE UNA REUNI\u00d3N<\/a><div class=\"last-paragraph-no-margin\"><p>O escr\u00edbanos a <a href=\"mailto:america@wizyemm.com\"><span style=\"color: #0080c8; font-weight: 500;\">america@wizyemm.com<\/span><\/a><\/p>\n<\/div><\/div><\/div><\/div><\/section><div class=\"vc_row-full-width vc_clearfix\"><\/div><section data-vc-full-width=\"true\" data-vc-full-width-init=\"false\" data-vc-stretch-content=\"true\" class=\"vc_row wpb_row vc_row-fluid  vc_custom_1592549314544 vc_row-has-fill pofo-stretch-content vc_row-no-padding\"><div class=\"wpb_column vc_column_container vc_col-sm-12  col-xs-mobile-fullwidth\"><div class=\"vc_column-inner vc_custom_1592549443913\"><div class=\"wpb_wrapper\"><h2 class=\"text-extra-dark-gray margin-20px-bottom font-weight-600 display-inline-block alt-font heading-style2  heading-6\"  style=\"font-size: 36px; font-weight: 500; color: #ffffff;\" data-fontsize=\"36px\">Contacto<\/h2>[vc_raw_html]JTNDc2NyaXB0JTIwY2hhcnNldCUzRCUyMnV0Zi04JTIyJTIwdHlwZSUzRCUyMnRleHQlMkZqYXZhc2NyaXB0JTIyJTIwc3JjJTNEJTIyJTJGJTJGanMuaHNmb3Jtcy5uZXQlMkZmb3JtcyUyRnNoZWxsLmpzJTIyJTNFJTNDJTJGc2NyaXB0JTNFJTBBJTNDc2NyaXB0JTNFJTBBJTIwJTIwaGJzcHQuZm9ybXMuY3JlYXRlJTI4JTdCJTBBJTA5cG9ydGFsSWQlM0ElMjAlMjI1MzM3Nzk0JTIyJTJDJTBBJTA5Zm9ybUlkJTNBJTIwJTIyMjY2MDVkNDgtMDBkMi00MmU4LWI3MzUtMTY2ZjI3ZDM4Mjc1JTIyJTBBJTdEJTI5JTNCJTBBJTNDJTJGc2NyaXB0JTNF[\/vc_raw_html]<\/div><\/div><\/div><\/section><div class=\"vc_row-full-width vc_clearfix\"><\/div>\n","protected":false},"excerpt":{"rendered":"Programe una demo personalizadaHable con el equipo de WizyEMM en su regi\u00f3nJAP\u00d3N Y ASIA-PAC\u00cdFICO[vc_single_image image=\"25667\" img_size=\"full\" alignment=\"center\" css=\".vc_custom_1592577287327{margin-bottom: 10px !important;}\"]RESERVE UNA REUNI\u00d3NO escr\u00edbanos a japac@wizyemm.com EUROPE, THE MIDDLE EAST AND AFRICA[vc_single_image image=\"25664\" img_size=\"full\" alignment=\"center\" css=\".vc_custom_1592577294225{margin-bottom: 10px !important;}\"]RESERVE UNA REUNI\u00d3NO escr\u00edbanos a emea@wizyemm.com USA, CANADA Y LATINOAMERICA[vc_single_image image=\"25666\" img_size=\"full\" alignment=\"center\" css=\".vc_custom_1592577302434{margin-bottom: 10px !important;}\"]RESERVE UNA REUNI\u00d3NO escr\u00edbanos a america@wizyemm.com Contacto[vc_raw_html]JTNDc2NyaXB0JTIwY2hhcnNldCUzRCUyMnV0Zi04JTIyJTIwdHlwZSUzRCUyMnRleHQlMkZqYXZhc2NyaXB0JTIyJTIwc3JjJTNEJTIyJTJGJTJGanMuaHNmb3Jtcy5uZXQlMkZmb3JtcyUyRnNoZWxsLmpzJTIyJTNFJTNDJTJGc2NyaXB0JTNFJTBBJTNDc2NyaXB0JTNFJTBBJTIwJTIwaGJzcHQuZm9ybXMuY3JlYXRlJTI4JTdCJTBBJTA5cG9ydGFsSWQlM0ElMjAlMjI1MzM3Nzk0JTIyJTJDJTBBJTA5Zm9ybUlkJTNBJTIwJTIyMjY2MDVkNDgtMDBkMi00MmU4LWI3MzUtMTY2ZjI3ZDM4Mjc1JTIyJTBBJTdEJTI5JTNCJTBBJTNDJTJGc2NyaXB0JTNF[\/vc_raw_html]","protected":false},"author":1,"featured_media":0,"parent":0,"menu_order":1,"comment_status":"closed","ping_status":"closed","template":"","meta":[],"yoast_head":"<!-- This site is optimized with the Yoast SEO plugin v18.6 - https:\/\/yoast.com\/wordpress\/plugins\/seo\/ -->\n<title>Conecte con WizyEMM - WizyEMM<\/title>\n<meta name=\"robots\" content=\"index, follow, max-snippet:-1, max-image-preview:large, max-video-preview:-1\" \/>\n<link rel=\"canonical\" href=\"http:\/\/wizyemm.com\/es\/contacto\/\" \/>\n<meta property=\"og:locale\" content=\"es_ES\" \/>\n<meta property=\"og:type\" content=\"article\" \/>\n<meta property=\"og:title\" content=\"Conecte con WizyEMM - WizyEMM\" \/>\n<meta property=\"og:url\" content=\"http:\/\/wizyemm.com\/es\/contacto\/\" \/>\n<meta property=\"og:site_name\" content=\"WizyEMM\" \/>\n<meta property=\"article:modified_time\" content=\"2023-09-20T09:05:08+00:00\" \/>\n<meta name=\"twitter:card\" content=\"summary_large_image\" \/>\n<meta name=\"twitter:label1\" content=\"Tiempo de lectura\" \/>\n\t<meta name=\"twitter:data1\" content=\"1 minuto\" \/>\n<!-- \/ Yoast SEO plugin. -->","yoast_head_json":{"title":"Conecte con WizyEMM - WizyEMM","robots":{"index":"index","follow":"follow","max-snippet":"max-snippet:-1","max-image-preview":"max-image-preview:large","max-video-preview":"max-video-preview:-1"},"canonical":"http:\/\/wizyemm.com\/es\/contacto\/","og_locale":"es_ES","og_type":"article","og_title":"Conecte con WizyEMM - WizyEMM","og_url":"http:\/\/wizyemm.com\/es\/contacto\/","og_site_name":"WizyEMM","article_modified_time":"2023-09-20T09:05:08+00:00","twitter_card":"summary_large_image","twitter_misc":{"Tiempo de lectura":"1 minuto"},"schema":{"@context":"https:\/\/schema.org","@graph":[{"@type":"Organization","@id":"https:\/\/wizyemm.com\/#organization","name":"WizyEMM","url":"https:\/\/wizyemm.com\/","sameAs":[],"logo":{"@type":"ImageObject","@id":"https:\/\/wizyemm.com\/#logo","inLanguage":"es","url":"https:\/\/wizyemm.com\/wp-content\/uploads\/2020\/05\/logo-3e43ae668112340d5106bf20c36af5bc.png","contentUrl":"https:\/\/wizyemm.com\/wp-content\/uploads\/2020\/05\/logo-3e43ae668112340d5106bf20c36af5bc.png","width":747,"height":125,"caption":"WizyEMM"},"image":{"@id":"https:\/\/wizyemm.com\/#logo"}},{"@type":"WebSite","@id":"https:\/\/wizyemm.com\/#website","url":"https:\/\/wizyemm.com\/","name":"WizyEMM","description":"Android Device Management for Frontline Workers","publisher":{"@id":"https:\/\/wizyemm.com\/#organization"},"potentialAction":[{"@type":"SearchAction","target":{"@type":"EntryPoint","urlTemplate":"https:\/\/wizyemm.com\/?s={search_term_string}"},"query-input":"required name=search_term_string"}],"inLanguage":"es"},{"@type":"WebPage","@id":"http:\/\/wizyemm.com\/es\/contacto\/#webpage","url":"http:\/\/wizyemm.com\/es\/contacto\/","name":"Conecte con WizyEMM - WizyEMM","isPartOf":{"@id":"https:\/\/wizyemm.com\/#website"},"datePublished":"2017-07-05T11:24:52+00:00","dateModified":"2023-09-20T09:05:08+00:00","breadcrumb":{"@id":"http:\/\/wizyemm.com\/es\/contacto\/#breadcrumb"},"inLanguage":"es","potentialAction":[{"@type":"ReadAction","target":["http:\/\/wizyemm.com\/es\/contacto\/"]}]},{"@type":"BreadcrumbList","@id":"http:\/\/wizyemm.com\/es\/contacto\/#breadcrumb","itemListElement":[{"@type":"ListItem","position":1,"name":"Accueil","item":"https:\/\/wizyemm.com\/es\/"},{"@type":"ListItem","position":2,"name":"Conecte con WizyEMM"}]}]}},"_links":{"self":[{"href":"https:\/\/wizyemm.com\/es\/wp-json\/wp\/v2\/pages\/25663"}],"collection":[{"href":"https:\/\/wizyemm.com\/es\/wp-json\/wp\/v2\/pages"}],"about":[{"href":"https:\/\/wizyemm.com\/es\/wp-json\/wp\/v2\/types\/page"}],"author":[{"embeddable":true,"href":"https:\/\/wizyemm.com\/es\/wp-json\/wp\/v2\/users\/1"}],"replies":[{"embeddable":true,"href":"https:\/\/wizyemm.com\/es\/wp-json\/wp\/v2\/comments?post=25663"}],"version-history":[{"count":9,"href":"https:\/\/wizyemm.com\/es\/wp-json\/wp\/v2\/pages\/25663\/revisions"}],"predecessor-version":[{"id":28099,"href":"https:\/\/wizyemm.com\/es\/wp-json\/wp\/v2\/pages\/25663\/revisions\/28099"}],"wp:attachment":[{"href":"https:\/\/wizyemm.com\/es\/wp-json\/wp\/v2\/media?parent=25663"}],"curies":[{"name":"wp","href":"https:\/\/api.w.org\/{rel}","templated":true}]}}