{"id":25719,"date":"2017-08-08T10:08:29","date_gmt":"2017-08-08T10:08:29","guid":{"rendered":"https:\/\/wizyemm.com\/get-started\/"},"modified":"2022-04-27T14:58:00","modified_gmt":"2022-04-27T14:58:00","slug":"get-started","status":"publish","type":"page","link":"http:\/\/wizyemm.com\/es\/mdm-gratuito\/","title":{"rendered":"MDM gratuito de por vida para 2 dispositivos"},"content":{"rendered":"<section class=\"vc_row wpb_row vc_row-fluid  vc_custom_1592576270542 vc_row-o-equal-height vc_row-o-content-middle vc_row-flex\"><div class=\"wpb_column vc_column_container vc_col-sm-12 vc_col-lg-6 vc_col-md-6 vc_col-xs-12 wow fadeInLeft pofo-column-responsive-69efa9851d443\"><div class=\"vc_column-inner \"><div class=\"wpb_wrapper\"><div class=\"last-paragraph-no-margin\"><p><img loading=\"lazy\" class=\"size-full wp-image-25601\" src=\"https:\/\/wizyemm.com\/wp-content\/uploads\/2020\/06\/console-wizyemm-02.png\" alt=\"Free MDM: Android Mobile Device Management\" width=\"1044\" height=\"645\" srcset=\"https:\/\/wizyemm.com\/wp-content\/uploads\/2020\/06\/console-wizyemm-02.png 1044w, https:\/\/wizyemm.com\/wp-content\/uploads\/2020\/06\/console-wizyemm-02-300x185.png 300w, https:\/\/wizyemm.com\/wp-content\/uploads\/2020\/06\/console-wizyemm-02-768x474.png 768w, https:\/\/wizyemm.com\/wp-content\/uploads\/2020\/06\/console-wizyemm-02-1024x633.png 1024w, https:\/\/wizyemm.com\/wp-content\/uploads\/2020\/06\/console-wizyemm-02-81x50.png 81w\" sizes=\"(max-width: 1044px) 100vw, 1044px\" \/><\/p>\n<\/div><\/div><\/div><\/div><div class=\"wpb_column vc_column_container vc_col-sm-12 vc_col-lg-offset-1 vc_col-lg-5 vc_col-md-6 vc_col-xs-12 wow fadeInRight\"><div class=\"vc_column-inner \"><div class=\"wpb_wrapper\"><h2 class=\"text-extra-dark-gray margin-20px-bottom font-weight-600 display-inline-block alt-font heading-style2  vc_custom_1615545341075  heading-1\"  style=\"font-size: 36px; line-height: 40px; font-weight: 500;\" data-fontsize=\"36px\" data-lineheight=\"40px\">Comienza ahora. Gratis<\/h2><div class=\"last-paragraph-no-margin\"><h2 style=\"font-size: 20px; font-height: 40px; font-weight: 500;\"><span style=\"font-weight: 400;\"><strong>Soluci\u00f3n gratuita de gesti\u00f3n de dispositivos m\u00f3viles Android<\/strong> hasta 2 dispositivos<\/span><\/h2>\n<\/div><ul class=\"no-padding list-style-4 list-style4-1 \"><li>Crea tu cuenta en minutos.<\/li><li>Inscribe 2 dispositivos durante el tiempo que quieras.<\/li><li>No se requiere tarjeta de cr\u00e9dito.<\/li><li>EMM empresarial de Android simple y potente.<\/li><li>A su servicio en todo el mundo, con oficinas en Par\u00eds, Singapur, Manila, India, M\u00e9xico y Sydney<\/li><\/ul><a href=\"https:\/\/wizyemm-partners.appspot.com\/register\" target=\"_self\" class=\"btn pofo-button-1 button-style5  btn-dark-gray btn-rounded  btn-small   vc_custom_1615545423758\" style=\"color:#000000;  border-color:#00e788; \" rel=\"noopener\">COMIENZA GRATIS<\/a><\/div><\/div><\/div><\/section><section class=\"vc_row wpb_row vc_row-fluid  vc_custom_1607679515679\"><div class=\"wpb_column vc_column_container vc_col-sm-12  col-xs-mobile-fullwidth\"><div class=\"vc_column-inner \"><div class=\"wpb_wrapper\"><div class=\"last-paragraph-no-margin\"><h2 style=\"font-size: 30px!important; line-height: 40px!important; font-weight: 600!important; font-family: Montserrat!important; color: #232323!important;\"><strong>\u00bfCu\u00e1les son las funciones disponibles en la versi\u00f3n gratuita de WizyEMM?<\/strong><\/h2>\n<\/div><div class=\" vc_custom_1615545447084 last-paragraph-no-margin\"><p class=\"p1\">Obtenga una soluci\u00f3n MDM gratuita de Android completamente funcional con todas sus funciones integrales de administraci\u00f3n de dispositivos m\u00f3viles. \u00c9stas incluyen:<\/p>\n<\/div><div class=\"vc_row wpb_row vc_inner vc_row-fluid  vc_custom_1607679522844\"><div class=\"wpb_column vc_column_container vc_col-sm-4  col-xs-mobile-fullwidth\"><div class=\"vc_column-inner \"><div class=\"wpb_wrapper\"><ul class=\"list-style-6 list-style6-1 \"><li>Gesti\u00f3n sencilla de dispositivos m\u00f3viles Android<\/li><li>Configuraci\u00f3n y gesti\u00f3n de perfiles<\/li><li>Gesti\u00f3n de aplicaciones m\u00f3viles<\/li><li>Gesti\u00f3n de seguridad m\u00f3vil<\/li><\/ul><\/div><\/div><\/div><div class=\"wpb_column vc_column_container vc_col-sm-4  col-xs-mobile-fullwidth\"><div class=\"vc_column-inner \"><div class=\"wpb_wrapper\"><ul class=\"list-style-6 list-style6-2 \"><li>Gesti\u00f3n de actualizaciones de sistema operativo <\/li><li>Geolocalizaci\u00f3n y geocercas<\/li><li>Inscripci\u00f3n por C\u00f3digo QR, NFC, Zero-Touch<\/li><li>Env\u00edo remoto de archivos al dispositivo<\/li><\/ul><\/div><\/div><\/div><div class=\"wpb_column vc_column_container vc_col-sm-4  col-xs-mobile-fullwidth\"><div class=\"vc_column-inner \"><div class=\"wpb_wrapper\"><ul class=\"list-style-6 list-style6-3 \"><li>Bloqueo en modo kiosco<\/li><li>Gesti\u00f3n de flotas<\/li><li>Alertas y notificaciones<\/li><li>Pol\u00edticas, restricciones de hardware y de red<\/li><\/ul><\/div><\/div><\/div><\/div><\/div><\/div><\/div><\/section><section data-vc-full-width=\"true\" data-vc-full-width-init=\"false\" data-vc-stretch-content=\"true\" class=\"vc_row wpb_row vc_row-fluid  vc_custom_1614087438384 vc_row-has-fill pofo-stretch-content vc_row-o-equal-height vc_row-o-content-middle vc_row-flex\"><div class=\"wpb_column vc_column_container vc_col-sm-6  col-xs-mobile-fullwidth\"><div class=\"vc_column-inner vc_custom_1614087525226\"><div class=\"wpb_wrapper\"><div class=\"last-paragraph-no-margin\"><p><img loading=\"lazy\" class=\"size-large wp-image-24972\" src=\"https:\/\/wizyemm.com\/wp-content\/uploads\/2021\/01\/Mobile-Device-Management-for-Android-secure-and-control-your-Android-devices-1024x725.png\" alt=\"Soluci\u00f3n gratuita de gesti\u00f3n de dispositivos m\u00f3viles Android: Seguridad m\u00f3vil y de datos\" width=\"1024\" height=\"725\" srcset=\"https:\/\/wizyemm.com\/wp-content\/uploads\/2021\/01\/Mobile-Device-Management-for-Android-secure-and-control-your-Android-devices-1024x725.png 1024w, https:\/\/wizyemm.com\/wp-content\/uploads\/2021\/01\/Mobile-Device-Management-for-Android-secure-and-control-your-Android-devices-300x213.png 300w, https:\/\/wizyemm.com\/wp-content\/uploads\/2021\/01\/Mobile-Device-Management-for-Android-secure-and-control-your-Android-devices-768x544.png 768w, https:\/\/wizyemm.com\/wp-content\/uploads\/2021\/01\/Mobile-Device-Management-for-Android-secure-and-control-your-Android-devices-1088x771.png 1088w, https:\/\/wizyemm.com\/wp-content\/uploads\/2021\/01\/Mobile-Device-Management-for-Android-secure-and-control-your-Android-devices-81x57.png 81w, https:\/\/wizyemm.com\/wp-content\/uploads\/2021\/01\/Mobile-Device-Management-for-Android-secure-and-control-your-Android-devices.png 1231w\" sizes=\"(max-width: 1024px) 100vw, 1024px\" \/><\/p>\n<\/div><\/div><\/div><\/div><div class=\"wpb_column vc_column_container vc_col-sm-6  col-xs-mobile-fullwidth\"><div class=\"vc_column-inner vc_custom_1614087533010\"><div class=\"wpb_wrapper\"><div class=\"last-paragraph-no-margin\"><h2 style=\"font-size: 30px!important; line-height: 40px!important; font-weight: 600!important; font-family: Montserrat!important; color: #232323!important;\">Seguridad m\u00f3vil y de datos<\/h2>\n<\/div><div class=\"last-paragraph-no-margin\"><p>El plan MDM gratuito de WizyEMM admite todas las pol\u00edticas de Android Enterprise (50+), c\u00f3mo por ejemplo evitar el restablecimiento de f\u00e1brica, deshabilitar la descarga de aplicaciones externas, deshabilitar la captura de pantalla, la c\u00e1mara, bluetooth, no permitir nuevas cuentas de usuario en el dispositivo, llamadas salientes \u2026<\/p>\n<p>Puede aplicar una contrase\u00f1a segura o un bloqueo de pantalla, bloquear, borrar o geolocalizar los dispositivos. Tambi\u00e9n puede configurar redes seguras. Certificados push \/ VPN \/ Proxy \/ EAP \/ TLS \/ TTLS Wifi con contrase\u00f1a.<\/p>\n<p>Sus dispositivos se beneficiar\u00e1n de la protecci\u00f3n contra malware gracias a Google Play Protect.<\/p>\n<\/div><\/div><\/div><\/div><\/section><div class=\"vc_row-full-width vc_clearfix\"><\/div><section data-vc-full-width=\"true\" data-vc-full-width-init=\"false\" data-vc-stretch-content=\"true\" class=\"vc_row wpb_row vc_row-fluid   pofo-stretch-content vc_row-o-equal-height vc_row-o-content-middle vc_row-flex\"><div class=\"wpb_column vc_column_container vc_col-sm-6  col-xs-mobile-fullwidth\"><div class=\"vc_column-inner vc_custom_1614087845621\"><div class=\"wpb_wrapper\"><div class=\"last-paragraph-no-margin\"><h2 style=\"font-size: 30px!important; line-height: 40px!important; font-weight: 600!important; font-family: Montserrat!important; color: #232323!important;\">Gesti\u00f3n de aplicaciones de Android<\/h2>\n<\/div><div class=\"last-paragraph-no-margin\"><p>Cargue o seleccione aplicaciones para administrar, actual\u00edce por aire, config\u00fare de forma remota, implemente versiones de aplicaciones con fines de prueba, distrib\u00faya nuevas aplicaciones de forma silenciosa y recupere los registros de aplicaciones con el canal de comentarios.<\/p>\n<p>Con nuestro plan MDM gratuito, implemente de forma segura su aplicaci\u00f3n empresarial en un Play Store privado que s\u00f3lo su empresa puede ver.<\/p>\n<\/div><\/div><\/div><\/div><div class=\"wpb_column vc_column_container vc_col-sm-6  col-xs-mobile-fullwidth\"><div class=\"vc_column-inner vc_custom_1614087835687\"><div class=\"wpb_wrapper\"><div class=\"last-paragraph-no-margin\"><p><img loading=\"lazy\" class=\"size-large wp-image-23691\" src=\"https:\/\/wizyemm.com\/wp-content\/uploads\/2020\/06\/private-app-1024x656.png\" alt=\"Android Mobile Application Management: Gesti\u00f3n de aplicaciones de Android\" width=\"1024\" height=\"656\" srcset=\"https:\/\/wizyemm.com\/wp-content\/uploads\/2020\/06\/private-app-1024x656.png 1024w, https:\/\/wizyemm.com\/wp-content\/uploads\/2020\/06\/private-app-300x192.png 300w, https:\/\/wizyemm.com\/wp-content\/uploads\/2020\/06\/private-app-768x492.png 768w, https:\/\/wizyemm.com\/wp-content\/uploads\/2020\/06\/private-app-1200x768.png 1200w, https:\/\/wizyemm.com\/wp-content\/uploads\/2020\/06\/private-app-81x52.png 81w, https:\/\/wizyemm.com\/wp-content\/uploads\/2020\/06\/private-app.png 1382w\" sizes=\"(max-width: 1024px) 100vw, 1024px\" \/><\/p>\n<\/div><\/div><\/div><\/div><\/section><div class=\"vc_row-full-width vc_clearfix\"><\/div><section data-vc-full-width=\"true\" data-vc-full-width-init=\"false\" data-vc-stretch-content=\"true\" class=\"vc_row wpb_row vc_row-fluid  vc_custom_1614088339852 vc_row-has-fill pofo-stretch-content\"><div class=\"wpb_column vc_column_container vc_col-sm-12  col-xs-mobile-fullwidth text-center md-text-center sm-text-center\"><div class=\"vc_column-inner \"><div class=\"wpb_wrapper\"><div class=\"vc_row wpb_row vc_inner vc_row-fluid  vc_custom_1614088282632\"><div class=\"wpb_column vc_column_container vc_col-sm-3  col-xs-mobile-fullwidth\"><div class=\"vc_column-inner \"><div class=\"wpb_wrapper\"><\/div><\/div><\/div><div class=\"wpb_column vc_column_container vc_col-sm-6  col-xs-mobile-fullwidth\"><div class=\"vc_column-inner \"><div class=\"wpb_wrapper\"><div class=\"last-paragraph-no-margin\"><h2 style=\"font-size: 30px!important; line-height: 40px!important; font-weight: 600!important; font-family: Montserrat!important; color: #232323!important;\">Ampl\u00ede cuando sea necesario<\/h2>\n<\/div><div class=\" vc_custom_1615545678901 last-paragraph-no-margin\"><p class=\"p1\">Comience con nuestro MDM gratuito de por vida para 2 dispositivos y ampl\u00ede sus licencias cuando necesite m\u00e1s dispositivos o funciones adicionales.<\/p>\n<\/div><a href=\"https:\/\/wizyemm.com\/pricing\/\" target=\"_self\" class=\"btn pofo-button-2 button-style5  btn-dark-gray btn-rounded  btn-small   vc_custom_1615545695460\" style=\"color:#ffffff!important;  border-color:#0080c8; \">COMPARE NUESTROS PLANES<\/a><\/div><\/div><\/div><div class=\"wpb_column vc_column_container vc_col-sm-3  col-xs-mobile-fullwidth\"><div class=\"vc_column-inner \"><div class=\"wpb_wrapper\"><\/div><\/div><\/div><\/div><\/div><\/div><\/div><\/section><div class=\"vc_row-full-width vc_clearfix\"><\/div>\n","protected":false},"excerpt":{"rendered":"Comienza ahora. GratisSoluci\u00f3n gratuita de gesti\u00f3n de dispositivos m\u00f3viles Android hasta 2 dispositivos Crea tu cuenta en minutos.Inscribe 2 dispositivos durante el tiempo que quieras.No se requiere tarjeta de cr\u00e9dito.EMM empresarial de Android simple y potente.A su servicio en todo el mundo, con oficinas en Par\u00eds, Singapur, Manila, India, M\u00e9xico y SydneyCOMIENZA GRATIS\u00bfCu\u00e1les son las funciones disponibles en la versi\u00f3n gratuita de WizyEMM? Obtenga una soluci\u00f3n MDM gratuita de Android completamente funcional con todas sus funciones integrales de administraci\u00f3n de dispositivos m\u00f3viles. \u00c9stas incluyen: Gesti\u00f3n sencilla de dispositivos m\u00f3viles AndroidConfiguraci\u00f3n y gesti\u00f3n de perfilesGesti\u00f3n de aplicaciones m\u00f3vilesGesti\u00f3n de seguridad m\u00f3vilGesti\u00f3n de actualizaciones de sistema operativo Geolocalizaci\u00f3n y geocercasInscripci\u00f3n por C\u00f3digo QR, NFC, Zero-TouchEnv\u00edo remoto de archivos al dispositivoBloqueo en modo kioscoGesti\u00f3n de flotasAlertas y notificacionesPol\u00edticas, restricciones de hardware y de red Seguridad m\u00f3vil y de datos El plan MDM gratuito de WizyEMM admite todas las pol\u00edticas de Android Enterprise (50+), c\u00f3mo por ejemplo evitar el restablecimiento de f\u00e1brica, deshabilitar la descarga de aplicaciones externas, deshabilitar la captura de pantalla, la c\u00e1mara, bluetooth, no permitir nuevas cuentas de usuario en el dispositivo, llamadas salientes \u2026 Puede aplicar una contrase\u00f1a segura o un bloqueo de pantalla, bloquear, borrar o geolocalizar los dispositivos....","protected":false},"author":1,"featured_media":25597,"parent":0,"menu_order":3,"comment_status":"closed","ping_status":"closed","template":"","meta":[],"yoast_head":"<!-- This site is optimized with the Yoast SEO plugin v18.6 - https:\/\/yoast.com\/wordpress\/plugins\/seo\/ -->\n<title>MDM gratuito de por vida para 2 dispositivos - WizyEMM<\/title>\n<meta name=\"robots\" content=\"index, follow, max-snippet:-1, max-image-preview:large, max-video-preview:-1\" \/>\n<link rel=\"canonical\" href=\"http:\/\/wizyemm.com\/es\/mdm-gratuito\/\" \/>\n<meta property=\"og:locale\" content=\"es_ES\" \/>\n<meta property=\"og:type\" content=\"article\" \/>\n<meta property=\"og:title\" content=\"MDM gratuito de por vida para 2 dispositivos - WizyEMM\" \/>\n<meta property=\"og:url\" content=\"http:\/\/wizyemm.com\/es\/mdm-gratuito\/\" \/>\n<meta property=\"og:site_name\" content=\"WizyEMM\" \/>\n<meta property=\"article:modified_time\" content=\"2022-04-27T14:58:00+00:00\" \/>\n<meta property=\"og:image\" content=\"https:\/\/wizyemm.com\/wp-content\/uploads\/2020\/08\/console.png\" \/>\n\t<meta property=\"og:image:width\" content=\"1300\" \/>\n\t<meta property=\"og:image:height\" content=\"800\" \/>\n\t<meta property=\"og:image:type\" content=\"image\/png\" \/>\n<meta name=\"twitter:card\" content=\"summary_large_image\" \/>\n<meta name=\"twitter:label1\" content=\"Tiempo de lectura\" \/>\n\t<meta name=\"twitter:data1\" content=\"6 minutos\" \/>\n<!-- \/ Yoast SEO plugin. -->","yoast_head_json":{"title":"MDM gratuito de por vida para 2 dispositivos - WizyEMM","robots":{"index":"index","follow":"follow","max-snippet":"max-snippet:-1","max-image-preview":"max-image-preview:large","max-video-preview":"max-video-preview:-1"},"canonical":"http:\/\/wizyemm.com\/es\/mdm-gratuito\/","og_locale":"es_ES","og_type":"article","og_title":"MDM gratuito de por vida para 2 dispositivos - WizyEMM","og_url":"http:\/\/wizyemm.com\/es\/mdm-gratuito\/","og_site_name":"WizyEMM","article_modified_time":"2022-04-27T14:58:00+00:00","og_image":[{"width":1300,"height":800,"url":"https:\/\/wizyemm.com\/wp-content\/uploads\/2020\/08\/console.png","type":"image\/png"}],"twitter_card":"summary_large_image","twitter_misc":{"Tiempo de lectura":"6 minutos"},"schema":{"@context":"https:\/\/schema.org","@graph":[{"@type":"Organization","@id":"https:\/\/wizyemm.com\/#organization","name":"WizyEMM","url":"https:\/\/wizyemm.com\/","sameAs":[],"logo":{"@type":"ImageObject","@id":"https:\/\/wizyemm.com\/#logo","inLanguage":"es","url":"https:\/\/wizyemm.com\/wp-content\/uploads\/2020\/05\/logo-3e43ae668112340d5106bf20c36af5bc.png","contentUrl":"https:\/\/wizyemm.com\/wp-content\/uploads\/2020\/05\/logo-3e43ae668112340d5106bf20c36af5bc.png","width":747,"height":125,"caption":"WizyEMM"},"image":{"@id":"https:\/\/wizyemm.com\/#logo"}},{"@type":"WebSite","@id":"https:\/\/wizyemm.com\/#website","url":"https:\/\/wizyemm.com\/","name":"WizyEMM","description":"Android Device Management for Frontline Workers","publisher":{"@id":"https:\/\/wizyemm.com\/#organization"},"potentialAction":[{"@type":"SearchAction","target":{"@type":"EntryPoint","urlTemplate":"https:\/\/wizyemm.com\/?s={search_term_string}"},"query-input":"required name=search_term_string"}],"inLanguage":"es"},{"@type":"ImageObject","@id":"http:\/\/wizyemm.com\/es\/mdm-gratuito\/#primaryimage","inLanguage":"es","url":"https:\/\/wizyemm.com\/wp-content\/uploads\/2020\/08\/console.png","contentUrl":"https:\/\/wizyemm.com\/wp-content\/uploads\/2020\/08\/console.png","width":1300,"height":800,"caption":"Android MDM - WizyEMM Console"},{"@type":"WebPage","@id":"http:\/\/wizyemm.com\/es\/mdm-gratuito\/#webpage","url":"http:\/\/wizyemm.com\/es\/mdm-gratuito\/","name":"MDM gratuito de por vida para 2 dispositivos - WizyEMM","isPartOf":{"@id":"https:\/\/wizyemm.com\/#website"},"primaryImageOfPage":{"@id":"http:\/\/wizyemm.com\/es\/mdm-gratuito\/#primaryimage"},"datePublished":"2017-08-08T10:08:29+00:00","dateModified":"2022-04-27T14:58:00+00:00","breadcrumb":{"@id":"http:\/\/wizyemm.com\/es\/mdm-gratuito\/#breadcrumb"},"inLanguage":"es","potentialAction":[{"@type":"ReadAction","target":["http:\/\/wizyemm.com\/es\/mdm-gratuito\/"]}]},{"@type":"BreadcrumbList","@id":"http:\/\/wizyemm.com\/es\/mdm-gratuito\/#breadcrumb","itemListElement":[{"@type":"ListItem","position":1,"name":"Accueil","item":"https:\/\/wizyemm.com\/es\/"},{"@type":"ListItem","position":2,"name":"MDM gratuito de por vida para 2 dispositivos"}]}]}},"_links":{"self":[{"href":"https:\/\/wizyemm.com\/es\/wp-json\/wp\/v2\/pages\/25719"}],"collection":[{"href":"https:\/\/wizyemm.com\/es\/wp-json\/wp\/v2\/pages"}],"about":[{"href":"https:\/\/wizyemm.com\/es\/wp-json\/wp\/v2\/types\/page"}],"author":[{"embeddable":true,"href":"https:\/\/wizyemm.com\/es\/wp-json\/wp\/v2\/users\/1"}],"replies":[{"embeddable":true,"href":"https:\/\/wizyemm.com\/es\/wp-json\/wp\/v2\/comments?post=25719"}],"version-history":[{"count":3,"href":"https:\/\/wizyemm.com\/es\/wp-json\/wp\/v2\/pages\/25719\/revisions"}],"predecessor-version":[{"id":25722,"href":"https:\/\/wizyemm.com\/es\/wp-json\/wp\/v2\/pages\/25719\/revisions\/25722"}],"wp:featuredmedia":[{"embeddable":true,"href":"https:\/\/wizyemm.com\/es\/wp-json\/wp\/v2\/media\/25597"}],"wp:attachment":[{"href":"https:\/\/wizyemm.com\/es\/wp-json\/wp\/v2\/media?parent=25719"}],"curies":[{"name":"wp","href":"https:\/\/api.w.org\/{rel}","templated":true}]}}