{"id":25774,"date":"2020-05-13T14:50:10","date_gmt":"2020-05-13T14:50:10","guid":{"rendered":"https:\/\/wizyemm.com\/become-a-partner\/"},"modified":"2022-04-27T14:58:01","modified_gmt":"2022-04-27T14:58:01","slug":"become-a-partner","status":"publish","type":"page","link":"http:\/\/wizyemm.com\/es\/conviertase-en-nuestro-socio\/","title":{"rendered":"Convi\u00e9rtase en nuestro socio"},"content":{"rendered":"<section data-vc-full-width=\"true\" data-vc-full-width-init=\"false\" data-vc-stretch-content=\"true\" class=\"vc_row wpb_row vc_row-fluid  vc_custom_1593501953729 bg-position-center-center vc_row-has-fill pofo-stretch-content vc_row-no-padding\"><div class=\"wpb_column vc_column_container vc_col-has-fill vc_col-sm-6 vc_col-lg-6 vc_col-md-12 vc_col-xs-12 wow fadeInLeft pofo-column-responsive-69d4b9e1818bb\"><div class=\"vc_column-inner vc_custom_1609860631896\"><div class=\"wpb_wrapper\"><h2 class=\"text-extra-dark-gray margin-20px-bottom font-weight-600 display-inline-block alt-font heading-style2  heading-1\"  style=\"font-size: 36px; line-height: 40px; font-weight: 500; color: #000000;\" data-fontsize=\"36px\" data-lineheight=\"40px\">Mentalidad \u00e1gil para ayudar a nuestros socios a innovar con mejores m\u00e1rgenes<\/h2><div class=\" vc_custom_1615562406392 last-paragraph-no-margin\"><p><strong>Modelos de negocio flexibles para estrategias modernas de comercializaci\u00f3n<\/strong><\/p>\n<\/div><div class=\"vc_row wpb_row vc_inner vc_row-fluid\"><div class=\"wpb_column vc_column_container vc_col-sm-12  col-xs-mobile-fullwidth\"><div class=\"vc_column-inner vc_custom_1592512562396\"><div class=\"wpb_wrapper\"><a  href=\"#Contact-Form\" target=\"_self\" class=\"btn HomeButton pofo-button-1 button-style5  btn-dark-gray btn-rounded  btn-small   vc_custom_1615562440826\"  style=\"color:#000000;  border-color:#00e788; \">REGISTRARSE&#8239;COMO&#8239;SOCIO<\/a><a href=\"https:\/\/wizyemm-partners.appspot.com\/partner-admin\/login\" target=\"_blank\" class=\"btn HomeButton pofo-button-2 button-style5  btn-dark-gray btn-rounded  btn-small   vc_custom_1615562466857\" style=\"color:#ffffff;  border-color:#0080c8; \" rel=\"noopener\"> ACCESO&#8239;A&#8239;SOCIOS<\/a><\/div><\/div><\/div><\/div><\/div><\/div><\/div><div class=\"wpb_column vc_column_container vc_col-sm-6  col-xs-mobile-fullwidth\"><div class=\"vc_column-inner \"><div class=\"wpb_wrapper\"><\/div><\/div><\/div><\/section><div class=\"vc_row-full-width vc_clearfix\"><\/div><section data-vc-full-width=\"true\" data-vc-full-width-init=\"false\" class=\"vc_row wpb_row vc_row-fluid  vc_custom_1590650542950 wow fadeIn pofo-stretch-content pofo-stretch-row-container vc_row-o-equal-height vc_row-o-content-middle vc_row-flex\"><div class=\"wpb_column vc_column_container vc_col-sm-12 vc_col-lg-5 vc_col-md-6 vc_col-xs-12 wow fadeInLeft pofo-column-responsive-69d4b9e181c9c\"><div class=\"vc_column-inner \"><div class=\"wpb_wrapper\"><h2 class=\"text-extra-dark-gray margin-20px-bottom font-weight-600 display-inline-block alt-font heading-style2 pofo-button-responsive-69d4b9e181d4f  heading-2\"  style=\"font-size: 36px; line-height: 40px; font-weight: 600;\" data-fontsize=\"36px\" data-lineheight=\"40px\">Consola de autoservicio para socios<\/h2><div class=\" vc_custom_1615562500126 last-paragraph-no-margin\" style=\"color: #0080c8;\"><p><strong>\u00bfEst\u00e1s cansado de perder tiempo y dinero con el proceso habitual de gesti\u00f3n y solicitud de licencias?\u00a0<\/strong><\/p>\n<\/div><div class=\" vc_custom_1615562511481 last-paragraph-no-margin\"><p>WizyEMM ha desarrollado una consola web de autoservicio para facilitar la vida de nuestros socios distribuidores.<\/p>\n<\/div><ul class=\"no-padding list-style-4 list-style4-1 \"><li>Precios de canal competitivos<\/li><li>Disfrute de una cuenta de prueba gratuita de 2 dispositivos para cada cliente<\/li><li>Cree nuevos clientes en segundos<\/li><li>Seleccione su modo de facturaci\u00f3n: mensual, anual, de por vida<\/li><li>Active licencias con un solo clic<\/li><li>Obtenga una factura mensual con el detalle por cliente<\/li><\/ul><\/div><\/div><\/div><div class=\"wpb_column vc_column_container vc_col-sm-12 vc_col-lg-7 vc_col-md-6 vc_col-xs-12 wow fadeInRight text-center\"><div class=\"vc_column-inner \"><div class=\"wpb_wrapper\">[vc_single_image image=&#8221;25775&#8243; img_size=&#8221;full&#8221; alignment=&#8221;center&#8221;]<\/div><\/div><\/div><\/section><div class=\"vc_row-full-width vc_clearfix\"><\/div><section data-vc-full-width=\"true\" data-vc-full-width-init=\"false\" class=\"vc_row wpb_row vc_row-fluid  vc_custom_1590651688895 wow fadeIn vc_row-has-fill pofo-stretch-content pofo-stretch-row-container vc_row-o-equal-height vc_row-o-content-middle vc_row-flex\"><div class=\"wpb_column vc_column_container vc_col-sm-12 vc_col-lg-7 vc_col-md-6 vc_col-xs-12 wow fadeInLeft text-center\"><div class=\"vc_column-inner \"><div class=\"wpb_wrapper\">[vc_single_image image=&#8221;25778&#8243; img_size=&#8221;full&#8221; alignment=&#8221;center&#8221;]<\/div><\/div><\/div><div class=\"wpb_column vc_column_container vc_col-sm-12 vc_col-lg-5 vc_col-md-6 col-xs-mobile-fullwidth wow fadeInRight\"><div class=\"vc_column-inner vc_custom_1590651915176\"><div class=\"wpb_wrapper\"><h2 class=\"text-extra-dark-gray margin-20px-bottom font-weight-600 display-inline-block alt-font heading-style2 pofo-button-responsive-69d4b9e181f56  heading-3\"  style=\"font-size: 36px; line-height: 40px; font-weight: 600; color: #ffffff;\" data-fontsize=\"36px\" data-lineheight=\"40px\">Rest APIs para potenciar aplicaciones de terceros<\/h2><div class=\" vc_custom_1615562618797 last-paragraph-no-margin\" style=\"color: #ffffff;\"><p><span style=\"font-weight: 500;\">\u00bfEst\u00e1 frustrado por el trabajo necesario para conectar sus EMM existentes con sus aplicaciones comerciales?<\/span><\/p>\n<\/div><div class=\" vc_custom_1615562630315 last-paragraph-no-margin\" style=\"color: #f2f2f2;\"><p>Proporcionamos a los socios APIs REST para una integraci\u00f3n perfecta.<\/p>\n<\/div><ul class=\"no-padding list-style-4 list-style4-2 \" style=\"color: #f2f2f2;\"><li>Inscriba nuevos dispositivos<\/li><li>Reciba notificaciones en tiempo real sobre las inscripciones<\/li><li>Actualice los perfiles del dispositivo<\/li><li>Env\u00ede comandos a dispositivos<\/li><li>Administre las aplicaciones del dispositivo<\/li><li>Versi\u00f3n de marca blanca disponible<\/li><\/ul><\/div><\/div><\/div><\/section><div class=\"vc_row-full-width vc_clearfix\"><\/div><section data-vc-full-width=\"true\" data-vc-full-width-init=\"false\" class=\"vc_row wpb_row vc_row-fluid  vc_custom_1590650542950 wow fadeIn pofo-stretch-content pofo-stretch-row-container vc_row-o-equal-height vc_row-o-content-middle vc_row-flex\"><div class=\"wpb_column vc_column_container vc_col-sm-12 vc_col-lg-5 vc_col-md-6 vc_col-xs-12 wow fadeInLeft pofo-column-responsive-69d4b9e18206e\"><div class=\"vc_column-inner \"><div class=\"wpb_wrapper\"><h2 class=\"text-extra-dark-gray margin-20px-bottom font-weight-600 display-inline-block alt-font heading-style2 pofo-button-responsive-69d4b9e182140  heading-4\"  style=\"font-size: 36px; line-height: 40px; font-weight: 600;\" data-fontsize=\"36px\" data-lineheight=\"40px\">Acceso al repositorio de WizyEMM BigData para potenciar los paneles de control<\/h2><div class=\" vc_custom_1615562708265 last-paragraph-no-margin\" style=\"color: #0080c8;\"><p><strong>\u00bfFaltan datos para proporcionar informaci\u00f3n \u00fatil para sus clientes?<\/strong><\/p>\n<\/div><div class=\" vc_custom_1615562719769 last-paragraph-no-margin\"><p>Brindamos a socios seleccionados acceso a nuestro conjunto de Big Data impulsado por Big Query de Google Cloud.<\/p>\n<\/div><ul class=\"no-padding list-style-4 list-style4-3 \"><li>Datos completos del ciclo de vida del dispositivo<\/li><li>Historial de geolocalizaci\u00f3n<\/li><li>Cronograma de implementaci\u00f3n del dispositivo<\/li><li>Historial de todos los registros y acciones de la consola<\/li><li>Datos espec\u00edficos del dispositivo para fabricantes que proporcionan conectores (Zebra, Samsung, etc.)<\/li><li>Datos espec\u00edficos de la aplicaci\u00f3n recopilados a trav\u00e9s del canal de feedbacks de Android<\/li><\/ul><\/div><\/div><\/div><div class=\"wpb_column vc_column_container vc_col-sm-12 vc_col-lg-7 vc_col-md-6 vc_col-xs-12 wow fadeInRight text-center\"><div class=\"vc_column-inner vc_custom_1609860815058\"><div class=\"wpb_wrapper\">[vc_single_image image=&#8221;25779&#8243; img_size=&#8221;large&#8221; css_animation=&#8221;fadeInRight&#8221;]<\/div><\/div><\/div><\/section><div class=\"vc_row-full-width vc_clearfix\"><\/div><section id=\"Contact-Form\" data-vc-full-width=\"true\" data-vc-full-width-init=\"false\" data-vc-stretch-content=\"true\" class=\"vc_row wpb_row vc_row-fluid  vc_custom_1590738426077 vc_row-has-fill pofo-stretch-content\"><div class=\"wpb_column vc_column_container  col-xs-mobile-fullwidth\"><div class=\"vc_column-inner vc_custom_1592549424641\"><div class=\"wpb_wrapper\"><h2 id=\"Contact-Form\" class=\"text-extra-dark-gray margin-20px-bottom font-weight-600 display-inline-block alt-font heading-style2  vc_custom_1615562826002 pofo-button-responsive-69d4b9e18238f  heading-5\"  style=\"font-size: 36px; line-height: 40px; font-weight: 500; color: #ffffff;\" data-fontsize=\"36px\" data-lineheight=\"40px\">\u00bfQuieres ser nuestro socio?<\/h2>[vc_raw_html]JTNDc2NyaXB0JTIwY2hhcnNldCUzRCUyMnV0Zi04JTIyJTIwdHlwZSUzRCUyMnRleHQlMkZqYXZhc2NyaXB0JTIyJTIwc3JjJTNEJTIyJTJGJTJGanMuaHNmb3Jtcy5uZXQlMkZmb3JtcyUyRnNoZWxsLmpzJTIyJTNFJTNDJTJGc2NyaXB0JTNFJTBBJTNDc2NyaXB0JTNFJTBBJTIwJTIwaGJzcHQuZm9ybXMuY3JlYXRlJTI4JTdCJTBBJTA5cmVnaW9uJTNBJTIwJTIybmExJTIyJTJDJTBBJTA5cG9ydGFsSWQlM0ElMjAlMjI1MzM3Nzk0JTIyJTJDJTBBJTA5Zm9ybUlkJTNBJTIwJTIyOTI3Nzc0ZWQtZjUyNi00NGI1LWExMzItN2FmNjliMjRhYmIyJTIyJTBBJTdEJTI5JTNCJTBBJTNDJTJGc2NyaXB0JTNF[\/vc_raw_html]<div class=\" vc_custom_1615562788406 last-paragraph-no-margin\" style=\"color: #ffffff;\"><p>O cont\u00e1ctenos por correo:\u00a0<span style=\"color: #ffffff; font-weight: 500;\"><a href=\"mailto:japac@wizyemm.com\">japac@wizyemm.com<\/a>\u00a0<\/span> \/ <span style=\"color: #ffffff; font-weight: 500;\"><a href=\"mailto:emea@wizyemm.com\">emea@wizyemm.com<\/a><\/span> \/ <span style=\"color: #ffffff; font-weight: 500;\"><a href=\"mailto:america@wizyemm.com\">america@wizyemm.com<\/a><\/span><\/p>\n<\/div><\/div><\/div><\/div><\/section><div class=\"vc_row-full-width vc_clearfix\"><\/div>\n","protected":false},"excerpt":{"rendered":"Mentalidad \u00e1gil para ayudar a nuestros socios a innovar con mejores m\u00e1rgenesModelos de negocio flexibles para estrategias modernas de comercializaci\u00f3n REGISTRARSE&#8239;COMO&#8239;SOCIO ACCESO&#8239;A&#8239;SOCIOSConsola de autoservicio para socios\u00bfEst\u00e1s cansado de perder tiempo y dinero con el proceso habitual de gesti\u00f3n y solicitud de licencias?\u00a0 WizyEMM ha desarrollado una consola web de autoservicio para facilitar la vida de nuestros socios distribuidores. Precios de canal competitivosDisfrute de una cuenta de prueba gratuita de 2 dispositivos para cada clienteCree nuevos clientes en segundosSeleccione su modo de facturaci\u00f3n: mensual, anual, de por vidaActive licencias con un solo clicObtenga una factura mensual con el detalle por cliente[vc_single_image image=\"25775\" img_size=\"full\" alignment=\"center\"][vc_single_image image=\"25778\" img_size=\"full\" alignment=\"center\"]Rest APIs para potenciar aplicaciones de terceros\u00bfEst\u00e1 frustrado por el trabajo necesario para conectar sus EMM existentes con sus aplicaciones comerciales? Proporcionamos a los socios APIs REST para una integraci\u00f3n perfecta. Inscriba nuevos dispositivosReciba notificaciones en tiempo real sobre las inscripcionesActualice los perfiles del dispositivoEnv\u00ede comandos a dispositivosAdministre las aplicaciones del dispositivoVersi\u00f3n de marca blanca disponibleAcceso al repositorio de WizyEMM BigData para potenciar los paneles de control\u00bfFaltan datos para proporcionar informaci\u00f3n \u00fatil para sus clientes? Brindamos a socios seleccionados acceso a nuestro conjunto de Big Data impulsado por Big Query de Google Cloud. Datos completos...","protected":false},"author":1,"featured_media":25776,"parent":0,"menu_order":9,"comment_status":"closed","ping_status":"closed","template":"","meta":[],"yoast_head":"<!-- This site is optimized with the Yoast SEO plugin v18.6 - https:\/\/yoast.com\/wordpress\/plugins\/seo\/ -->\n<title>Convi\u00e9rtase en nuestro socio - WizyEMM<\/title>\n<meta name=\"robots\" content=\"index, follow, max-snippet:-1, max-image-preview:large, max-video-preview:-1\" \/>\n<link rel=\"canonical\" href=\"http:\/\/wizyemm.com\/es\/conviertase-en-nuestro-socio\/\" \/>\n<meta property=\"og:locale\" content=\"es_ES\" \/>\n<meta property=\"og:type\" content=\"article\" \/>\n<meta property=\"og:title\" content=\"Convi\u00e9rtase en nuestro socio - WizyEMM\" \/>\n<meta property=\"og:url\" content=\"http:\/\/wizyemm.com\/es\/conviertase-en-nuestro-socio\/\" \/>\n<meta property=\"og:site_name\" content=\"WizyEMM\" \/>\n<meta property=\"article:modified_time\" content=\"2022-04-27T14:58:01+00:00\" \/>\n<meta property=\"og:image\" content=\"https:\/\/wizyemm.com\/wp-content\/uploads\/2020\/05\/zakaria-zayane-Tbbmir_raiQ-unsplash-1.jpg\" \/>\n\t<meta property=\"og:image:width\" content=\"1920\" \/>\n\t<meta property=\"og:image:height\" content=\"1281\" \/>\n\t<meta property=\"og:image:type\" content=\"image\/jpeg\" \/>\n<meta name=\"twitter:card\" content=\"summary_large_image\" \/>\n<meta name=\"twitter:label1\" content=\"Tiempo de lectura\" \/>\n\t<meta name=\"twitter:data1\" content=\"7 minutos\" \/>\n<!-- \/ Yoast SEO plugin. -->","yoast_head_json":{"title":"Convi\u00e9rtase en nuestro socio - WizyEMM","robots":{"index":"index","follow":"follow","max-snippet":"max-snippet:-1","max-image-preview":"max-image-preview:large","max-video-preview":"max-video-preview:-1"},"canonical":"http:\/\/wizyemm.com\/es\/conviertase-en-nuestro-socio\/","og_locale":"es_ES","og_type":"article","og_title":"Convi\u00e9rtase en nuestro socio - WizyEMM","og_url":"http:\/\/wizyemm.com\/es\/conviertase-en-nuestro-socio\/","og_site_name":"WizyEMM","article_modified_time":"2022-04-27T14:58:01+00:00","og_image":[{"width":1920,"height":1281,"url":"https:\/\/wizyemm.com\/wp-content\/uploads\/2020\/05\/zakaria-zayane-Tbbmir_raiQ-unsplash-1.jpg","type":"image\/jpeg"}],"twitter_card":"summary_large_image","twitter_misc":{"Tiempo de lectura":"7 minutos"},"schema":{"@context":"https:\/\/schema.org","@graph":[{"@type":"Organization","@id":"https:\/\/wizyemm.com\/fr\/#organization","name":"WizyEMM","url":"https:\/\/wizyemm.com\/fr\/","sameAs":[],"logo":{"@type":"ImageObject","@id":"https:\/\/wizyemm.com\/fr\/#logo","inLanguage":"es","url":"https:\/\/wizyemm.com\/wp-content\/uploads\/2020\/05\/logo-3e43ae668112340d5106bf20c36af5bc.png","contentUrl":"https:\/\/wizyemm.com\/wp-content\/uploads\/2020\/05\/logo-3e43ae668112340d5106bf20c36af5bc.png","width":747,"height":125,"caption":"WizyEMM"},"image":{"@id":"https:\/\/wizyemm.com\/fr\/#logo"}},{"@type":"WebSite","@id":"https:\/\/wizyemm.com\/fr\/#website","url":"https:\/\/wizyemm.com\/fr\/","name":"WizyEMM","description":"Android Device Management for Frontline Workers","publisher":{"@id":"https:\/\/wizyemm.com\/fr\/#organization"},"potentialAction":[{"@type":"SearchAction","target":{"@type":"EntryPoint","urlTemplate":"https:\/\/wizyemm.com\/fr\/?s={search_term_string}"},"query-input":"required name=search_term_string"}],"inLanguage":"es"},{"@type":"ImageObject","@id":"http:\/\/wizyemm.com\/es\/conviertase-en-nuestro-socio\/#primaryimage","inLanguage":"es","url":"https:\/\/wizyemm.com\/wp-content\/uploads\/2020\/05\/zakaria-zayane-Tbbmir_raiQ-unsplash-1.jpg","contentUrl":"https:\/\/wizyemm.com\/wp-content\/uploads\/2020\/05\/zakaria-zayane-Tbbmir_raiQ-unsplash-1.jpg","width":1920,"height":1281,"caption":"Become a WizyEMM partner"},{"@type":"WebPage","@id":"http:\/\/wizyemm.com\/es\/conviertase-en-nuestro-socio\/#webpage","url":"http:\/\/wizyemm.com\/es\/conviertase-en-nuestro-socio\/","name":"Convi\u00e9rtase en nuestro socio - WizyEMM","isPartOf":{"@id":"https:\/\/wizyemm.com\/fr\/#website"},"primaryImageOfPage":{"@id":"http:\/\/wizyemm.com\/es\/conviertase-en-nuestro-socio\/#primaryimage"},"datePublished":"2020-05-13T14:50:10+00:00","dateModified":"2022-04-27T14:58:01+00:00","breadcrumb":{"@id":"http:\/\/wizyemm.com\/es\/conviertase-en-nuestro-socio\/#breadcrumb"},"inLanguage":"es","potentialAction":[{"@type":"ReadAction","target":["http:\/\/wizyemm.com\/es\/conviertase-en-nuestro-socio\/"]}]},{"@type":"BreadcrumbList","@id":"http:\/\/wizyemm.com\/es\/conviertase-en-nuestro-socio\/#breadcrumb","itemListElement":[{"@type":"ListItem","position":1,"name":"Accueil","item":"https:\/\/wizyemm.com\/es\/"},{"@type":"ListItem","position":2,"name":"Convi\u00e9rtase en nuestro socio"}]}]}},"_links":{"self":[{"href":"https:\/\/wizyemm.com\/es\/wp-json\/wp\/v2\/pages\/25774"}],"collection":[{"href":"https:\/\/wizyemm.com\/es\/wp-json\/wp\/v2\/pages"}],"about":[{"href":"https:\/\/wizyemm.com\/es\/wp-json\/wp\/v2\/types\/page"}],"author":[{"embeddable":true,"href":"https:\/\/wizyemm.com\/es\/wp-json\/wp\/v2\/users\/1"}],"replies":[{"embeddable":true,"href":"https:\/\/wizyemm.com\/es\/wp-json\/wp\/v2\/comments?post=25774"}],"version-history":[{"count":6,"href":"https:\/\/wizyemm.com\/es\/wp-json\/wp\/v2\/pages\/25774\/revisions"}],"predecessor-version":[{"id":25784,"href":"https:\/\/wizyemm.com\/es\/wp-json\/wp\/v2\/pages\/25774\/revisions\/25784"}],"wp:featuredmedia":[{"embeddable":true,"href":"https:\/\/wizyemm.com\/es\/wp-json\/wp\/v2\/media\/25776"}],"wp:attachment":[{"href":"https:\/\/wizyemm.com\/es\/wp-json\/wp\/v2\/media?parent=25774"}],"curies":[{"name":"wp","href":"https:\/\/api.w.org\/{rel}","templated":true}]}}