{"id":26515,"date":"2021-10-29T09:59:06","date_gmt":"2021-10-29T09:59:06","guid":{"rendered":"https:\/\/wizyemm.com\/white-label\/"},"modified":"2022-04-27T14:58:01","modified_gmt":"2022-04-27T14:58:01","slug":"white-label","status":"publish","type":"page","link":"http:\/\/wizyemm.com\/es\/marca-blanca\/","title":{"rendered":"Marca Blanca"},"content":{"rendered":"<section id=\"standard\" data-vc-full-width=\"true\" data-vc-full-width-init=\"false\" data-vc-stretch-content=\"true\" class=\"vc_row wpb_row vc_row-fluid  vc_custom_1592474407363 pofo-stretch-content vc_row-no-padding vc_row-o-equal-height vc_row-o-content-middle vc_row-flex\"><div class=\"wpb_column vc_column_container vc_col-sm-6  col-xs-mobile-fullwidth wow fadeInLeft\"><div class=\"vc_column-inner \"><div class=\"wpb_wrapper\"><div class=\"vc_row wpb_row vc_inner vc_row-fluid   vc_row-o-equal-height vc_row-o-content-middle vc_row-flex\"><div class=\"wpb_column vc_column_container vc_col-sm-12 vc_col-xs-12\"><div class=\"vc_column-inner \"><div class=\"wpb_wrapper\">[vc_single_image image=&#8221;26535&#8243; img_size=&#8221;full&#8221; alignment=&#8221;center&#8221;]<\/div><\/div><\/div><\/div><\/div><\/div><\/div><div class=\"wpb_column vc_column_container vc_col-sm-6 vc_col-xs-12 wow fadeInRight pofo-column-responsive-69efc26dc8aa0\"><div class=\"vc_column-inner vc_custom_1635493429176\"><div class=\"wpb_wrapper\"><div class=\"vc_row wpb_row vc_inner vc_row-fluid  vc_custom_1591174793767\"><div class=\"wpb_column vc_column_container vc_col-sm-12  col-xs-mobile-fullwidth\"><div class=\"vc_column-inner vc_custom_1591175138684\"><div class=\"wpb_wrapper\"><h2 class=\"text-extra-dark-gray margin-20px-bottom font-weight-600 display-inline-block alt-font heading-style2  vc_custom_1635502427671  heading-1\"  style=\"font-size: 32px; line-height: 40px; font-weight: 500;\" data-fontsize=\"32px\" data-lineheight=\"40px\">Cree su propio EMM<\/h2><\/div><\/div><\/div><\/div><div class=\"last-paragraph-no-margin\"><p><span style=\"font-weight: 400;\">Creamos la plataforma WizyEMM con 3 principios b\u00e1sicos en mente:<\/span><\/p>\n<ul>\n<li style=\"font-weight: 400;\" aria-level=\"1\"><span style=\"font-weight: 400;\">Aprovechar las herramientas y las \u00faltimas innovaciones disponibles en Android Enterprise<\/span><\/li>\n<li style=\"font-weight: 400;\" aria-level=\"1\"><span style=\"font-weight: 400;\">Conectar el poder de Google Cloud para permitir el crecimiento instant\u00e1neo y la escalabilidad para los clientes finales, el procesamiento de datos complejos y la provisi\u00f3n de paneles de control y reportes anal\u00edticos bajo demanda.<\/span><\/li>\n<li style=\"font-weight: 400;\" aria-level=\"1\"><span style=\"font-weight: 400;\">Dise\u00f1ar una soluci\u00f3n MDM flexible y modular en cuanto a apariencia, facturaci\u00f3n e implementaci\u00f3n.<\/span><\/li>\n<\/ul>\n<p>&nbsp;<\/p>\n<p><span style=\"font-weight: 400;\">Estos 3 elementos significan que tenemos la capacidad de crear un EMM personalizado basado en la API de administraci\u00f3n de Android para cualquier empresa, operador, distribuidor o cliente final en cuesti\u00f3n de semanas.<\/span><\/p>\n<p><span style=\"font-weight: 400;\">Comprar o construir es siempre una gran decisi\u00f3n estrat\u00e9gica.<\/span><\/p>\n<p><span style=\"font-weight: 400;\">Eliminamos la complejidad, el tiempo y la carga de recursos y el costo de crear un EMM desde cero.<\/span><\/p>\n<\/div><\/div><\/div><\/div><\/section><div class=\"vc_row-full-width vc_clearfix\"><\/div><section id=\"standard\" data-vc-full-width=\"true\" data-vc-full-width-init=\"false\" data-vc-stretch-content=\"true\" class=\"vc_row wpb_row vc_row-fluid  vc_custom_1635493787544 pofo-stretch-content vc_row-no-padding vc_row-o-equal-height vc_row-o-content-middle vc_row-flex\"><div class=\"wpb_column vc_column_container vc_col-sm-6  col-xs-mobile-fullwidth wow fadeInLeft\"><div class=\"vc_column-inner \"><div class=\"wpb_wrapper\"><div class=\"vc_row wpb_row vc_inner vc_row-fluid  vc_custom_1635493908783 vc_row-has-fill vc_row-o-content-middle vc_row-flex\"><div class=\"wpb_column vc_column_container vc_col-sm-12  col-xs-mobile-fullwidth text-center md-text-center sm-text-center xs-text-center\"><div class=\"vc_column-inner \"><div class=\"wpb_wrapper\"><span class=\"text-extra-large margin-25px-bottom display-inline-block alt-font heading-style3  vc_custom_1635502489118  heading-2\"  style=\"font-weight: 600;\">Antes de tomar esa decisi\u00f3n, venga y hable con nosotros.<\/span><a  href=\"https:\/\/wizyemm.com\/es\/contacto\/\" target=\"_self\" class=\"btn btn pofo-button-2 button-style5 btn-dark-gray btn-rounded vc_custom_1593158040470 pofo-button-1 display-inline-block md-display-inline-block sm-display-inline-block xs-display-inline-block button-style5  btn-dark-gray btn-rounded  btn-medium   vc_custom_1635502608540\"  style=\"color:#ffffff;  border-color:#0080c8; \">Conecte con WizyEMM<\/a><\/div><\/div><\/div><\/div><\/div><\/div><\/div><div class=\"wpb_column vc_column_container vc_col-sm-6 vc_col-xs-12 wow fadeInRight pofo-column-responsive-69efc26dc9033\"><div class=\"vc_column-inner vc_custom_1635493896441\"><div class=\"wpb_wrapper\">[vc_single_image image=&#8221;26538&#8243; img_size=&#8221;full&#8221; alignment=&#8221;center&#8221;]<\/div><\/div><\/div><\/section><div class=\"vc_row-full-width vc_clearfix\"><\/div>\n","protected":false},"excerpt":{"rendered":"[vc_single_image image=\"26535\" img_size=\"full\" alignment=\"center\"]Cree su propio EMMCreamos la plataforma WizyEMM con 3 principios b\u00e1sicos en mente: Aprovechar las herramientas y las \u00faltimas innovaciones disponibles en Android Enterprise Conectar el poder de Google Cloud para permitir el crecimiento instant\u00e1neo y la escalabilidad para los clientes finales, el procesamiento de datos complejos y la provisi\u00f3n de paneles de control y reportes anal\u00edticos bajo demanda. Dise\u00f1ar una soluci\u00f3n MDM flexible y modular en cuanto a apariencia, facturaci\u00f3n e implementaci\u00f3n. &nbsp; Estos 3 elementos significan que tenemos la capacidad de crear un EMM personalizado basado en la API de administraci\u00f3n de Android para cualquier empresa, operador, distribuidor o cliente final en cuesti\u00f3n de semanas. Comprar o construir es siempre una gran decisi\u00f3n estrat\u00e9gica. Eliminamos la complejidad, el tiempo y la carga de recursos y el costo de crear un EMM desde cero. Antes de tomar esa decisi\u00f3n, venga y hable con nosotros.Conecte con WizyEMM[vc_single_image image=\"26538\" img_size=\"full\" alignment=\"center\"]","protected":false},"author":1,"featured_media":0,"parent":0,"menu_order":6,"comment_status":"closed","ping_status":"closed","template":"","meta":[],"yoast_head":"<!-- This site is optimized with the Yoast SEO plugin v18.6 - https:\/\/yoast.com\/wordpress\/plugins\/seo\/ -->\n<title>Marca Blanca - WizyEMM<\/title>\n<meta name=\"robots\" content=\"index, follow, max-snippet:-1, max-image-preview:large, max-video-preview:-1\" \/>\n<link rel=\"canonical\" href=\"http:\/\/wizyemm.com\/es\/marca-blanca\/\" \/>\n<meta property=\"og:locale\" content=\"es_ES\" \/>\n<meta property=\"og:type\" content=\"article\" \/>\n<meta property=\"og:title\" content=\"Marca Blanca - WizyEMM\" \/>\n<meta property=\"og:url\" content=\"http:\/\/wizyemm.com\/es\/marca-blanca\/\" \/>\n<meta property=\"og:site_name\" content=\"WizyEMM\" \/>\n<meta property=\"article:modified_time\" content=\"2022-04-27T14:58:01+00:00\" \/>\n<meta name=\"twitter:card\" content=\"summary_large_image\" \/>\n<meta name=\"twitter:label1\" content=\"Tiempo de lectura\" \/>\n\t<meta name=\"twitter:data1\" content=\"3 minutos\" \/>\n<!-- \/ Yoast SEO plugin. -->","yoast_head_json":{"title":"Marca Blanca - WizyEMM","robots":{"index":"index","follow":"follow","max-snippet":"max-snippet:-1","max-image-preview":"max-image-preview:large","max-video-preview":"max-video-preview:-1"},"canonical":"http:\/\/wizyemm.com\/es\/marca-blanca\/","og_locale":"es_ES","og_type":"article","og_title":"Marca Blanca - WizyEMM","og_url":"http:\/\/wizyemm.com\/es\/marca-blanca\/","og_site_name":"WizyEMM","article_modified_time":"2022-04-27T14:58:01+00:00","twitter_card":"summary_large_image","twitter_misc":{"Tiempo de lectura":"3 minutos"},"schema":{"@context":"https:\/\/schema.org","@graph":[{"@type":"Organization","@id":"https:\/\/wizyemm.com\/#organization","name":"WizyEMM","url":"https:\/\/wizyemm.com\/","sameAs":[],"logo":{"@type":"ImageObject","@id":"https:\/\/wizyemm.com\/#logo","inLanguage":"es","url":"https:\/\/wizyemm.com\/wp-content\/uploads\/2020\/05\/logo-3e43ae668112340d5106bf20c36af5bc.png","contentUrl":"https:\/\/wizyemm.com\/wp-content\/uploads\/2020\/05\/logo-3e43ae668112340d5106bf20c36af5bc.png","width":747,"height":125,"caption":"WizyEMM"},"image":{"@id":"https:\/\/wizyemm.com\/#logo"}},{"@type":"WebSite","@id":"https:\/\/wizyemm.com\/#website","url":"https:\/\/wizyemm.com\/","name":"WizyEMM","description":"Android Device Management for Frontline Workers","publisher":{"@id":"https:\/\/wizyemm.com\/#organization"},"potentialAction":[{"@type":"SearchAction","target":{"@type":"EntryPoint","urlTemplate":"https:\/\/wizyemm.com\/?s={search_term_string}"},"query-input":"required name=search_term_string"}],"inLanguage":"es"},{"@type":"WebPage","@id":"http:\/\/wizyemm.com\/es\/marca-blanca\/#webpage","url":"http:\/\/wizyemm.com\/es\/marca-blanca\/","name":"Marca Blanca - WizyEMM","isPartOf":{"@id":"https:\/\/wizyemm.com\/#website"},"datePublished":"2021-10-29T09:59:06+00:00","dateModified":"2022-04-27T14:58:01+00:00","breadcrumb":{"@id":"http:\/\/wizyemm.com\/es\/marca-blanca\/#breadcrumb"},"inLanguage":"es","potentialAction":[{"@type":"ReadAction","target":["http:\/\/wizyemm.com\/es\/marca-blanca\/"]}]},{"@type":"BreadcrumbList","@id":"http:\/\/wizyemm.com\/es\/marca-blanca\/#breadcrumb","itemListElement":[{"@type":"ListItem","position":1,"name":"Accueil","item":"https:\/\/wizyemm.com\/es\/"},{"@type":"ListItem","position":2,"name":"Marca Blanca"}]}]}},"_links":{"self":[{"href":"https:\/\/wizyemm.com\/es\/wp-json\/wp\/v2\/pages\/26515"}],"collection":[{"href":"https:\/\/wizyemm.com\/es\/wp-json\/wp\/v2\/pages"}],"about":[{"href":"https:\/\/wizyemm.com\/es\/wp-json\/wp\/v2\/types\/page"}],"author":[{"embeddable":true,"href":"https:\/\/wizyemm.com\/es\/wp-json\/wp\/v2\/users\/1"}],"replies":[{"embeddable":true,"href":"https:\/\/wizyemm.com\/es\/wp-json\/wp\/v2\/comments?post=26515"}],"version-history":[{"count":9,"href":"https:\/\/wizyemm.com\/es\/wp-json\/wp\/v2\/pages\/26515\/revisions"}],"predecessor-version":[{"id":26541,"href":"https:\/\/wizyemm.com\/es\/wp-json\/wp\/v2\/pages\/26515\/revisions\/26541"}],"wp:attachment":[{"href":"https:\/\/wizyemm.com\/es\/wp-json\/wp\/v2\/media?parent=26515"}],"curies":[{"name":"wp","href":"https:\/\/api.w.org\/{rel}","templated":true}]}}