{"id":25122,"date":"2021-02-09T10:43:21","date_gmt":"2021-02-09T10:43:21","guid":{"rendered":"https:\/\/wizyemm.com\/?page_id=25122"},"modified":"2021-03-18T17:31:02","modified_gmt":"2021-03-18T17:31:02","slug":"mdm-gratuit-pour-2-appareils-pour-toujours","status":"publish","type":"page","link":"http:\/\/wizyemm.com\/fr\/mdm-gratuit\/","title":{"rendered":"MDM gratuit pour 2 appareils pour toujours"},"content":{"rendered":"<section class=\"vc_row wpb_row vc_row-fluid  vc_custom_1592576270542 vc_row-o-equal-height vc_row-o-content-middle vc_row-flex\"><div class=\"wpb_column vc_column_container vc_col-sm-12 vc_col-lg-6 vc_col-md-6 vc_col-xs-12 wow fadeInLeft pofo-column-responsive-69ef912cd9d53\"><div class=\"vc_column-inner \"><div class=\"wpb_wrapper\"><div class=\"last-paragraph-no-margin\"><p><img loading=\"lazy\" class=\"size-full wp-image-24691\" src=\"https:\/\/wizyemm.com\/wp-content\/uploads\/2020\/06\/console-wizyemm-02.png\" alt=\"Free MDM: Android Mobile Device Management\" width=\"1044\" height=\"645\" srcset=\"https:\/\/wizyemm.com\/wp-content\/uploads\/2020\/06\/console-wizyemm-02.png 1044w, https:\/\/wizyemm.com\/wp-content\/uploads\/2020\/06\/console-wizyemm-02-300x185.png 300w, https:\/\/wizyemm.com\/wp-content\/uploads\/2020\/06\/console-wizyemm-02-768x474.png 768w, https:\/\/wizyemm.com\/wp-content\/uploads\/2020\/06\/console-wizyemm-02-1024x633.png 1024w, https:\/\/wizyemm.com\/wp-content\/uploads\/2020\/06\/console-wizyemm-02-81x50.png 81w\" sizes=\"(max-width: 1044px) 100vw, 1044px\" \/><\/p>\n<\/div><\/div><\/div><\/div><div class=\"wpb_column vc_column_container vc_col-sm-12 vc_col-lg-offset-1 vc_col-lg-5 vc_col-md-6 vc_col-xs-12 wow fadeInRight\"><div class=\"vc_column-inner \"><div class=\"wpb_wrapper\"><h2 class=\"text-extra-dark-gray margin-20px-bottom font-weight-600 display-inline-block alt-font heading-style2  vc_custom_1612867139224  heading-1\"  style=\"font-size: 36px; line-height: 40px; font-weight: 500;\" data-fontsize=\"36px\" data-lineheight=\"40px\">Commencez gratuitement<\/h2><div class=\"last-paragraph-no-margin\"><h2 style=\"font-size: 20px; font-height: 40px; font-weight: 500;\"><strong>Solution de gestion d&#8217;appareils Android gratuite<\/strong> jusqu&#8217;\u00e0 2 appareils Android<\/h2>\n<\/div><ul class=\"no-padding list-style-4 list-style4-1 \"><li>Cr\u00e9ez votre compte en quelques minutes.<\/li><li>Enregistrez 2 appareils aussi longtemps que vous le souhaitez.<\/li><li>Pas de carte de cr\u00e9dit n\u00e9cessaire.<\/li><li>EMM Android simple et puissant.<\/li><li>\u00c0 votre service dans le monde entier, avec des bureaux \u00e0 Paris, Singapour, Manille, Inde et Sydney<\/li><\/ul><a href=\"https:\/\/wizyemm-partners.appspot.com\/register\" target=\"_blank\" class=\"btn pofo-button-1 button-style5  btn-dark-gray btn-rounded  btn-small   vc_custom_1616088658915\" style=\"color:#000000;  border-color:#00e788; \" rel=\"noopener\">D\u00e9marrez<\/a><\/div><\/div><\/div><\/section><section class=\"vc_row wpb_row vc_row-fluid  vc_custom_1607679515679\"><div class=\"wpb_column vc_column_container vc_col-sm-12  col-xs-mobile-fullwidth\"><div class=\"vc_column-inner \"><div class=\"wpb_wrapper\"><h2 class=\"text-extra-dark-gray margin-20px-bottom font-weight-600 display-inline-block alt-font heading-style2  heading-2\"  style=\"font-size: 30px; font-weight: 600;\" data-fontsize=\"30px\">Quelles sont les fonctionnalit\u00e9s disponibles dans la solution MDM gratuite ?<\/h2><div class=\" vc_custom_1612867258965 last-paragraph-no-margin\"><p class=\"p1\">Obtenez une solution Android MDM enti\u00e8rement fonctionnelle avec toutes ses fonctionnalit\u00e9s compl\u00e8tes de gestion des appareils mobiles. Ceux-ci inclus:<\/p>\n<\/div><div class=\"vc_row wpb_row vc_inner vc_row-fluid  vc_custom_1607679522844\"><div class=\"wpb_column vc_column_container vc_col-sm-4  col-xs-mobile-fullwidth\"><div class=\"vc_column-inner \"><div class=\"wpb_wrapper\"><ul class=\"list-style-6 list-style6-1 \"><li>Gestion facile des appareils mobiles Android<\/li><li>Configuration et gestion de profils<\/li><li>Gestion d'applications mobiles<\/li><li>Gestion de la s\u00e9curit\u00e9 mobile<\/li><\/ul><\/div><\/div><\/div><div class=\"wpb_column vc_column_container vc_col-sm-4  col-xs-mobile-fullwidth\"><div class=\"vc_column-inner \"><div class=\"wpb_wrapper\"><ul class=\"list-style-6 list-style6-2 \"><li>Gestion des mises \u00e0 jour du syst\u00e8me d'exploitation mobile<\/li><li>Geofencing et g\u00e9olocalisation<\/li><li>Code QR, NFC, inscription sans contact (zero-touch)<\/li><li>Envoyer des fichier vers l'appareil ou r\u00e9cup\u00e9rer des fichiers depuis l'appareil<\/li><\/ul><\/div><\/div><\/div><div class=\"wpb_column vc_column_container vc_col-sm-4  col-xs-mobile-fullwidth\"><div class=\"vc_column-inner \"><div class=\"wpb_wrapper\"><ul class=\"list-style-6 list-style6-3 \"><li>Mode kiosque<\/li><li>Gestion de flotte<\/li><li>Alertes et notifications<\/li><li>Politiques, restrictions mat\u00e9rielles et r\u00e9seau<\/li><\/ul><\/div><\/div><\/div><\/div><\/div><\/div><\/div><\/section><section data-vc-full-width=\"true\" data-vc-full-width-init=\"false\" data-vc-stretch-content=\"true\" class=\"vc_row wpb_row vc_row-fluid  vc_custom_1614087438384 vc_row-has-fill pofo-stretch-content vc_row-o-equal-height vc_row-o-content-middle vc_row-flex\"><div class=\"wpb_column vc_column_container vc_col-sm-6  col-xs-mobile-fullwidth\"><div class=\"vc_column-inner vc_custom_1614087525226\"><div class=\"wpb_wrapper\"><div class=\"last-paragraph-no-margin\"><p><img loading=\"lazy\" class=\"size-large wp-image-24973\" src=\"https:\/\/wizyemm.com\/wp-content\/uploads\/2021\/01\/Mobile-Device-Management-for-Android-secure-and-control-your-Android-devices-1024x725.png\" alt=\"Mobile Device Management for Android: secure and control your Android devices\" width=\"1024\" height=\"725\" srcset=\"https:\/\/wizyemm.com\/wp-content\/uploads\/2021\/01\/Mobile-Device-Management-for-Android-secure-and-control-your-Android-devices-1024x725.png 1024w, https:\/\/wizyemm.com\/wp-content\/uploads\/2021\/01\/Mobile-Device-Management-for-Android-secure-and-control-your-Android-devices-300x213.png 300w, https:\/\/wizyemm.com\/wp-content\/uploads\/2021\/01\/Mobile-Device-Management-for-Android-secure-and-control-your-Android-devices-768x544.png 768w, https:\/\/wizyemm.com\/wp-content\/uploads\/2021\/01\/Mobile-Device-Management-for-Android-secure-and-control-your-Android-devices-1088x771.png 1088w, https:\/\/wizyemm.com\/wp-content\/uploads\/2021\/01\/Mobile-Device-Management-for-Android-secure-and-control-your-Android-devices-81x57.png 81w, https:\/\/wizyemm.com\/wp-content\/uploads\/2021\/01\/Mobile-Device-Management-for-Android-secure-and-control-your-Android-devices.png 1231w\" sizes=\"(max-width: 1024px) 100vw, 1024px\" \/><\/p>\n<\/div><\/div><\/div><\/div><div class=\"wpb_column vc_column_container vc_col-sm-6  col-xs-mobile-fullwidth\"><div class=\"vc_column-inner vc_custom_1614087533010\"><div class=\"wpb_wrapper\"><div class=\"last-paragraph-no-margin\"><h2 style=\"font-size: 30px!important; line-height: 40px!important; font-weight: 600!important; font-family: Montserrat!important; color: #232323!important;\"><strong>Securit\u00e9 mobile et s\u00e9curit\u00e9 des donn\u00e9es<\/strong><\/h2>\n<\/div><div class=\"last-paragraph-no-margin\"><p>Le plan MDM gratuit de WizyEMM prend en charge toutes les politiques Android Enterprise (50+) telles que la <strong>pr\u00e9vention de la r\u00e9initialisation d&#8217;usine<\/strong>, la <strong>d\u00e9sactivation du chargement lat\u00e9ral des applications externes, la d\u00e9sactivation de la capture d&#8217;\u00e9cran, de l&#8217;appareil photo, du bluetooth, l&#8217;interdiction de nouveaux comptes d&#8217;utilisateurs sur l&#8217;appareil, les appels sortants<\/strong> &#8230;<\/p>\n<p>Vous pouvez <strong>appliquer un mot de passe fort ou un verrouillage d&#8217;\u00e9cran, verrouiller et effacer les appareils et les g\u00e9olocaliser<\/strong>. Vous pouvez \u00e9galement configurer des r\u00e9seaux s\u00e9curis\u00e9s. Certificats Push \/ VPN \/ Proxy \/ EAP \/ TLS \/ TTLS Wifi avec mot de passe.<\/p>\n<p>Vos appareils b\u00e9n\u00e9ficieront d&#8217;une <strong>protection contre les logiciels malveillants<\/strong> gr\u00e2ce \u00e0 Google Play Protect.<\/p>\n<\/div><\/div><\/div><\/div><\/section><div class=\"vc_row-full-width vc_clearfix\"><\/div><section data-vc-full-width=\"true\" data-vc-full-width-init=\"false\" data-vc-stretch-content=\"true\" class=\"vc_row wpb_row vc_row-fluid   pofo-stretch-content vc_row-o-equal-height vc_row-o-content-middle vc_row-flex\"><div class=\"wpb_column vc_column_container vc_col-sm-6  col-xs-mobile-fullwidth\"><div class=\"vc_column-inner vc_custom_1614087845621\"><div class=\"wpb_wrapper\"><div class=\"last-paragraph-no-margin\"><h2 style=\"font-size: 30px!important; line-height: 40px!important; font-weight: 600!important; font-family: Montserrat!important; color: #232323!important;\"><strong>Gestion d&#8217;applications Android<\/strong><\/h2>\n<\/div><div class=\"last-paragraph-no-margin\"><p>T\u00e9l\u00e9chargez ou s\u00e9lectionnez des applications \u00e0 g\u00e9rer, mettez-les \u00e0 jour et configurez-les \u00e0 distance, d\u00e9ployez des pistes d&#8217;application \u00e0 des fins de test, distribuez-les silencieusement et ramenez les journaux d&#8217;application avec le Feedback channel.<\/p>\n<p>Avec notre plan MDM gratuit, d\u00e9ployez en toute s\u00e9curit\u00e9 vos application professionnelle sur un Play Store priv\u00e9 uniquement visible par votre entreprise.<\/p>\n<\/div><\/div><\/div><\/div><div class=\"wpb_column vc_column_container vc_col-sm-6  col-xs-mobile-fullwidth\"><div class=\"vc_column-inner vc_custom_1614087835687\"><div class=\"wpb_wrapper\"><div class=\"last-paragraph-no-margin\"><p><img loading=\"lazy\" class=\"size-large wp-image-24865\" src=\"https:\/\/wizyemm.com\/wp-content\/uploads\/2020\/06\/private-app-1024x656.png\" alt=\"Android Mobile Application Management: Push your Private Apps\" width=\"1024\" height=\"656\" srcset=\"https:\/\/wizyemm.com\/wp-content\/uploads\/2020\/06\/private-app-1024x656.png 1024w, https:\/\/wizyemm.com\/wp-content\/uploads\/2020\/06\/private-app-300x192.png 300w, https:\/\/wizyemm.com\/wp-content\/uploads\/2020\/06\/private-app-768x492.png 768w, https:\/\/wizyemm.com\/wp-content\/uploads\/2020\/06\/private-app-1200x768.png 1200w, https:\/\/wizyemm.com\/wp-content\/uploads\/2020\/06\/private-app-81x52.png 81w, https:\/\/wizyemm.com\/wp-content\/uploads\/2020\/06\/private-app.png 1382w\" sizes=\"(max-width: 1024px) 100vw, 1024px\" \/><\/p>\n<\/div><\/div><\/div><\/div><\/section><div class=\"vc_row-full-width vc_clearfix\"><\/div><section data-vc-full-width=\"true\" data-vc-full-width-init=\"false\" data-vc-stretch-content=\"true\" class=\"vc_row wpb_row vc_row-fluid  vc_custom_1614088339852 vc_row-has-fill pofo-stretch-content\"><div class=\"wpb_column vc_column_container vc_col-sm-12  col-xs-mobile-fullwidth text-center md-text-center sm-text-center\"><div class=\"vc_column-inner \"><div class=\"wpb_wrapper\"><div class=\"vc_row wpb_row vc_inner vc_row-fluid  vc_custom_1614088282632\"><div class=\"wpb_column vc_column_container vc_col-sm-3  col-xs-mobile-fullwidth\"><div class=\"vc_column-inner \"><div class=\"wpb_wrapper\"><\/div><\/div><\/div><div class=\"wpb_column vc_column_container vc_col-sm-6  col-xs-mobile-fullwidth\"><div class=\"vc_column-inner \"><div class=\"wpb_wrapper\"><div class=\"last-paragraph-no-margin\"><h2 style=\"font-size: 30px!important; line-height: 40px!important; font-weight: 600!important; font-family: Montserrat!important; color: #232323!important;\"><strong>Faites \u00e9voluer votre souscription avec vos besoins<\/strong><\/h2>\n<\/div><div class=\" vc_custom_1614089353267 last-paragraph-no-margin\"><p class=\"p1\">D\u00e9marrez avec notre MDM Android gratuit pour toujours pour 2 appareils, et \u00e9voluez lorsque vous avez besoin de plus d&#8217;appareils ou de fonctionnalit\u00e9s suppl\u00e9mentaires.<\/p>\n<\/div><a href=\"https:\/\/wizyemm.com\/fr\/tarifs\/\" target=\"_self\" class=\"btn pofo-button-2 button-style5  btn-dark-gray btn-rounded  btn-small   vc_custom_1614089452820\" style=\"color:#ffffff!important;  border-color:#0080c8; \">Comparer nos plans<\/a><\/div><\/div><\/div><div class=\"wpb_column vc_column_container vc_col-sm-3  col-xs-mobile-fullwidth\"><div class=\"vc_column-inner \"><div class=\"wpb_wrapper\"><\/div><\/div><\/div><\/div><\/div><\/div><\/div><\/section><div class=\"vc_row-full-width vc_clearfix\"><\/div>\n","protected":false},"excerpt":{"rendered":"Commencez gratuitementSolution de gestion d'appareils Android gratuite jusqu'\u00e0 2 appareils Android Cr\u00e9ez votre compte en quelques minutes.Enregistrez 2 appareils aussi longtemps que vous le souhaitez.Pas de carte de cr\u00e9dit n\u00e9cessaire.EMM Android simple et puissant.\u00c0 votre service dans le monde entier, avec des bureaux \u00e0 Paris, Singapour, Manille, Inde et SydneyD\u00e9marrezQuelles sont les fonctionnalit\u00e9s disponibles dans la solution MDM gratuite ?Obtenez une solution Android MDM enti\u00e8rement fonctionnelle avec toutes ses fonctionnalit\u00e9s compl\u00e8tes de gestion des appareils mobiles. Ceux-ci inclus: Gestion facile des appareils mobiles AndroidConfiguration et gestion de profilsGestion d'applications mobilesGestion de la s\u00e9curit\u00e9 mobileGestion des mises \u00e0 jour du syst\u00e8me d'exploitation mobileGeofencing et g\u00e9olocalisationCode QR, NFC, inscription sans contact (zero-touch)Envoyer des fichier vers l'appareil ou r\u00e9cup\u00e9rer des fichiers depuis l'appareilMode kiosqueGestion de flotteAlertes et notificationsPolitiques, restrictions mat\u00e9rielles et r\u00e9seau Securit\u00e9 mobile et s\u00e9curit\u00e9 des donn\u00e9es Le plan MDM gratuit de WizyEMM prend en charge toutes les politiques Android Enterprise (50+) telles que la pr\u00e9vention de la r\u00e9initialisation d'usine, la d\u00e9sactivation du chargement lat\u00e9ral des applications externes, la d\u00e9sactivation de la capture d'\u00e9cran, de l'appareil photo, du bluetooth, l'interdiction de nouveaux comptes d'utilisateurs sur l'appareil, les appels sortants ... Vous pouvez appliquer un mot de passe fort ou un verrouillage d'\u00e9cran,...","protected":false},"author":1,"featured_media":24910,"parent":0,"menu_order":3,"comment_status":"closed","ping_status":"closed","template":"","meta":[],"yoast_head":"<!-- This site is optimized with the Yoast SEO plugin v18.6 - https:\/\/yoast.com\/wordpress\/plugins\/seo\/ -->\n<title>MDM gratuit pour 2 appareils pour toujours - WizyEMM<\/title>\n<meta name=\"robots\" content=\"index, follow, max-snippet:-1, max-image-preview:large, max-video-preview:-1\" \/>\n<link rel=\"canonical\" href=\"http:\/\/wizyemm.com\/fr\/mdm-gratuit\/\" \/>\n<meta property=\"og:locale\" content=\"fr_FR\" \/>\n<meta property=\"og:type\" content=\"article\" \/>\n<meta property=\"og:title\" content=\"MDM gratuit pour 2 appareils pour toujours - WizyEMM\" \/>\n<meta property=\"og:url\" content=\"http:\/\/wizyemm.com\/fr\/mdm-gratuit\/\" \/>\n<meta property=\"og:site_name\" content=\"WizyEMM\" \/>\n<meta property=\"article:modified_time\" content=\"2021-03-18T17:31:02+00:00\" \/>\n<meta property=\"og:image\" content=\"https:\/\/wizyemm.com\/wp-content\/uploads\/2020\/08\/console.png\" \/>\n\t<meta property=\"og:image:width\" content=\"1300\" \/>\n\t<meta property=\"og:image:height\" content=\"800\" \/>\n\t<meta property=\"og:image:type\" content=\"image\/png\" \/>\n<meta name=\"twitter:card\" content=\"summary_large_image\" \/>\n<meta name=\"twitter:label1\" content=\"Dur\u00e9e de lecture estim\u00e9e\" \/>\n\t<meta name=\"twitter:data1\" content=\"6 minutes\" \/>\n<!-- \/ Yoast SEO plugin. -->","yoast_head_json":{"title":"MDM gratuit pour 2 appareils pour toujours - WizyEMM","robots":{"index":"index","follow":"follow","max-snippet":"max-snippet:-1","max-image-preview":"max-image-preview:large","max-video-preview":"max-video-preview:-1"},"canonical":"http:\/\/wizyemm.com\/fr\/mdm-gratuit\/","og_locale":"fr_FR","og_type":"article","og_title":"MDM gratuit pour 2 appareils pour toujours - WizyEMM","og_url":"http:\/\/wizyemm.com\/fr\/mdm-gratuit\/","og_site_name":"WizyEMM","article_modified_time":"2021-03-18T17:31:02+00:00","og_image":[{"width":1300,"height":800,"url":"https:\/\/wizyemm.com\/wp-content\/uploads\/2020\/08\/console.png","type":"image\/png"}],"twitter_card":"summary_large_image","twitter_misc":{"Dur\u00e9e de lecture estim\u00e9e":"6 minutes"},"schema":{"@context":"https:\/\/schema.org","@graph":[{"@type":"Organization","@id":"https:\/\/wizyemm.com\/#organization","name":"WizyEMM","url":"https:\/\/wizyemm.com\/","sameAs":[],"logo":{"@type":"ImageObject","@id":"https:\/\/wizyemm.com\/#logo","inLanguage":"fr-FR","url":"https:\/\/wizyemm.com\/wp-content\/uploads\/2020\/05\/logo-3e43ae668112340d5106bf20c36af5bc.png","contentUrl":"https:\/\/wizyemm.com\/wp-content\/uploads\/2020\/05\/logo-3e43ae668112340d5106bf20c36af5bc.png","width":747,"height":125,"caption":"WizyEMM"},"image":{"@id":"https:\/\/wizyemm.com\/#logo"}},{"@type":"WebSite","@id":"https:\/\/wizyemm.com\/#website","url":"https:\/\/wizyemm.com\/","name":"WizyEMM","description":"Android Device Management for Frontline Workers","publisher":{"@id":"https:\/\/wizyemm.com\/#organization"},"potentialAction":[{"@type":"SearchAction","target":{"@type":"EntryPoint","urlTemplate":"https:\/\/wizyemm.com\/?s={search_term_string}"},"query-input":"required name=search_term_string"}],"inLanguage":"fr-FR"},{"@type":"ImageObject","@id":"http:\/\/wizyemm.com\/fr\/mdm-gratuit\/#primaryimage","inLanguage":"fr-FR","url":"https:\/\/wizyemm.com\/wp-content\/uploads\/2020\/08\/console.png","contentUrl":"https:\/\/wizyemm.com\/wp-content\/uploads\/2020\/08\/console.png","width":1300,"height":800,"caption":"Android MDM - WizyEMM Console"},{"@type":"WebPage","@id":"http:\/\/wizyemm.com\/fr\/mdm-gratuit\/#webpage","url":"http:\/\/wizyemm.com\/fr\/mdm-gratuit\/","name":"MDM gratuit pour 2 appareils pour toujours - WizyEMM","isPartOf":{"@id":"https:\/\/wizyemm.com\/#website"},"primaryImageOfPage":{"@id":"http:\/\/wizyemm.com\/fr\/mdm-gratuit\/#primaryimage"},"datePublished":"2021-02-09T10:43:21+00:00","dateModified":"2021-03-18T17:31:02+00:00","breadcrumb":{"@id":"http:\/\/wizyemm.com\/fr\/mdm-gratuit\/#breadcrumb"},"inLanguage":"fr-FR","potentialAction":[{"@type":"ReadAction","target":["http:\/\/wizyemm.com\/fr\/mdm-gratuit\/"]}]},{"@type":"BreadcrumbList","@id":"http:\/\/wizyemm.com\/fr\/mdm-gratuit\/#breadcrumb","itemListElement":[{"@type":"ListItem","position":1,"name":"Accueil","item":"https:\/\/wizyemm.com\/fr\/"},{"@type":"ListItem","position":2,"name":"MDM gratuit pour 2 appareils pour toujours"}]}]}},"_links":{"self":[{"href":"https:\/\/wizyemm.com\/fr\/wp-json\/wp\/v2\/pages\/25122"}],"collection":[{"href":"https:\/\/wizyemm.com\/fr\/wp-json\/wp\/v2\/pages"}],"about":[{"href":"https:\/\/wizyemm.com\/fr\/wp-json\/wp\/v2\/types\/page"}],"author":[{"embeddable":true,"href":"https:\/\/wizyemm.com\/fr\/wp-json\/wp\/v2\/users\/1"}],"replies":[{"embeddable":true,"href":"https:\/\/wizyemm.com\/fr\/wp-json\/wp\/v2\/comments?post=25122"}],"version-history":[{"count":9,"href":"https:\/\/wizyemm.com\/fr\/wp-json\/wp\/v2\/pages\/25122\/revisions"}],"predecessor-version":[{"id":25929,"href":"https:\/\/wizyemm.com\/fr\/wp-json\/wp\/v2\/pages\/25122\/revisions\/25929"}],"wp:featuredmedia":[{"embeddable":true,"href":"https:\/\/wizyemm.com\/fr\/wp-json\/wp\/v2\/media\/24910"}],"wp:attachment":[{"href":"https:\/\/wizyemm.com\/fr\/wp-json\/wp\/v2\/media?parent=25122"}],"curies":[{"name":"wp","href":"https:\/\/api.w.org\/{rel}","templated":true}]}}