{"id":25126,"date":"2021-02-09T16:12:00","date_gmt":"2021-02-09T16:12:00","guid":{"rendered":"https:\/\/wizyemm.com\/?page_id=25126"},"modified":"2023-09-20T09:04:05","modified_gmt":"2023-09-20T09:04:05","slug":"contactez-nous","status":"publish","type":"page","link":"http:\/\/wizyemm.com\/fr\/contact\/","title":{"rendered":"Contactez-nous"},"content":{"rendered":"<section class=\"vc_row wpb_row vc_row-fluid\"><div class=\"wpb_column vc_column_container vc_col-sm-12  col-xs-mobile-fullwidth\"><div class=\"vc_column-inner vc_custom_1592496931580\"><div class=\"wpb_wrapper\"><h2 class=\"text-extra-dark-gray margin-20px-bottom font-weight-600 display-block alt-font heading-style2  vc_custom_1612886964692  heading-1\"  style=\"font-size: 36px; line-height: 30px; font-weight: 500;\" data-fontsize=\"36px\" data-lineheight=\"30px\">Planifiez une d\u00e9mo personnalis\u00e9e<\/h2><span class=\"text-extra-dark-gray margin-20px-bottom font-weight-600 display-block alt-font heading-style2  heading-2\"  style=\"font-size: 16px; line-height: `\u00e9``px; font-weight: 500; color: #0080c8;\" data-fontsize=\"16px\" data-lineheight=\"`\u00e9``px\">Parlez \u00e0 un responsable de compte d\u00e9sign\u00e9 dans votre r\u00e9gion<\/span><\/div><\/div><\/div><\/section><section data-vc-full-width=\"true\" data-vc-full-width-init=\"false\" data-vc-stretch-content=\"true\" class=\"vc_row wpb_row vc_row-fluid   pofo-stretch-content vc_row-o-equal-height vc_row-o-content-top vc_row-flex\"><div class=\"wpb_column vc_column_container vc_col-sm-4 vc_col-lg-4 vc_col-md-4 vc_col-xs-12 wow fadeInUp text-center\"><div class=\"vc_column-inner vc_custom_1592496603528\"><div class=\"wpb_wrapper\"><h3 class=\"text-extra-dark-gray margin-20px-bottom font-weight-600 display-inline-block alt-font heading-style2  heading-3\"  style=\"font-weight: 500;\">JAPON ET ASIE-PACIFIQUE<\/h3>[vc_single_image image=&#8221;24870&#8243; img_size=&#8221;full&#8221; alignment=&#8221;center&#8221; css=&#8221;.vc_custom_1592577287327{margin-bottom: 10px !important;}&#8221;]<a href=\"https:\/\/calendar.google.com\/calendar\/u\/0\/appointments\/schedules\/AcZssZ3gvIbIgLspK4S4Hnbd0lADPPnYpJaI1LDY-M5PlExGW965l7oGG_egUeBZ5rqHVPt4k0LqNHL6\" target=\"_blank\" class=\"btn btn pofo-button-2 button-style5 btn-dark-gray btn-rounded vc_custom_1593158040470 pofo-button-1 button-style5  btn-dark-gray btn-rounded  vc_custom_1691483723474\" style=\"color:#ffffff;  border-color:#0080c8; \" rel=\"noopener\">R\u00e9server un RDV<\/a><div class=\"last-paragraph-no-margin\"><p>Ou \u00e9crivez-nous \u00e0 <a href=\"mailto:japac@wizyemm.com\"><span style=\"color: #0080c8; font-weight: 500;\">japac@wizyemm.com<\/span><\/a><\/p>\n<\/div><\/div><\/div><\/div><div class=\"wpb_column vc_column_container vc_col-sm-4 vc_col-lg-4 vc_col-md-4 vc_col-xs-12 wow fadeInUp text-center\"><div class=\"vc_column-inner vc_custom_1592496608325\"><div class=\"wpb_wrapper\"><h3 class=\"text-extra-dark-gray margin-20px-bottom font-weight-600 display-inline-block alt-font heading-style2  heading-4\"  style=\"font-weight: 500;\">EUROPE, MOYEN-ORIENT ET AFRIQUE<\/h3>[vc_single_image image=&#8221;24868&#8243; img_size=&#8221;full&#8221; alignment=&#8221;center&#8221; css=&#8221;.vc_custom_1592577294225{margin-bottom: 10px !important;}&#8221;]<a href=\"https:\/\/meetings.hubspot.com\/florian-ponroy\" target=\"_blank\" class=\"btn pofo-button-2 button-style5  btn-dark-gray btn-rounded  vc_custom_1691483748650\" style=\"border-color:#0080c8; \" rel=\"noopener\">R\u00e9server un RDV<\/a><div class=\"last-paragraph-no-margin\"><p>Ou \u00e9crivez-nous \u00e0 <a href=\"mailto:emea@wizyemm.com\"><span style=\"color: #0080c8; font-weight: 500;\">emea@wizyemm.com<\/span><\/a><\/p>\n<\/div><\/div><\/div><\/div><div class=\"wpb_column vc_column_container vc_col-sm-4 vc_col-lg-4 vc_col-md-4 vc_col-xs-12 wow fadeInUp text-center\"><div class=\"vc_column-inner vc_custom_1592496613106\"><div class=\"wpb_wrapper\"><h3 class=\"text-extra-dark-gray margin-20px-bottom font-weight-600 display-inline-block alt-font heading-style2  heading-5\"  style=\"font-weight: 500;\">\u00c9TATS-UNIS, CANADA ET AM\u00c9RIQUE LATINE<\/h3>[vc_single_image image=&#8221;24869&#8243; img_size=&#8221;full&#8221; alignment=&#8221;center&#8221; css=&#8221;.vc_custom_1592577302434{margin-bottom: 10px !important;}&#8221;]<a href=\"https:\/\/meetings.hubspot.com\/herminio\" target=\"_blank\" class=\"btn btn pofo-button-2 button-style5 btn-dark-gray btn-rounded vc_custom_1593158040470 pofo-button-3 button-style5  btn-dark-gray btn-rounded  vc_custom_1695200640004\" style=\"border-color:#0080c8; \" rel=\"noopener\">R\u00e9server un RDV<\/a><div class=\"last-paragraph-no-margin\"><p>Ou \u00e9crivez-nous \u00e0 <a href=\"mailto:america@wizyemm.com\"><span style=\"color: #0080c8; font-weight: 500;\">america@wizyemm.com<\/span><\/a><\/p>\n<\/div><\/div><\/div><\/div><\/section><div class=\"vc_row-full-width vc_clearfix\"><\/div><section data-vc-full-width=\"true\" data-vc-full-width-init=\"false\" data-vc-stretch-content=\"true\" class=\"vc_row wpb_row vc_row-fluid  vc_custom_1592549314544 vc_row-has-fill pofo-stretch-content vc_row-no-padding\"><div class=\"wpb_column vc_column_container vc_col-sm-12  col-xs-mobile-fullwidth\"><div class=\"vc_column-inner vc_custom_1592549443913\"><div class=\"wpb_wrapper\"><h2 class=\"text-extra-dark-gray margin-20px-bottom font-weight-600 display-inline-block alt-font heading-style2  heading-6\"  style=\"font-size: 36px; font-weight: 500; color: #ffffff;\" data-fontsize=\"36px\">Contactez-nous<\/h2>[vc_raw_html]JTNDc2NyaXB0JTIwY2hhcnNldCUzRCUyMnV0Zi04JTIyJTIwdHlwZSUzRCUyMnRleHQlMkZqYXZhc2NyaXB0JTIyJTIwc3JjJTNEJTIyJTJGJTJGanMuaHNmb3Jtcy5uZXQlMkZmb3JtcyUyRnNoZWxsLmpzJTIyJTNFJTNDJTJGc2NyaXB0JTNFJTBBJTNDc2NyaXB0JTNFJTBBJTIwJTIwaGJzcHQuZm9ybXMuY3JlYXRlJTI4JTdCJTBBJTA5cG9ydGFsSWQlM0ElMjAlMjI1MzM3Nzk0JTIyJTJDJTBBJTA5Zm9ybUlkJTNBJTIwJTIyNDJjZTBkOTEtYzlmZi00YTY4LWFhNzItMDYwNWM2ODA1Zjc5JTIyJTBBJTdEJTI5JTNCJTBBJTNDJTJGc2NyaXB0JTNF[\/vc_raw_html]<\/div><\/div><\/div><\/section><div class=\"vc_row-full-width vc_clearfix\"><\/div>\n","protected":false},"excerpt":{"rendered":"Planifiez une d\u00e9mo personnalis\u00e9eParlez \u00e0 un responsable de compte d\u00e9sign\u00e9 dans votre r\u00e9gionJAPON ET ASIE-PACIFIQUE[vc_single_image image=\"24870\" img_size=\"full\" alignment=\"center\" css=\".vc_custom_1592577287327{margin-bottom: 10px !important;}\"]R\u00e9server un RDVOu \u00e9crivez-nous \u00e0 japac@wizyemm.com EUROPE, MOYEN-ORIENT ET AFRIQUE[vc_single_image image=\"24868\" img_size=\"full\" alignment=\"center\" css=\".vc_custom_1592577294225{margin-bottom: 10px !important;}\"]R\u00e9server un RDVOu \u00e9crivez-nous \u00e0 emea@wizyemm.com \u00c9TATS-UNIS, CANADA ET AM\u00c9RIQUE LATINE[vc_single_image image=\"24869\" img_size=\"full\" alignment=\"center\" css=\".vc_custom_1592577302434{margin-bottom: 10px !important;}\"]R\u00e9server un RDVOu \u00e9crivez-nous \u00e0 america@wizyemm.com Contactez-nous[vc_raw_html]JTNDc2NyaXB0JTIwY2hhcnNldCUzRCUyMnV0Zi04JTIyJTIwdHlwZSUzRCUyMnRleHQlMkZqYXZhc2NyaXB0JTIyJTIwc3JjJTNEJTIyJTJGJTJGanMuaHNmb3Jtcy5uZXQlMkZmb3JtcyUyRnNoZWxsLmpzJTIyJTNFJTNDJTJGc2NyaXB0JTNFJTBBJTNDc2NyaXB0JTNFJTBBJTIwJTIwaGJzcHQuZm9ybXMuY3JlYXRlJTI4JTdCJTBBJTA5cG9ydGFsSWQlM0ElMjAlMjI1MzM3Nzk0JTIyJTJDJTBBJTA5Zm9ybUlkJTNBJTIwJTIyNDJjZTBkOTEtYzlmZi00YTY4LWFhNzItMDYwNWM2ODA1Zjc5JTIyJTBBJTdEJTI5JTNCJTBBJTNDJTJGc2NyaXB0JTNF[\/vc_raw_html]","protected":false},"author":1,"featured_media":0,"parent":0,"menu_order":1,"comment_status":"closed","ping_status":"closed","template":"","meta":[],"yoast_head":"<!-- This site is optimized with the Yoast SEO plugin v18.6 - https:\/\/yoast.com\/wordpress\/plugins\/seo\/ -->\n<title>Contactez-nous - WizyEMM<\/title>\n<meta name=\"robots\" content=\"index, follow, max-snippet:-1, max-image-preview:large, max-video-preview:-1\" \/>\n<link rel=\"canonical\" href=\"http:\/\/wizyemm.com\/fr\/contact\/\" \/>\n<meta property=\"og:locale\" content=\"fr_FR\" \/>\n<meta property=\"og:type\" content=\"article\" \/>\n<meta property=\"og:title\" content=\"Contactez-nous - WizyEMM\" \/>\n<meta property=\"og:url\" content=\"http:\/\/wizyemm.com\/fr\/contact\/\" \/>\n<meta property=\"og:site_name\" content=\"WizyEMM\" \/>\n<meta property=\"article:modified_time\" content=\"2023-09-20T09:04:05+00:00\" \/>\n<meta name=\"twitter:card\" content=\"summary_large_image\" \/>\n<meta name=\"twitter:label1\" content=\"Dur\u00e9e de lecture estim\u00e9e\" \/>\n\t<meta name=\"twitter:data1\" content=\"1 minute\" \/>\n<!-- \/ Yoast SEO plugin. -->","yoast_head_json":{"title":"Contactez-nous - WizyEMM","robots":{"index":"index","follow":"follow","max-snippet":"max-snippet:-1","max-image-preview":"max-image-preview:large","max-video-preview":"max-video-preview:-1"},"canonical":"http:\/\/wizyemm.com\/fr\/contact\/","og_locale":"fr_FR","og_type":"article","og_title":"Contactez-nous - WizyEMM","og_url":"http:\/\/wizyemm.com\/fr\/contact\/","og_site_name":"WizyEMM","article_modified_time":"2023-09-20T09:04:05+00:00","twitter_card":"summary_large_image","twitter_misc":{"Dur\u00e9e de lecture estim\u00e9e":"1 minute"},"schema":{"@context":"https:\/\/schema.org","@graph":[{"@type":"Organization","@id":"https:\/\/wizyemm.com\/fr\/#organization","name":"WizyEMM","url":"https:\/\/wizyemm.com\/fr\/","sameAs":[],"logo":{"@type":"ImageObject","@id":"https:\/\/wizyemm.com\/fr\/#logo","inLanguage":"fr-FR","url":"https:\/\/wizyemm.com\/wp-content\/uploads\/2020\/05\/logo-3e43ae668112340d5106bf20c36af5bc.png","contentUrl":"https:\/\/wizyemm.com\/wp-content\/uploads\/2020\/05\/logo-3e43ae668112340d5106bf20c36af5bc.png","width":747,"height":125,"caption":"WizyEMM"},"image":{"@id":"https:\/\/wizyemm.com\/fr\/#logo"}},{"@type":"WebSite","@id":"https:\/\/wizyemm.com\/fr\/#website","url":"https:\/\/wizyemm.com\/fr\/","name":"WizyEMM","description":"Android Device Management for Frontline Workers","publisher":{"@id":"https:\/\/wizyemm.com\/fr\/#organization"},"potentialAction":[{"@type":"SearchAction","target":{"@type":"EntryPoint","urlTemplate":"https:\/\/wizyemm.com\/fr\/?s={search_term_string}"},"query-input":"required name=search_term_string"}],"inLanguage":"fr-FR"},{"@type":"WebPage","@id":"http:\/\/wizyemm.com\/fr\/contact\/#webpage","url":"http:\/\/wizyemm.com\/fr\/contact\/","name":"Contactez-nous - WizyEMM","isPartOf":{"@id":"https:\/\/wizyemm.com\/fr\/#website"},"datePublished":"2021-02-09T16:12:00+00:00","dateModified":"2023-09-20T09:04:05+00:00","breadcrumb":{"@id":"http:\/\/wizyemm.com\/fr\/contact\/#breadcrumb"},"inLanguage":"fr-FR","potentialAction":[{"@type":"ReadAction","target":["http:\/\/wizyemm.com\/fr\/contact\/"]}]},{"@type":"BreadcrumbList","@id":"http:\/\/wizyemm.com\/fr\/contact\/#breadcrumb","itemListElement":[{"@type":"ListItem","position":1,"name":"Accueil","item":"https:\/\/wizyemm.com\/fr\/"},{"@type":"ListItem","position":2,"name":"Contactez-nous"}]}]}},"_links":{"self":[{"href":"https:\/\/wizyemm.com\/fr\/wp-json\/wp\/v2\/pages\/25126"}],"collection":[{"href":"https:\/\/wizyemm.com\/fr\/wp-json\/wp\/v2\/pages"}],"about":[{"href":"https:\/\/wizyemm.com\/fr\/wp-json\/wp\/v2\/types\/page"}],"author":[{"embeddable":true,"href":"https:\/\/wizyemm.com\/fr\/wp-json\/wp\/v2\/users\/1"}],"replies":[{"embeddable":true,"href":"https:\/\/wizyemm.com\/fr\/wp-json\/wp\/v2\/comments?post=25126"}],"version-history":[{"count":8,"href":"https:\/\/wizyemm.com\/fr\/wp-json\/wp\/v2\/pages\/25126\/revisions"}],"predecessor-version":[{"id":28098,"href":"https:\/\/wizyemm.com\/fr\/wp-json\/wp\/v2\/pages\/25126\/revisions\/28098"}],"wp:attachment":[{"href":"https:\/\/wizyemm.com\/fr\/wp-json\/wp\/v2\/media?parent=25126"}],"curies":[{"name":"wp","href":"https:\/\/api.w.org\/{rel}","templated":true}]}}