{"id":25217,"date":"2021-02-11T13:41:46","date_gmt":"2021-02-11T13:41:46","guid":{"rendered":"https:\/\/wizyemm.com\/?page_id=25217"},"modified":"2021-05-24T14:31:41","modified_gmt":"2021-05-24T14:31:41","slug":"mode-kiosque-android","status":"publish","type":"page","link":"http:\/\/wizyemm.com\/fr\/fonctionnalites\/mode-kiosque-android\/","title":{"rendered":"Mode Kiosque Android"},"content":{"rendered":"<section data-vc-full-width=\"true\" data-vc-full-width-init=\"false\" data-vc-stretch-content=\"true\" class=\"vc_row wpb_row vc_row-fluid  vc_custom_1609832336373 cover-background bg-position-right-center wow fadeIn vc_row-has-fill pofo-stretch-content vc_row-no-padding vc_row-o-equal-height vc_row-flex pofo-row-responsive-69d29194f0b80\"><div class=\"wpb_column vc_column_container vc_col-has-fill vc_col-sm-12 vc_col-lg-6 vc_col-md-6 vc_col-xs-12 wow fadeInLeft text-justify md-text-justify pofo-column-responsive-69d29194f0c30\"><div class=\"vc_column-inner vc_custom_1609832129111\"><div class=\"wpb_wrapper\"><div class=\"vc_row wpb_row vc_inner vc_row-fluid  vc_custom_1609832446994 pofo-inner-row-responsive-69d29194f0cac\"><div class=\"wpb_column vc_column_container vc_col-lg-12 vc_col-md-12 col-xs-mobile-fullwidth wow none sm-text-center pofo-column-responsive-69d29194f0d18\"><div class=\"vc_column-inner vc_custom_1609831985929\"><div class=\"wpb_wrapper\"><div class=\"last-paragraph-no-margin\"><h2 style=\"font-size: 36px!important; line-height: 40px!important; font-weight: 500!important; font-family: Montserrat!important; color: #232323!important;\">Verrouiller les appareils dans un seul but avec le mode kiosque<\/h2>\n<\/div><div class=\" vc_custom_1613051290540 last-paragraph-no-margin pofo-text-block-responsive-69d29194f0db5\" style=\"color: #535a55; width: width-95;\"><p>La technologie de kiosque Android de WizyEMM permet \u00e0 nos clients de verrouiller des appareils \u00e0 usage unique pour des applications sp\u00e9cifiques, limitant l&#8217;acc\u00e8s aux configurations sous-jacentes. Cette fonctionnalit\u00e9 est particuli\u00e8rement importante pour les appareils destin\u00e9s aux clients utilis\u00e9s dans la vente au d\u00e9tail et dans les industries h\u00f4teli\u00e8res.<\/p>\n<p>Nous avons d\u00e9velopp\u00e9 une technologie de kiosque simple et facile \u00e0 utiliser, bas\u00e9e sur les nouvelles API Android. En savoir plus sur les API de gestion Android.<\/p>\n<p>&nbsp;<\/p>\n<h2>Facile \u00e0 mettre en \u0153uvre &#8211; Activez en quelques clics &#8211; Personnalisez votre interface utilisateur Kiosque<\/h2>\n<\/div><\/div><\/div><\/div><\/div><\/div><\/div><\/div><div class=\"wpb_column vc_column_container vc_col-sm-12 vc_col-lg-6 vc_col-md-6 vc_col-xs-12 wow fadeIn\"><div class=\"vc_column-inner vc_custom_1592292671914\"><div class=\"wpb_wrapper\"><\/div><\/div><\/div><\/section><div class=\"vc_row-full-width vc_clearfix\"><\/div><section data-vc-full-width=\"true\" data-vc-full-width-init=\"false\" data-vc-stretch-content=\"true\" class=\"vc_row wpb_row vc_row-fluid  vc_custom_1609833071472 vc_column-gap-5 pofo-stretch-content\"><div class=\"wpb_column vc_column_container vc_col-sm-4  col-xs-mobile-fullwidth wow none pofo-column-responsive-69d29194f0eb0\"><div class=\"vc_column-inner vc_custom_1609833420200\"><div class=\"wpb_wrapper\"><div class=\"position-relative featurebox24-1 featurebox24 pofo-featurebox\" ><i class=\"link-icon margin-15px-bottom text-deep-pink fas fa-pen icon-extra-medium\"><\/i><div class=\"feature-content\"><span class=\"text-medium text-extra-dark-gray font-weight-600 display-inline-block margin-5px-bottom alt-font\" style=\"font-size: 14px;\" data-fontsize=\"14px\">Personnaliser l'apparence du kiosque<\/span><div class=\"last-paragraph-no-margin  width-80 sm-width-100\"><p>Mettez votre propre image de marque sur vos appareils Android.<\/p>\n<ul>\n<li>d\u00e9finir o\u00f9 vous voulez placer les ic\u00f4nes<\/li>\n<li>la taille de la grille et le nombre de lignes et de colonnes<\/li>\n<li>la couleur de la barre d&#8217;\u00e9tat<\/li>\n<li>afficher le num\u00e9ro de s\u00e9rie<\/li>\n<li>ajouter des variables personnalis\u00e9es et du texte \u00e0 la banni\u00e8re inf\u00e9rieure<\/li>\n<li>configurer un fond d&#8217;\u00e9cran<\/li>\n<li>d\u00e9finir l&#8217;orientation de l&#8217;\u00e9cran<\/li>\n<li>d\u00e9finir le mot de passe de sortie<\/li>\n<\/ul>\n<p><span style=\"font-weight: 400;\"><a href=\"https:\/\/support.wizyemm.com\/hc\/en-us\/articles\/360050081634-Set-up-a-kiosk-mode\">En savoir plus sur notre centre d&#8217;assistance<\/a> (en anglais)<\/span><\/p>\n<\/div><\/div><\/div><\/div><\/div><\/div><div class=\"wpb_column vc_column_container vc_col-sm-8  col-xs-mobile-fullwidth wow none\"><div class=\"vc_column-inner vc_custom_1609832652927\"><div class=\"wpb_wrapper\"><div class=\"vc_row wpb_row vc_inner vc_row-fluid\"><div class=\"wpb_column vc_column_container vc_col-sm-6  col-xs-mobile-fullwidth\"><div class=\"vc_column-inner vc_custom_1609833221016\"><div class=\"wpb_wrapper\"><div class=\"position-relative featurebox24-2 featurebox24 pofo-featurebox\" ><i class=\"link-icon margin-15px-bottom text-deep-pink fas fa-lock icon-extra-medium\"><\/i><div class=\"feature-content\"><span class=\"text-medium text-extra-dark-gray font-weight-600 display-inline-block margin-5px-bottom alt-font\" style=\"font-size: 14px;\" data-fontsize=\"14px\">Restreindre l'acc\u00e8s aux applications s\u00e9lectionn\u00e9es<\/span><div class=\"last-paragraph-no-margin  width-80 sm-width-100\"><p>Assurez-vous que vos appareils sont utilis\u00e9s dans leur seul but<\/p>\n<\/div><\/div><\/div><\/div><\/div><\/div><div class=\"wpb_column vc_column_container vc_col-sm-6  col-xs-mobile-fullwidth\"><div class=\"vc_column-inner vc_custom_1609833225507\"><div class=\"wpb_wrapper\"><div class=\"position-relative featurebox24-3 featurebox24 pofo-featurebox\" ><i class=\"link-icon margin-15px-bottom text-deep-pink fas fa-volume-mute icon-extra-medium\"><\/i><div class=\"feature-content\"><span class=\"text-medium text-extra-dark-gray font-weight-600 display-inline-block margin-5px-bottom alt-font\" style=\"font-size: 14px;\" data-fontsize=\"14px\">Installer, mettre \u00e0 jour et supprimer des applications en silence<\/span><div class=\"last-paragraph-no-margin  width-80 sm-width-100\"><p>Pas besoin de retourner les appareils au service informatique<\/p>\n<\/div><\/div><\/div><\/div><\/div><\/div><div class=\"wpb_column vc_column_container vc_col-sm-6  col-xs-mobile-fullwidth\"><div class=\"vc_column-inner vc_custom_1609833299589\"><div class=\"wpb_wrapper\"><div class=\"position-relative featurebox24-4 featurebox24 pofo-featurebox\" ><i class=\"link-icon margin-15px-bottom text-deep-pink fas fa-eye-slash icon-extra-medium\"><\/i><div class=\"feature-content\"><span class=\"text-medium text-extra-dark-gray font-weight-600 display-inline-block margin-5px-bottom alt-font\" style=\"font-size: 14px;\" data-fontsize=\"14px\">Masquer les applications du kiosque<\/span><div class=\"last-paragraph-no-margin  width-80 sm-width-100\"><p>Installez les applications et faites-les fonctionner en arri\u00e8re-plan<\/p>\n<\/div><\/div><\/div><\/div><\/div><\/div><div class=\"wpb_column vc_column_container vc_col-sm-6  col-xs-mobile-fullwidth\"><div class=\"vc_column-inner vc_custom_1609833304928\"><div class=\"wpb_wrapper\"><div class=\"position-relative featurebox24-5 featurebox24 pofo-featurebox\" ><i class=\"link-icon margin-15px-bottom text-deep-pink fas fa-minus-circle icon-extra-medium\"><\/i><div class=\"feature-content\"><span class=\"text-medium text-extra-dark-gray font-weight-600 display-inline-block margin-5px-bottom alt-font\" style=\"font-size: 14px;\" data-fontsize=\"14px\">Bloquer l'acc\u00e8s aux param\u00e8tres<\/span><div class=\"last-paragraph-no-margin  width-80 sm-width-100\"><p>Assurez-vous que vos appareils ne sont pas utilis\u00e9s \u00e0 d&#8217;autres fins<\/p>\n<\/div><\/div><\/div><\/div><\/div><\/div><div class=\"wpb_column vc_column_container vc_col-sm-6  col-xs-mobile-fullwidth\"><div class=\"vc_column-inner vc_custom_1609833311327\"><div class=\"wpb_wrapper\"><div class=\"position-relative featurebox24-6 featurebox24 pofo-featurebox\" ><i class=\"link-icon margin-15px-bottom text-deep-pink fas fa-sign-out-alt icon-extra-medium\"><\/i><div class=\"feature-content\"><span class=\"text-medium text-extra-dark-gray font-weight-600 display-inline-block margin-5px-bottom alt-font\" style=\"font-size: 14px;\" data-fontsize=\"14px\">Quitter le mode kiosque avec un mot de passe<\/span><div class=\"last-paragraph-no-margin  width-80 sm-width-100\"><p>D\u00e9finissez un mot de passe administrateur et autorisez l&#8217;utilisateur \u00e0 quitter le mode Kiosque (en ligne ou hors ligne).<\/p>\n<\/div><\/div><\/div><\/div><\/div><\/div><div class=\"wpb_column vc_column_container vc_col-sm-6  col-xs-mobile-fullwidth\"><div class=\"vc_column-inner vc_custom_1609833317116\"><div class=\"wpb_wrapper\"><div class=\"position-relative featurebox24-7 featurebox24 pofo-featurebox\" ><i class=\"link-icon margin-15px-bottom text-deep-pink ti-fullscreen icon-extra-medium\"><\/i><div class=\"feature-content\"><span class=\"text-medium text-extra-dark-gray font-weight-600 display-inline-block margin-5px-bottom alt-font\" style=\"font-size: 14px;\" data-fontsize=\"14px\">Afficher l'application en mode plein \u00e9cran<\/span><div class=\"last-paragraph-no-margin  width-80 sm-width-100\"><p>Verrouillez votre appareil dans une application unique in\u00e9chappable<\/p>\n<\/div><\/div><\/div><\/div><\/div><\/div><\/div><\/div><\/div><\/div><\/section><div class=\"vc_row-full-width vc_clearfix\"><\/div><section data-vc-full-width=\"true\" data-vc-full-width-init=\"false\" data-vc-stretch-content=\"true\" class=\"vc_row wpb_row vc_row-fluid  vc_custom_1592392405129 pofo-stretch-content\"><div class=\"wpb_column vc_column_container vc_col-sm-6  col-xs-mobile-fullwidth text-justify md-text-justify sm-text-justify\"><div class=\"vc_column-inner vc_custom_1609832612341\"><div class=\"wpb_wrapper\"><h2 class=\"text-extra-dark-gray margin-20px-bottom font-weight-600 display-block alt-font heading-style2  vc_custom_1613052447086  heading-1\"  style=\"font-size: 24px; font-weight: 600;\" data-fontsize=\"24px\">Personnaliser l'interface utilisateur du kiosque Android<\/h2><h3 class=\"text-extra-dark-gray margin-20px-bottom font-weight-600 display-block alt-font heading-style2  vc_custom_1613052471484  heading-2\"  style=\"font-size: 16px; line-height: 23px; font-weight: 600; color: #0080c8;\" data-fontsize=\"16px\" data-lineheight=\"23px\">Mettez votre propre image de marque sur le fond d'\u00e9cran de votre appareil. D\u00e9finissez l'emplacement o\u00f9 vous souhaitez placer les ic\u00f4nes, la couleur de la barre d'\u00e9tat, affichez le num\u00e9ro de s\u00e9rie et bien plus encore.<\/h3><div class=\" vc_custom_1613052557799 last-paragraph-no-margin pofo-text-block-responsive-69d29194f13d5\" style=\"color: #535a55; width: width-95;\"><p>Des fonctionnalit\u00e9s suppl\u00e9mentaires sont \u00e9galement disponibles, telles que la d\u00e9sactivation de la barre d&#8217;\u00e9tat, du bouton d&#8217;alimentation, du prot\u00e8ge-clavier et des notifications. Les administrateurs de WizyEMM peuvent \u00e9galement d\u00e9finir des modes de kiosque \u00e0 application unique, dans lesquels l&#8217;appareil est verrouill\u00e9 dans une application in\u00e9chappable. Enfin, notre technologie de kiosque permet de personnaliser la marque : choisissez votre propre fond d&#8217;\u00e9cran sur tous vos appareils.<\/p>\n<p>Les kiosques sont partout et leur adoption continuera d&#8217;augmenter avec la num\u00e9risation de l&#8217;\u00e9conomie. Assurez-vous que vos appareils ne sont utilis\u00e9s que pour leurs besoins uniques.<\/p>\n<p>En savoir plus sur la <a href=\"https:\/\/developer.android.com\/work\/dpc\/dedicated-devices\" target=\"_blank\" rel=\"noopener\">technologie des appareils d\u00e9di\u00e9s d&#8217;Android<\/a>\u00a0(en anglais).<\/p>\n<\/div><\/div><\/div><\/div><div class=\"wpb_column vc_column_container vc_col-sm-6  col-xs-mobile-fullwidth\"><div class=\"vc_column-inner \"><div class=\"wpb_wrapper\"><div class=\"last-paragraph-no-margin\"><p><img loading=\"lazy\" class=\"size-full wp-image-24206\" src=\"https:\/\/wizyemm.com\/wp-content\/uploads\/2020\/09\/Kiosk-delivery-drivers.png\" alt=\"Mode kiosque personalisable\" width=\"788\" height=\"391\" srcset=\"https:\/\/wizyemm.com\/wp-content\/uploads\/2020\/09\/Kiosk-delivery-drivers.png 788w, https:\/\/wizyemm.com\/wp-content\/uploads\/2020\/09\/Kiosk-delivery-drivers-300x149.png 300w, https:\/\/wizyemm.com\/wp-content\/uploads\/2020\/09\/Kiosk-delivery-drivers-768x381.png 768w, https:\/\/wizyemm.com\/wp-content\/uploads\/2020\/09\/Kiosk-delivery-drivers-81x40.png 81w\" sizes=\"(max-width: 788px) 100vw, 788px\" \/><\/p>\n<\/div><\/div><\/div><\/div><\/section><div class=\"vc_row-full-width vc_clearfix\"><\/div><section data-vc-full-width=\"true\" data-vc-full-width-init=\"false\" data-vc-stretch-content=\"true\" class=\"vc_row wpb_row vc_row-fluid  vc_custom_1609832537791 pofo-stretch-content vc_row-o-content-middle vc_row-flex\"><div class=\"wpb_column vc_column_container vc_col-sm-6  col-xs-mobile-fullwidth text-center\"><div class=\"vc_column-inner \"><div class=\"wpb_wrapper\"><div class=\"last-paragraph-no-margin\"><p><img loading=\"lazy\" class=\"alignnone size-full wp-image-26316\" src=\"https:\/\/wizyemm.com\/wp-content\/uploads\/2021\/05\/kiosk-UI.png\" alt=\"V\u00e9rouillez vos terminaux Android avec le mode kiosque\" width=\"3225\" height=\"1707\" srcset=\"https:\/\/wizyemm.com\/wp-content\/uploads\/2021\/05\/kiosk-UI.png 3225w, https:\/\/wizyemm.com\/wp-content\/uploads\/2021\/05\/kiosk-UI-300x159.png 300w, https:\/\/wizyemm.com\/wp-content\/uploads\/2021\/05\/kiosk-UI-768x407.png 768w, https:\/\/wizyemm.com\/wp-content\/uploads\/2021\/05\/kiosk-UI-1024x542.png 1024w, https:\/\/wizyemm.com\/wp-content\/uploads\/2021\/05\/kiosk-UI-1200x635.png 1200w, https:\/\/wizyemm.com\/wp-content\/uploads\/2021\/05\/kiosk-UI-81x43.png 81w\" sizes=\"(max-width: 3225px) 100vw, 3225px\" \/><\/p>\n<\/div><\/div><\/div><\/div><div class=\"wpb_column vc_column_container vc_col-sm-6  col-xs-mobile-fullwidth text-justify md-text-justify sm-text-justify\"><div class=\"vc_column-inner vc_custom_1609832605107\"><div class=\"wpb_wrapper\"><h2 class=\"text-extra-dark-gray margin-20px-bottom font-weight-600 display-block alt-font heading-style2  vc_custom_1613052571342  heading-3\"  style=\"font-size: 24px; font-weight: 600;\" data-fontsize=\"24px\">Configurez votre kiosque Android<\/h2><h3 class=\"text-extra-dark-gray margin-20px-bottom font-weight-600 display-block alt-font heading-style2  vc_custom_1613052584573  heading-4\"  style=\"font-size: 16px; line-height: 23px; font-weight: 600; color: #0080c8;\" data-fontsize=\"16px\" data-lineheight=\"23px\">Verrouillez votre appareil dans une application incontournable, mettez votre propre image de marque sur le fond d'\u00e9cran de votre appareil et plus encore<\/h3><div class=\" vc_custom_1621866111205 last-paragraph-no-margin pofo-text-block-responsive-69d29194f1557\" style=\"color: #535a55; width: width-95;\"><p>Depuis la console WizyEMM, activez le mode kiosque sur un appareil, ou un groupe d&#8217;appareils en quelques clics. Cela verrouillera automatiquement vos appareils s\u00e9lectionn\u00e9s dans un mode kiosque, \u00e0 partir duquel les utilisateurs ne pourront acc\u00e9der qu&#8217;\u00e0 vos applications pr\u00e9-approuv\u00e9es.<\/p>\n<p>Nous avons con\u00e7u une interface simple et intuitive pour configurer le kiosque:<\/p>\n<ul>\n<li>La zone Param\u00e8tres d&#8217;affichage du kiosque vous permet d\u00e9sormais de s\u00e9lectionner des couleurs avec un<strong> s\u00e9lecteur de couleurs<\/strong><\/li>\n<li>Dans la zone Arrangement des applications, vous pouvez simplement faire <strong>glisser et d\u00e9poser une ic\u00f4ne d&#8217;application<\/strong> de la gauche vers l&#8217;\u00e9cran de droite, pour la placer sur un espace r\u00e9serv\u00e9 sp\u00e9cifique. Les espaces r\u00e9serv\u00e9s sont automatiquement configur\u00e9s en fonction des valeurs de ligne et de colonne d\u00e9finies<\/li>\n<li>Vous pouvez personnaliser le texte sur chaque appareil avec une liste de <strong>variables dynamiques<\/strong>, telles que le nom de l&#8217;appareil, le num\u00e9ro de s\u00e9rie de l&#8217;appareil, l&#8217;IMEI de l&#8217;appareil, l&#8217;adresse Mac Wifi de l&#8217;appareil, l&#8217;adresse IP de l&#8217;appareil, le num\u00e9ro de t\u00e9l\u00e9phone, le nom d&#8217;utilisateur et bien plus encore<\/li>\n<\/ul>\n<\/div><\/div><\/div><\/div><\/section><div class=\"vc_row-full-width vc_clearfix\"><\/div>\n","protected":false},"excerpt":{"rendered":"Verrouiller les appareils dans un seul but avec le mode kiosque La technologie de kiosque Android de WizyEMM permet \u00e0 nos clients de verrouiller des appareils \u00e0 usage unique pour des applications sp\u00e9cifiques, limitant l'acc\u00e8s aux configurations sous-jacentes. Cette fonctionnalit\u00e9 est particuli\u00e8rement importante pour les appareils destin\u00e9s aux clients utilis\u00e9s dans la vente au d\u00e9tail et dans les industries h\u00f4teli\u00e8res. Nous avons d\u00e9velopp\u00e9 une technologie de kiosque simple et facile \u00e0 utiliser, bas\u00e9e sur les nouvelles API Android. En savoir plus sur les API de gestion Android. &nbsp; Facile \u00e0 mettre en \u0153uvre - Activez en quelques clics - Personnalisez votre interface utilisateur Kiosque Personnaliser l'apparence du kiosqueMettez votre propre image de marque sur vos appareils Android. d\u00e9finir o\u00f9 vous voulez placer les ic\u00f4nes la taille de la grille et le nombre de lignes et de colonnes la couleur de la barre d'\u00e9tat afficher le num\u00e9ro de s\u00e9rie ajouter des variables personnalis\u00e9es et du texte \u00e0 la banni\u00e8re inf\u00e9rieure configurer un fond d'\u00e9cran d\u00e9finir l'orientation de l'\u00e9cran d\u00e9finir le mot de passe de sortie En savoir plus sur notre centre d'assistance (en anglais) Restreindre l'acc\u00e8s aux applications s\u00e9lectionn\u00e9esAssurez-vous que vos appareils sont utilis\u00e9s dans leur seul but Installer, mettre \u00e0...","protected":false},"author":1,"featured_media":24221,"parent":0,"menu_order":0,"comment_status":"closed","ping_status":"closed","template":"","meta":[],"yoast_head":"<!-- This site is optimized with the Yoast SEO plugin v18.6 - https:\/\/yoast.com\/wordpress\/plugins\/seo\/ -->\n<title>Mode Kiosque Android - WizyEMM<\/title>\n<meta name=\"robots\" content=\"index, follow, max-snippet:-1, max-image-preview:large, max-video-preview:-1\" \/>\n<link rel=\"canonical\" href=\"http:\/\/wizyemm.com\/fr\/fonctionnalites\/mode-kiosque-android\/\" \/>\n<meta property=\"og:locale\" content=\"fr_FR\" \/>\n<meta property=\"og:type\" content=\"article\" \/>\n<meta property=\"og:title\" content=\"Mode Kiosque Android - WizyEMM\" \/>\n<meta property=\"og:url\" content=\"http:\/\/wizyemm.com\/fr\/fonctionnalites\/mode-kiosque-android\/\" \/>\n<meta property=\"og:site_name\" content=\"WizyEMM\" \/>\n<meta property=\"article:modified_time\" content=\"2021-05-24T14:31:41+00:00\" \/>\n<meta property=\"og:image\" content=\"https:\/\/wizyemm.com\/wp-content\/uploads\/2020\/09\/Zebra.jpg\" \/>\n\t<meta property=\"og:image:width\" content=\"2710\" \/>\n\t<meta property=\"og:image:height\" content=\"1800\" \/>\n\t<meta property=\"og:image:type\" content=\"image\/jpeg\" \/>\n<meta name=\"twitter:card\" content=\"summary_large_image\" \/>\n<meta name=\"twitter:label1\" content=\"Dur\u00e9e de lecture estim\u00e9e\" \/>\n\t<meta name=\"twitter:data1\" content=\"10 minutes\" \/>\n<!-- \/ Yoast SEO plugin. -->","yoast_head_json":{"title":"Mode Kiosque Android - WizyEMM","robots":{"index":"index","follow":"follow","max-snippet":"max-snippet:-1","max-image-preview":"max-image-preview:large","max-video-preview":"max-video-preview:-1"},"canonical":"http:\/\/wizyemm.com\/fr\/fonctionnalites\/mode-kiosque-android\/","og_locale":"fr_FR","og_type":"article","og_title":"Mode Kiosque Android - WizyEMM","og_url":"http:\/\/wizyemm.com\/fr\/fonctionnalites\/mode-kiosque-android\/","og_site_name":"WizyEMM","article_modified_time":"2021-05-24T14:31:41+00:00","og_image":[{"width":2710,"height":1800,"url":"https:\/\/wizyemm.com\/wp-content\/uploads\/2020\/09\/Zebra.jpg","type":"image\/jpeg"}],"twitter_card":"summary_large_image","twitter_misc":{"Dur\u00e9e de lecture estim\u00e9e":"10 minutes"},"schema":{"@context":"https:\/\/schema.org","@graph":[{"@type":"Organization","@id":"https:\/\/wizyemm.com\/fr\/#organization","name":"WizyEMM","url":"https:\/\/wizyemm.com\/fr\/","sameAs":[],"logo":{"@type":"ImageObject","@id":"https:\/\/wizyemm.com\/fr\/#logo","inLanguage":"fr-FR","url":"https:\/\/wizyemm.com\/wp-content\/uploads\/2020\/05\/logo-3e43ae668112340d5106bf20c36af5bc.png","contentUrl":"https:\/\/wizyemm.com\/wp-content\/uploads\/2020\/05\/logo-3e43ae668112340d5106bf20c36af5bc.png","width":747,"height":125,"caption":"WizyEMM"},"image":{"@id":"https:\/\/wizyemm.com\/fr\/#logo"}},{"@type":"WebSite","@id":"https:\/\/wizyemm.com\/fr\/#website","url":"https:\/\/wizyemm.com\/fr\/","name":"WizyEMM","description":"Android Device Management for Frontline Workers","publisher":{"@id":"https:\/\/wizyemm.com\/fr\/#organization"},"potentialAction":[{"@type":"SearchAction","target":{"@type":"EntryPoint","urlTemplate":"https:\/\/wizyemm.com\/fr\/?s={search_term_string}"},"query-input":"required name=search_term_string"}],"inLanguage":"fr-FR"},{"@type":"ImageObject","@id":"http:\/\/wizyemm.com\/fr\/fonctionnalites\/mode-kiosque-android\/#primaryimage","inLanguage":"fr-FR","url":"https:\/\/wizyemm.com\/wp-content\/uploads\/2020\/09\/Zebra.jpg","contentUrl":"https:\/\/wizyemm.com\/wp-content\/uploads\/2020\/09\/Zebra.jpg","width":2710,"height":1800,"caption":"Android Kiosk lock down"},{"@type":"WebPage","@id":"http:\/\/wizyemm.com\/fr\/fonctionnalites\/mode-kiosque-android\/#webpage","url":"http:\/\/wizyemm.com\/fr\/fonctionnalites\/mode-kiosque-android\/","name":"Mode Kiosque Android - WizyEMM","isPartOf":{"@id":"https:\/\/wizyemm.com\/fr\/#website"},"primaryImageOfPage":{"@id":"http:\/\/wizyemm.com\/fr\/fonctionnalites\/mode-kiosque-android\/#primaryimage"},"datePublished":"2021-02-11T13:41:46+00:00","dateModified":"2021-05-24T14:31:41+00:00","breadcrumb":{"@id":"http:\/\/wizyemm.com\/fr\/fonctionnalites\/mode-kiosque-android\/#breadcrumb"},"inLanguage":"fr-FR","potentialAction":[{"@type":"ReadAction","target":["http:\/\/wizyemm.com\/fr\/fonctionnalites\/mode-kiosque-android\/"]}]},{"@type":"BreadcrumbList","@id":"http:\/\/wizyemm.com\/fr\/fonctionnalites\/mode-kiosque-android\/#breadcrumb","itemListElement":[{"@type":"ListItem","position":1,"name":"Accueil","item":"https:\/\/wizyemm.com\/fr\/"},{"@type":"ListItem","position":2,"name":"Mode Kiosque Android"}]}]}},"_links":{"self":[{"href":"https:\/\/wizyemm.com\/fr\/wp-json\/wp\/v2\/pages\/25217"}],"collection":[{"href":"https:\/\/wizyemm.com\/fr\/wp-json\/wp\/v2\/pages"}],"about":[{"href":"https:\/\/wizyemm.com\/fr\/wp-json\/wp\/v2\/types\/page"}],"author":[{"embeddable":true,"href":"https:\/\/wizyemm.com\/fr\/wp-json\/wp\/v2\/users\/1"}],"replies":[{"embeddable":true,"href":"https:\/\/wizyemm.com\/fr\/wp-json\/wp\/v2\/comments?post=25217"}],"version-history":[{"count":5,"href":"https:\/\/wizyemm.com\/fr\/wp-json\/wp\/v2\/pages\/25217\/revisions"}],"predecessor-version":[{"id":26321,"href":"https:\/\/wizyemm.com\/fr\/wp-json\/wp\/v2\/pages\/25217\/revisions\/26321"}],"wp:featuredmedia":[{"embeddable":true,"href":"https:\/\/wizyemm.com\/fr\/wp-json\/wp\/v2\/media\/24221"}],"wp:attachment":[{"href":"https:\/\/wizyemm.com\/fr\/wp-json\/wp\/v2\/media?parent=25217"}],"curies":[{"name":"wp","href":"https:\/\/api.w.org\/{rel}","templated":true}]}}