{"id":25224,"date":"2021-02-11T14:28:17","date_gmt":"2021-02-11T14:28:17","guid":{"rendered":"https:\/\/wizyemm.com\/?page_id=25224"},"modified":"2021-03-12T10:58:43","modified_gmt":"2021-03-12T10:58:43","slug":"prise-de-controle-a-distance","status":"publish","type":"page","link":"http:\/\/wizyemm.com\/fr\/fonctionnalites\/prise-de-controle\/","title":{"rendered":"Prise de contr\u00f4le \u00e0 distance"},"content":{"rendered":"<section data-vc-full-width=\"true\" data-vc-full-width-init=\"false\" data-vc-stretch-content=\"true\" class=\"vc_row wpb_row vc_row-fluid  vc_custom_1609753338626 cover-background bg-position-left-center wow fadeIn vc_row-has-fill pofo-stretch-content vc_row-no-padding vc_row-o-equal-height vc_row-flex pofo-row-responsive-69efa98f81dc8\"><div class=\"wpb_column vc_column_container vc_col-has-fill vc_col-sm-12 vc_col-lg-6 vc_col-md-6 vc_col-xs-12 wow fadeInLeft text-justify md-text-justify\"><div class=\"vc_column-inner vc_custom_1609753493319\"><div class=\"wpb_wrapper\"><div class=\"vc_row wpb_row vc_inner vc_row-fluid  vc_custom_1609753451672 pofo-inner-row-responsive-69efa98f81ef0\"><div class=\"wpb_column vc_column_container vc_col-lg-12 vc_col-md-12 col-xs-mobile-fullwidth wow none sm-text-center pofo-column-responsive-69efa98f81f3a\"><div class=\"vc_column-inner vc_custom_1609753552276\"><div class=\"wpb_wrapper\"><div class=\"last-paragraph-no-margin\"><h2 style=\"font-size: 36px!important; line-height: 40px!important; font-weight: 500!important; font-family: Montserrat!important; color: #232323!important;\">Prenez le contr\u00f4le de vos appareils Android<\/h2>\n<\/div><div class=\" vc_custom_1614778422965 last-paragraph-no-margin pofo-text-block-responsive-69efa98f81fba\" style=\"color: #535a55; width: width-95;\"><p>Acc\u00e9dez \u00e0 distance aux appareils pour d\u00e9boguer instantan\u00e9ment les probl\u00e8mes et les r\u00e9soudre \u00e0 distance. Nos capacit\u00e9s de <strong>prise de contr\u00f4le \u00e0 distance<\/strong> ont \u00e9t\u00e9 d\u00e9velopp\u00e9es avec l&#8217;un des principaux acteurs du march\u00e9. D\u00e9pannez vos appareils d\u00e9ploy\u00e9s sur le terrain en quelques minutes depuis la console EMM. Les administrateurs de WizyEMM peuvent afficher l&#8217;\u00e9cran en temps r\u00e9el et interagir avec l&#8217;appareil. Pas besoin de ramener les appareils \u00e0 un emplacement central pour les configurer manuellement. Contr\u00f4lez \u00e0 distance vos appareils depuis notre console en quelques clics.<\/p>\n<\/div><\/div><\/div><\/div><\/div><\/div><\/div><\/div><div class=\"wpb_column vc_column_container vc_col-sm-12 vc_col-lg-6 vc_col-md-6 vc_col-xs-12 wow fadeIn\"><div class=\"vc_column-inner vc_custom_1592292010427\"><div class=\"wpb_wrapper\"><\/div><\/div><\/div><\/section><div class=\"vc_row-full-width vc_clearfix\"><\/div><section class=\"vc_row wpb_row vc_row-fluid  vc_custom_1609754348244\"><div class=\"wpb_column vc_column_container vc_col-sm-12  col-xs-mobile-fullwidth text-center md-text-center sm-text-center\"><div class=\"vc_column-inner \"><div class=\"wpb_wrapper\"><h2 class=\"text-extra-dark-gray margin-20px-bottom font-weight-600 display-block alt-font heading-style2  vc_custom_1613053580184  heading-1\"  style=\"font-size: 24px; font-weight: 600;\" data-fontsize=\"24px\">Contr\u00f4le \u00e0 distance dans la console WizyEMM<\/h2><h3 class=\"text-extra-dark-gray margin-20px-bottom font-weight-600 display-block alt-font heading-style2  vc_custom_1613053594391  heading-2\"  style=\"font-size: 16px; line-height: 23px; font-weight: 600; color: #0080c8;\" data-fontsize=\"16px\" data-lineheight=\"23px\">Acc\u00e9dez \u00e0 distance aux appareils pour d\u00e9boguer instantan\u00e9ment les probl\u00e8mes et les r\u00e9soudre \u00e0 distance<\/h3><\/div><\/div><\/div><\/section><section data-vc-full-width=\"true\" data-vc-full-width-init=\"false\" data-vc-stretch-content=\"true\" class=\"vc_row wpb_row vc_row-fluid  vc_custom_1609754092887 pofo-stretch-content vc_row-o-content-bottom vc_row-flex\"><div class=\"wpb_column vc_column_container vc_col-sm-6  col-xs-mobile-fullwidth wow fadeInLeft text-left\"><div class=\"vc_column-inner \"><div class=\"wpb_wrapper\"><div class=\"last-paragraph-no-margin\"><p><img loading=\"lazy\" class=\"size-large wp-image-24839\" src=\"https:\/\/wizyemm.com\/wp-content\/uploads\/2020\/06\/remote-1024x696.png\" alt=\"Prise de contr\u00f4le \u00e0 distance de vos appareils Android\" width=\"1024\" height=\"696\" srcset=\"https:\/\/wizyemm.com\/wp-content\/uploads\/2020\/06\/remote-1024x696.png 1024w, https:\/\/wizyemm.com\/wp-content\/uploads\/2020\/06\/remote-300x204.png 300w, https:\/\/wizyemm.com\/wp-content\/uploads\/2020\/06\/remote-768x522.png 768w, https:\/\/wizyemm.com\/wp-content\/uploads\/2020\/06\/remote-1135x771.png 1135w, https:\/\/wizyemm.com\/wp-content\/uploads\/2020\/06\/remote-81x55.png 81w, https:\/\/wizyemm.com\/wp-content\/uploads\/2020\/06\/remote.png 1503w\" sizes=\"(max-width: 1024px) 100vw, 1024px\" \/><\/p>\n<\/div><\/div><\/div><\/div><div class=\"wpb_column vc_column_container vc_col-sm-6  col-xs-mobile-fullwidth\"><div class=\"vc_column-inner vc_custom_1609754229948\"><div class=\"wpb_wrapper\"><div class=\"position-relative featurebox24-1 featurebox24 pofo-featurebox  vc_custom_1614778460192\" ><i class=\"link-icon margin-15px-bottom text-deep-pink fas fa-tools icon-extra-medium\"><\/i><div class=\"feature-content\"><h2 class=\"text-medium text-extra-dark-gray font-weight-600 display-inline-block margin-5px-bottom alt-font\" style=\"font-size: 16px; font-weight: 600;\" data-fontsize=\"16px\">Contr\u00f4le \u00e0 distance<\/h2><div class=\"last-paragraph-no-margin  width-80 sm-width-100\"><p>Prise de contr\u00f4le \u00e0 distance pour r\u00e9soudre les probl\u00e8mes potentiels sur HP, Archos, Honeywell, Lenovo, Point Mobile, Samsung, Sony, Zebra, Datalogic et Unitech<\/p>\n<\/div><\/div><\/div><div class=\"position-relative featurebox24-2 featurebox24 pofo-featurebox  vc_custom_1613053641378\" ><i class=\"link-icon margin-15px-bottom text-deep-pink fas fa-eye icon-extra-medium\"><\/i><div class=\"feature-content\"><h2 class=\"text-medium text-extra-dark-gray font-weight-600 display-inline-block margin-5px-bottom alt-font\" style=\"font-size: 16px; font-weight: 600;\" data-fontsize=\"16px\">Vue \u00e0 distance<\/h2><div class=\"last-paragraph-no-margin  width-80 sm-width-100\"><p>Affichez les appareils en temps r\u00e9el depuis votre console WizyEMM. La vue \u00e0 distance est compatible avec toutes les versions d&#8217;Android et vous permet de voir instantan\u00e9ment ce que vos appareils affichent. Connectez-vous \u00e0 vos appareils de n&#8217;importe o\u00f9 dans le monde.<\/p>\n<\/div><\/div><\/div><div class=\"position-relative featurebox24-3 featurebox24 pofo-featurebox  vc_custom_1613053691463\" ><i class=\"link-icon margin-15px-bottom text-deep-pink fab fa-rocketchat icon-extra-medium\"><\/i><div class=\"feature-content\"><h2 class=\"text-medium text-extra-dark-gray font-weight-600 display-inline-block margin-5px-bottom alt-font\" style=\"font-size: 16px; font-weight: 600;\" data-fontsize=\"16px\">Messages \u00e0 distance<\/h2><div class=\"last-paragraph-no-margin  width-80 sm-width-100\"><p>Envoyez des messages \u00e0 vos appareils depuis la console EMM en quelques clics gr\u00e2ce aux notifications push. Informez instantan\u00e9ment les utilisateurs de toute communication. Envoyez des messages par lots \u00e0 vos appareils ou ciblez un appareil sp\u00e9cifique.<\/p>\n<\/div><\/div><\/div><\/div><\/div><\/div><\/section><div class=\"vc_row-full-width vc_clearfix\"><\/div>\n","protected":false},"excerpt":{"rendered":"Prenez le contr\u00f4le de vos appareils Android Acc\u00e9dez \u00e0 distance aux appareils pour d\u00e9boguer instantan\u00e9ment les probl\u00e8mes et les r\u00e9soudre \u00e0 distance. Nos capacit\u00e9s de prise de contr\u00f4le \u00e0 distance ont \u00e9t\u00e9 d\u00e9velopp\u00e9es avec l'un des principaux acteurs du march\u00e9. D\u00e9pannez vos appareils d\u00e9ploy\u00e9s sur le terrain en quelques minutes depuis la console EMM. Les administrateurs de WizyEMM peuvent afficher l'\u00e9cran en temps r\u00e9el et interagir avec l'appareil. Pas besoin de ramener les appareils \u00e0 un emplacement central pour les configurer manuellement. Contr\u00f4lez \u00e0 distance vos appareils depuis notre console en quelques clics. Contr\u00f4le \u00e0 distance dans la console WizyEMMAcc\u00e9dez \u00e0 distance aux appareils pour d\u00e9boguer instantan\u00e9ment les probl\u00e8mes et les r\u00e9soudre \u00e0 distance Contr\u00f4le \u00e0 distancePrise de contr\u00f4le \u00e0 distance pour r\u00e9soudre les probl\u00e8mes potentiels sur HP, Archos, Honeywell, Lenovo, Point Mobile, Samsung, Sony, Zebra, Datalogic et Unitech Vue \u00e0 distanceAffichez les appareils en temps r\u00e9el depuis votre console WizyEMM. La vue \u00e0 distance est compatible avec toutes les versions d'Android et vous permet de voir instantan\u00e9ment ce que vos appareils affichent. Connectez-vous \u00e0 vos appareils de n'importe o\u00f9 dans le monde. Messages \u00e0 distanceEnvoyez des messages \u00e0 vos appareils depuis la console EMM en quelques clics gr\u00e2ce aux...","protected":false},"author":1,"featured_media":23923,"parent":0,"menu_order":0,"comment_status":"closed","ping_status":"closed","template":"","meta":[],"yoast_head":"<!-- This site is optimized with the Yoast SEO plugin v18.6 - https:\/\/yoast.com\/wordpress\/plugins\/seo\/ -->\n<title>Prise de contr\u00f4le \u00e0 distance - WizyEMM<\/title>\n<meta name=\"robots\" content=\"index, follow, max-snippet:-1, max-image-preview:large, max-video-preview:-1\" \/>\n<link rel=\"canonical\" href=\"http:\/\/wizyemm.com\/fr\/fonctionnalites\/prise-de-controle\/\" \/>\n<meta property=\"og:locale\" content=\"fr_FR\" \/>\n<meta property=\"og:type\" content=\"article\" \/>\n<meta property=\"og:title\" content=\"Prise de contr\u00f4le \u00e0 distance - WizyEMM\" \/>\n<meta property=\"og:url\" content=\"http:\/\/wizyemm.com\/fr\/fonctionnalites\/prise-de-controle\/\" \/>\n<meta property=\"og:site_name\" content=\"WizyEMM\" \/>\n<meta property=\"article:modified_time\" content=\"2021-03-12T10:58:43+00:00\" \/>\n<meta property=\"og:image\" content=\"https:\/\/wizyemm.com\/wp-content\/uploads\/2020\/06\/remote-control0815-B-1.png\" \/>\n\t<meta property=\"og:image:width\" content=\"1900\" \/>\n\t<meta property=\"og:image:height\" content=\"727\" \/>\n\t<meta property=\"og:image:type\" content=\"image\/png\" \/>\n<meta name=\"twitter:card\" content=\"summary_large_image\" \/>\n<meta name=\"twitter:label1\" content=\"Dur\u00e9e de lecture estim\u00e9e\" \/>\n\t<meta name=\"twitter:data1\" content=\"5 minutes\" \/>\n<!-- \/ Yoast SEO plugin. -->","yoast_head_json":{"title":"Prise de contr\u00f4le \u00e0 distance - WizyEMM","robots":{"index":"index","follow":"follow","max-snippet":"max-snippet:-1","max-image-preview":"max-image-preview:large","max-video-preview":"max-video-preview:-1"},"canonical":"http:\/\/wizyemm.com\/fr\/fonctionnalites\/prise-de-controle\/","og_locale":"fr_FR","og_type":"article","og_title":"Prise de contr\u00f4le \u00e0 distance - WizyEMM","og_url":"http:\/\/wizyemm.com\/fr\/fonctionnalites\/prise-de-controle\/","og_site_name":"WizyEMM","article_modified_time":"2021-03-12T10:58:43+00:00","og_image":[{"width":1900,"height":727,"url":"https:\/\/wizyemm.com\/wp-content\/uploads\/2020\/06\/remote-control0815-B-1.png","type":"image\/png"}],"twitter_card":"summary_large_image","twitter_misc":{"Dur\u00e9e de lecture estim\u00e9e":"5 minutes"},"schema":{"@context":"https:\/\/schema.org","@graph":[{"@type":"Organization","@id":"https:\/\/wizyemm.com\/#organization","name":"WizyEMM","url":"https:\/\/wizyemm.com\/","sameAs":[],"logo":{"@type":"ImageObject","@id":"https:\/\/wizyemm.com\/#logo","inLanguage":"fr-FR","url":"https:\/\/wizyemm.com\/wp-content\/uploads\/2020\/05\/logo-3e43ae668112340d5106bf20c36af5bc.png","contentUrl":"https:\/\/wizyemm.com\/wp-content\/uploads\/2020\/05\/logo-3e43ae668112340d5106bf20c36af5bc.png","width":747,"height":125,"caption":"WizyEMM"},"image":{"@id":"https:\/\/wizyemm.com\/#logo"}},{"@type":"WebSite","@id":"https:\/\/wizyemm.com\/#website","url":"https:\/\/wizyemm.com\/","name":"WizyEMM","description":"Android Device Management for Frontline Workers","publisher":{"@id":"https:\/\/wizyemm.com\/#organization"},"potentialAction":[{"@type":"SearchAction","target":{"@type":"EntryPoint","urlTemplate":"https:\/\/wizyemm.com\/?s={search_term_string}"},"query-input":"required name=search_term_string"}],"inLanguage":"fr-FR"},{"@type":"ImageObject","@id":"http:\/\/wizyemm.com\/fr\/fonctionnalites\/prise-de-controle\/#primaryimage","inLanguage":"fr-FR","url":"https:\/\/wizyemm.com\/wp-content\/uploads\/2020\/06\/remote-control0815-B-1.png","contentUrl":"https:\/\/wizyemm.com\/wp-content\/uploads\/2020\/06\/remote-control0815-B-1.png","width":1900,"height":727,"caption":"Android Remote Control"},{"@type":"WebPage","@id":"http:\/\/wizyemm.com\/fr\/fonctionnalites\/prise-de-controle\/#webpage","url":"http:\/\/wizyemm.com\/fr\/fonctionnalites\/prise-de-controle\/","name":"Prise de contr\u00f4le \u00e0 distance - WizyEMM","isPartOf":{"@id":"https:\/\/wizyemm.com\/#website"},"primaryImageOfPage":{"@id":"http:\/\/wizyemm.com\/fr\/fonctionnalites\/prise-de-controle\/#primaryimage"},"datePublished":"2021-02-11T14:28:17+00:00","dateModified":"2021-03-12T10:58:43+00:00","breadcrumb":{"@id":"http:\/\/wizyemm.com\/fr\/fonctionnalites\/prise-de-controle\/#breadcrumb"},"inLanguage":"fr-FR","potentialAction":[{"@type":"ReadAction","target":["http:\/\/wizyemm.com\/fr\/fonctionnalites\/prise-de-controle\/"]}]},{"@type":"BreadcrumbList","@id":"http:\/\/wizyemm.com\/fr\/fonctionnalites\/prise-de-controle\/#breadcrumb","itemListElement":[{"@type":"ListItem","position":1,"name":"Accueil","item":"https:\/\/wizyemm.com\/fr\/"},{"@type":"ListItem","position":2,"name":"Prise de contr\u00f4le \u00e0 distance"}]}]}},"_links":{"self":[{"href":"https:\/\/wizyemm.com\/fr\/wp-json\/wp\/v2\/pages\/25224"}],"collection":[{"href":"https:\/\/wizyemm.com\/fr\/wp-json\/wp\/v2\/pages"}],"about":[{"href":"https:\/\/wizyemm.com\/fr\/wp-json\/wp\/v2\/types\/page"}],"author":[{"embeddable":true,"href":"https:\/\/wizyemm.com\/fr\/wp-json\/wp\/v2\/users\/1"}],"replies":[{"embeddable":true,"href":"https:\/\/wizyemm.com\/fr\/wp-json\/wp\/v2\/comments?post=25224"}],"version-history":[{"count":5,"href":"https:\/\/wizyemm.com\/fr\/wp-json\/wp\/v2\/pages\/25224\/revisions"}],"predecessor-version":[{"id":25361,"href":"https:\/\/wizyemm.com\/fr\/wp-json\/wp\/v2\/pages\/25224\/revisions\/25361"}],"wp:featuredmedia":[{"embeddable":true,"href":"https:\/\/wizyemm.com\/fr\/wp-json\/wp\/v2\/media\/23923"}],"wp:attachment":[{"href":"https:\/\/wizyemm.com\/fr\/wp-json\/wp\/v2\/media?parent=25224"}],"curies":[{"name":"wp","href":"https:\/\/api.w.org\/{rel}","templated":true}]}}