{"id":25230,"date":"2021-02-11T14:35:44","date_gmt":"2021-02-11T14:35:44","guid":{"rendered":"https:\/\/wizyemm.com\/?page_id=25230"},"modified":"2021-03-12T10:59:16","modified_gmt":"2021-03-12T10:59:16","slug":"gestion-des-terminaux-durcis","status":"publish","type":"page","link":"http:\/\/wizyemm.com\/fr\/fonctionnalites\/terminaux-durcis\/","title":{"rendered":"Gestion des terminaux durcis"},"content":{"rendered":"<section data-vc-full-width=\"true\" data-vc-full-width-init=\"false\" data-vc-stretch-content=\"true\" class=\"vc_row wpb_row vc_row-fluid  vc_custom_1593419256237 cover-background bg-position-center-center wow fadeIn vc_row-has-fill pofo-stretch-content vc_row-no-padding vc_row-o-equal-height vc_row-flex pofo-row-responsive-69df4e0764fa4\"><div class=\"wpb_column vc_column_container vc_col-has-fill vc_col-sm-12 vc_col-lg-6 vc_col-md-6 vc_col-xs-12 wow fadeInLeft text-justify md-text-justify pofo-column-responsive-69df4e0765078\"><div class=\"vc_column-inner vc_custom_1609835030128\"><div class=\"wpb_wrapper\"><div class=\"vc_row wpb_row vc_inner vc_row-fluid  vc_custom_1609835052656 pofo-inner-row-responsive-69df4e076511a\"><div class=\"wpb_column vc_column_container vc_col-lg-12 vc_col-md-12 col-xs-mobile-fullwidth wow none sm-text-center pofo-column-responsive-69df4e07651aa\"><div class=\"vc_column-inner vc_custom_1609835069855\"><div class=\"wpb_wrapper\"><div class=\"last-paragraph-no-margin\"><h2 style=\"font-size: 36px!important; line-height: 40px!important; font-weight: 500!important; font-family: Montserrat!important; color: #232323!important;\">Optimisez les <strong>terminaux durcis<\/strong> pour une productivit\u00e9 maximale<\/h2>\n<\/div><div class=\" vc_custom_1613054020543 last-paragraph-no-margin pofo-text-block-responsive-69df4e0765278\" style=\"color: #535a55; width: width-95;\"><p>Les appareils durcis sont des composants essentiels de toute strat\u00e9gie num\u00e9rique dans des environnements difficiles, qu&#8217;il s&#8217;agisse de services sur le terrain, d&#8217;entreposage ou de logistique. La minimisation des temps d&#8217;arr\u00eat est essentielle, car elle a un impact important sur les op\u00e9rations et, par cons\u00e9quent, sur la rentabilit\u00e9. Une strat\u00e9gie de mobilit\u00e9 r\u00e9ussie pour les appareils durcis est n\u00e9cessaire pour maximiser la productivit\u00e9 et le retour sur investissement.<\/p>\n<p>WizyEMM travaille aux c\u00f4t\u00e9s de tous les principaux fabricants de terminaux durcis pour r\u00e9pondre aux besoins sp\u00e9cifiques des cas d&#8217;utilisation en entreprise. Nous avons int\u00e9gr\u00e9 trois de leurs fonctionnalit\u00e9s pour apporter de la valeur ajout\u00e9e \u00e0 nos clients: FOTA, OEMConfig et les services cloud.<\/p>\n<p>Nous travaillons avec tous les principaux constructeurs pour fournir des int\u00e9grations sp\u00e9cifiques:<\/p>\n<p><a href=\"https:\/\/www.honeywellaidc.com\/products\/computer-devices\/handheld\" target=\"_blank\" rel=\"nofollow noopener\"><img class=\"alignnone size-full wp-image-22754\" src=\"https:\/\/xqrcwkh.cluster028.hosting.ovh.net\/wp-content\/uploads\/2020\/05\/honeywell.jpg\" sizes=\"(max-width: 225px) 100vw, 225px\" srcset=\"https:\/\/wizyemm.com\/wp-content\/uploads\/2020\/05\/honeywell.jpg 225w, https:\/\/wizyemm.com\/wp-content\/uploads\/2020\/05\/honeywell-81x40.jpg 81w\" alt=\"\" width=\"100\" \/><\/a>\u00a0 \u00a0\u00a0<a href=\"https:\/\/global.kyocera.com\/\" target=\"_blank\" rel=\"nofollow noopener\"><img class=\"alignnone size-full wp-image-23142\" src=\"https:\/\/xqrcwkh.cluster028.hosting.ovh.net\/wp-content\/uploads\/2020\/06\/kyocera.jpg\" sizes=\"(max-width: 215px) 100vw, 215px\" srcset=\"https:\/\/wizyemm.com\/wp-content\/uploads\/2020\/06\/kyocera.jpg 215w, https:\/\/wizyemm.com\/wp-content\/uploads\/2020\/06\/kyocera-81x41.jpg 81w\" alt=\"\" width=\"100\" \/><\/a>\u00a0 \u00a0 <a href=\"https:\/\/www.panasonic.com\/global\/home.html\" target=\"_blank\" rel=\"nofollow noopener\"><img class=\"alignnone size-full wp-image-24403\" src=\"https:\/\/wizyemm.com\/wp-content\/uploads\/2020\/12\/panasonic.png\" alt=\"\" width=\"100\" srcset=\"https:\/\/wizyemm.com\/wp-content\/uploads\/2020\/12\/panasonic.png 225w, https:\/\/wizyemm.com\/wp-content\/uploads\/2020\/12\/panasonic-81x40.png 81w\" sizes=\"(max-width: 225px) 100vw, 225px\" \/><\/a>\u00a0 \u00a0\u00a0<a href=\"https:\/\/ruggear.com\/\" target=\"_blank\" rel=\"nofollow noopener\"><img class=\"alignnone size-full wp-image-22755\" src=\"https:\/\/xqrcwkh.cluster028.hosting.ovh.net\/wp-content\/uploads\/2020\/05\/ruggear.jpg\" sizes=\"(max-width: 225px) 100vw, 225px\" srcset=\"https:\/\/wizyemm.com\/wp-content\/uploads\/2020\/05\/ruggear.jpg 225w, https:\/\/wizyemm.com\/wp-content\/uploads\/2020\/05\/ruggear-81x40.jpg 81w\" alt=\"\" width=\"100\" \/><\/a>\u00a0 \u00a0\u00a0<a href=\"https:\/\/www.samsung.com\/\" target=\"_blank\" rel=\"nofollow noopener\"><img class=\"alignnone size-full wp-image-22756\" src=\"https:\/\/xqrcwkh.cluster028.hosting.ovh.net\/wp-content\/uploads\/2020\/05\/samsung.jpg\" sizes=\"(max-width: 225px) 100vw, 225px\" srcset=\"https:\/\/wizyemm.com\/wp-content\/uploads\/2020\/05\/samsung.jpg 225w, https:\/\/wizyemm.com\/wp-content\/uploads\/2020\/05\/samsung-81x40.jpg 81w\" alt=\"\" width=\"100\" \/><\/a>\u00a0 \u00a0\u00a0<a href=\"https:\/\/www.zebra.com\/gb\/en\/partners\/partner-application-locator\/software-apps-details.html?id=a5i0H000000Xm4KQAS&amp;viewType=nav\" target=\"_blank\" rel=\"nofollow noopener\"><img class=\"alignnone size-full wp-image-22757\" src=\"https:\/\/xqrcwkh.cluster028.hosting.ovh.net\/wp-content\/uploads\/2020\/05\/zebra.jpg\" sizes=\"(max-width: 225px) 100vw, 225px\" srcset=\"https:\/\/wizyemm.com\/wp-content\/uploads\/2020\/05\/zebra.jpg 225w, https:\/\/wizyemm.com\/wp-content\/uploads\/2020\/05\/zebra-81x40.jpg 81w\" alt=\"\" width=\"100\" \/><\/a>\u00a0 \u00a0\u00a0<a href=\"https:\/\/www.datalogic.com\/eng\/index.html\" target=\"_blank\" rel=\"nofollow noopener\"><img class=\"alignnone size-full wp-image-24401\" src=\"https:\/\/wizyemm.com\/wp-content\/uploads\/2020\/12\/datalogic.png\" alt=\"\" width=\"100\" srcset=\"https:\/\/wizyemm.com\/wp-content\/uploads\/2020\/12\/datalogic.png 225w, https:\/\/wizyemm.com\/wp-content\/uploads\/2020\/12\/datalogic-81x40.png 81w\" sizes=\"(max-width: 225px) 100vw, 225px\" \/><\/a>\u00a0 \u00a0\u00a0<a href=\"https:\/\/www.ute.com\/en\" target=\"_blank\" rel=\"nofollow noopener\"><img class=\"alignnone size-full wp-image-24400\" src=\"https:\/\/wizyemm.com\/wp-content\/uploads\/2020\/12\/unitech.png\" alt=\"\" width=\"100\" srcset=\"https:\/\/wizyemm.com\/wp-content\/uploads\/2020\/12\/unitech.png 225w, https:\/\/wizyemm.com\/wp-content\/uploads\/2020\/12\/unitech-81x40.png 81w\" sizes=\"(max-width: 225px) 100vw, 225px\" \/><\/a><\/p>\n<\/div><\/div><\/div><\/div><\/div><\/div><\/div><\/div><div class=\"wpb_column vc_column_container vc_col-sm-12 vc_col-lg-6 vc_col-md-6 vc_col-xs-12 wow fadeIn\"><div class=\"vc_column-inner vc_custom_1592292507121\"><div class=\"wpb_wrapper\"><\/div><\/div><\/div><\/section><div class=\"vc_row-full-width vc_clearfix\"><\/div><section data-vc-full-width=\"true\" data-vc-full-width-init=\"false\" data-vc-stretch-content=\"true\" class=\"vc_row wpb_row vc_row-fluid  vc_custom_1591625336024 vc_column-gap-10 pofo-stretch-content\"><div class=\"wpb_column vc_column_container vc_col-sm-4  col-xs-mobile-fullwidth wow fadeInUp pofo-column-responsive-69df4e07653bd\"><div class=\"vc_column-inner vc_custom_1591625360292\"><div class=\"wpb_wrapper\"><div class=\"position-relative featurebox24-1 featurebox24 pofo-featurebox\" ><i class=\"link-icon margin-15px-bottom text-deep-pink fas fa-microchip icon-extra-medium\"><\/i><div class=\"feature-content\"><span class=\"text-medium text-extra-dark-gray font-weight-600 display-inline-block margin-5px-bottom alt-font\" style=\"font-size: 14px;\" data-fontsize=\"14px\">Firmware Over the Air<\/span><div class=\"last-paragraph-no-margin  width-80 sm-width-100\"><p>La diffusion \u00e0 distance des mises \u00e0 jour syst\u00e8me est un facteur cl\u00e9 pour minimiser les temps d&#8217;arr\u00eat des appareils durcis d\u00e9ploy\u00e9s. Il n&#8217;est plus n\u00e9cessaire de ramener les appareils dans un entrep\u00f4t centralis\u00e9 pour t\u00e9l\u00e9charger manuellement via USB tout correctif de s\u00e9curit\u00e9 ou mise \u00e0 niveau du syst\u00e8me d&#8217;exploitation. Les utilisateurs administrateurs de WizyEMM peuvent le faire dans notre console en seulement quelques clics. \u00c9conomisez des heures d&#8217;arr\u00eat des appareils et de complexit\u00e9 logistique en transmettant simplement les mises \u00e0 jour \u00e0 distance.<\/p>\n<\/div><\/div><\/div><\/div><\/div><\/div><div class=\"wpb_column vc_column_container vc_col-sm-4  col-xs-mobile-fullwidth wow fadeInUp\" data-wow-delay= 200ms><div class=\"vc_column-inner \"><div class=\"wpb_wrapper\"><div class=\"position-relative featurebox24-2 featurebox24 pofo-featurebox\" ><i class=\"link-icon margin-15px-bottom text-deep-pink fas fa-cogs icon-extra-medium\"><\/i><div class=\"feature-content\"><span class=\"text-medium text-extra-dark-gray font-weight-600 display-inline-block margin-5px-bottom alt-font\" style=\"font-size: 14px;\" data-fontsize=\"14px\">OEMConfig<\/span><div class=\"last-paragraph-no-margin  width-80 sm-width-100\"><p><span style=\"font-weight: 400;\">OEMConfig permet \u00e0 nos utilisateurs d&#8217;aller encore plus loin que nos capacit\u00e9s standard de gestion des appareils mobiles. Il permet \u00e0 nos utilisateurs de configurer les param\u00e8tres sp\u00e9cifiques aux fabricants pour leurs appareils durcis, directement depuis leur console WizyEMM. Il offre une approche plus granulaire de la gestion d&#8217;appareils mobiles, n\u00e9cessaire pour les appareils qui contiennent des capacit\u00e9s mat\u00e9rielles avanc\u00e9es telles que les scanners. Apprendre encore plus.. <a href=\"https:\/\/wizyemm.com\/fr\/integrations\/oemconfig\/\"><span style=\"color: #0080c8; font-weight: 500;\">En savoir plus<\/span><\/a>.<\/span><\/p>\n<\/div><\/div><\/div><\/div><\/div><\/div><div class=\"wpb_column vc_column_container vc_col-sm-4  col-xs-mobile-fullwidth wow fadeInUp pofo-column-responsive-69df4e0765524\" data-wow-delay= 400ms><div class=\"vc_column-inner vc_custom_1591625370412\"><div class=\"wpb_wrapper\"><div class=\"position-relative featurebox24-3 featurebox24 pofo-featurebox\" ><i class=\"link-icon margin-15px-bottom text-deep-pink fas fa-cloud icon-extra-medium\"><\/i><div class=\"feature-content\"><span class=\"text-medium text-extra-dark-gray font-weight-600 display-inline-block margin-5px-bottom alt-font\" style=\"font-size: 14px;\" data-fontsize=\"14px\">OEM Cloud Service<\/span><div class=\"last-paragraph-no-margin  width-80 sm-width-100\"><p>WizyEMM s&#8217;int\u00e8gre aux services cloud OEM s\u00e9lectionn\u00e9s pour ramener \u00e0 la console WizyEMM des informations suppl\u00e9mentaires sp\u00e9cifiques sur les appareils, uniquement disponibles au niveau mat\u00e9riel. Nous agr\u00e9gons ensuite ces points de donn\u00e9es et les proposons de mani\u00e8re uniforme \u00e0 nos clients, au travers de tableaux de bord ou d&#8217;API standards. Vous souhaitez cr\u00e9er un tableau de bord personnalis\u00e9 ? Consultez notre page Smart Analytics.<\/p>\n<\/div><\/div><\/div><\/div><\/div><\/div><\/section><div class=\"vc_row-full-width vc_clearfix\"><\/div>\n","protected":false},"excerpt":{"rendered":"Optimisez les terminaux durcis pour une productivit\u00e9 maximale Les appareils durcis sont des composants essentiels de toute strat\u00e9gie num\u00e9rique dans des environnements difficiles, qu'il s'agisse de services sur le terrain, d'entreposage ou de logistique. La minimisation des temps d'arr\u00eat est essentielle, car elle a un impact important sur les op\u00e9rations et, par cons\u00e9quent, sur la rentabilit\u00e9. Une strat\u00e9gie de mobilit\u00e9 r\u00e9ussie pour les appareils durcis est n\u00e9cessaire pour maximiser la productivit\u00e9 et le retour sur investissement. WizyEMM travaille aux c\u00f4t\u00e9s de tous les principaux fabricants de terminaux durcis pour r\u00e9pondre aux besoins sp\u00e9cifiques des cas d'utilisation en entreprise. Nous avons int\u00e9gr\u00e9 trois de leurs fonctionnalit\u00e9s pour apporter de la valeur ajout\u00e9e \u00e0 nos clients: FOTA, OEMConfig et les services cloud. Nous travaillons avec tous les principaux constructeurs pour fournir des int\u00e9grations sp\u00e9cifiques: \u00a0 \u00a0\u00a0\u00a0 \u00a0 \u00a0 \u00a0\u00a0\u00a0 \u00a0\u00a0\u00a0 \u00a0\u00a0\u00a0 \u00a0\u00a0\u00a0 \u00a0\u00a0 Firmware Over the AirLa diffusion \u00e0 distance des mises \u00e0 jour syst\u00e8me est un facteur cl\u00e9 pour minimiser les temps d'arr\u00eat des appareils durcis d\u00e9ploy\u00e9s. Il n'est plus n\u00e9cessaire de ramener les appareils dans un entrep\u00f4t centralis\u00e9 pour t\u00e9l\u00e9charger manuellement via USB tout correctif de s\u00e9curit\u00e9 ou mise \u00e0 niveau du syst\u00e8me d'exploitation. Les utilisateurs administrateurs de WizyEMM peuvent...","protected":false},"author":1,"featured_media":23139,"parent":0,"menu_order":0,"comment_status":"closed","ping_status":"closed","template":"","meta":[],"yoast_head":"<!-- This site is optimized with the Yoast SEO plugin v18.6 - https:\/\/yoast.com\/wordpress\/plugins\/seo\/ -->\n<title>Gestion des terminaux durcis - WizyEMM<\/title>\n<meta name=\"robots\" content=\"index, follow, max-snippet:-1, max-image-preview:large, max-video-preview:-1\" \/>\n<link rel=\"canonical\" href=\"http:\/\/wizyemm.com\/fr\/fonctionnalites\/terminaux-durcis\/\" \/>\n<meta property=\"og:locale\" content=\"fr_FR\" \/>\n<meta property=\"og:type\" content=\"article\" \/>\n<meta property=\"og:title\" content=\"Gestion des terminaux durcis - WizyEMM\" \/>\n<meta property=\"og:url\" content=\"http:\/\/wizyemm.com\/fr\/fonctionnalites\/terminaux-durcis\/\" \/>\n<meta property=\"og:site_name\" content=\"WizyEMM\" \/>\n<meta property=\"article:modified_time\" content=\"2021-03-12T10:59:16+00:00\" \/>\n<meta property=\"og:image\" content=\"https:\/\/wizyemm.com\/wp-content\/uploads\/2020\/06\/rugged-devices-1.jpg\" \/>\n\t<meta property=\"og:image:width\" content=\"1920\" \/>\n\t<meta property=\"og:image:height\" content=\"650\" \/>\n\t<meta property=\"og:image:type\" content=\"image\/jpeg\" \/>\n<meta name=\"twitter:card\" content=\"summary_large_image\" \/>\n<meta name=\"twitter:label1\" content=\"Dur\u00e9e de lecture estim\u00e9e\" \/>\n\t<meta name=\"twitter:data1\" content=\"5 minutes\" \/>\n<!-- \/ Yoast SEO plugin. -->","yoast_head_json":{"title":"Gestion des terminaux durcis - WizyEMM","robots":{"index":"index","follow":"follow","max-snippet":"max-snippet:-1","max-image-preview":"max-image-preview:large","max-video-preview":"max-video-preview:-1"},"canonical":"http:\/\/wizyemm.com\/fr\/fonctionnalites\/terminaux-durcis\/","og_locale":"fr_FR","og_type":"article","og_title":"Gestion des terminaux durcis - WizyEMM","og_url":"http:\/\/wizyemm.com\/fr\/fonctionnalites\/terminaux-durcis\/","og_site_name":"WizyEMM","article_modified_time":"2021-03-12T10:59:16+00:00","og_image":[{"width":1920,"height":650,"url":"https:\/\/wizyemm.com\/wp-content\/uploads\/2020\/06\/rugged-devices-1.jpg","type":"image\/jpeg"}],"twitter_card":"summary_large_image","twitter_misc":{"Dur\u00e9e de lecture estim\u00e9e":"5 minutes"},"schema":{"@context":"https:\/\/schema.org","@graph":[{"@type":"Organization","@id":"https:\/\/wizyemm.com\/#organization","name":"WizyEMM","url":"https:\/\/wizyemm.com\/","sameAs":[],"logo":{"@type":"ImageObject","@id":"https:\/\/wizyemm.com\/#logo","inLanguage":"fr-FR","url":"https:\/\/wizyemm.com\/wp-content\/uploads\/2020\/05\/logo-3e43ae668112340d5106bf20c36af5bc.png","contentUrl":"https:\/\/wizyemm.com\/wp-content\/uploads\/2020\/05\/logo-3e43ae668112340d5106bf20c36af5bc.png","width":747,"height":125,"caption":"WizyEMM"},"image":{"@id":"https:\/\/wizyemm.com\/#logo"}},{"@type":"WebSite","@id":"https:\/\/wizyemm.com\/#website","url":"https:\/\/wizyemm.com\/","name":"WizyEMM","description":"Android Device Management for Frontline Workers","publisher":{"@id":"https:\/\/wizyemm.com\/#organization"},"potentialAction":[{"@type":"SearchAction","target":{"@type":"EntryPoint","urlTemplate":"https:\/\/wizyemm.com\/?s={search_term_string}"},"query-input":"required name=search_term_string"}],"inLanguage":"fr-FR"},{"@type":"ImageObject","@id":"http:\/\/wizyemm.com\/fr\/fonctionnalites\/terminaux-durcis\/#primaryimage","inLanguage":"fr-FR","url":"https:\/\/wizyemm.com\/wp-content\/uploads\/2020\/06\/rugged-devices-1.jpg","contentUrl":"https:\/\/wizyemm.com\/wp-content\/uploads\/2020\/06\/rugged-devices-1.jpg","width":1920,"height":650,"caption":"Rugged Devices management"},{"@type":"WebPage","@id":"http:\/\/wizyemm.com\/fr\/fonctionnalites\/terminaux-durcis\/#webpage","url":"http:\/\/wizyemm.com\/fr\/fonctionnalites\/terminaux-durcis\/","name":"Gestion des terminaux durcis - WizyEMM","isPartOf":{"@id":"https:\/\/wizyemm.com\/#website"},"primaryImageOfPage":{"@id":"http:\/\/wizyemm.com\/fr\/fonctionnalites\/terminaux-durcis\/#primaryimage"},"datePublished":"2021-02-11T14:35:44+00:00","dateModified":"2021-03-12T10:59:16+00:00","breadcrumb":{"@id":"http:\/\/wizyemm.com\/fr\/fonctionnalites\/terminaux-durcis\/#breadcrumb"},"inLanguage":"fr-FR","potentialAction":[{"@type":"ReadAction","target":["http:\/\/wizyemm.com\/fr\/fonctionnalites\/terminaux-durcis\/"]}]},{"@type":"BreadcrumbList","@id":"http:\/\/wizyemm.com\/fr\/fonctionnalites\/terminaux-durcis\/#breadcrumb","itemListElement":[{"@type":"ListItem","position":1,"name":"Accueil","item":"https:\/\/wizyemm.com\/fr\/"},{"@type":"ListItem","position":2,"name":"Gestion des terminaux durcis"}]}]}},"_links":{"self":[{"href":"https:\/\/wizyemm.com\/fr\/wp-json\/wp\/v2\/pages\/25230"}],"collection":[{"href":"https:\/\/wizyemm.com\/fr\/wp-json\/wp\/v2\/pages"}],"about":[{"href":"https:\/\/wizyemm.com\/fr\/wp-json\/wp\/v2\/types\/page"}],"author":[{"embeddable":true,"href":"https:\/\/wizyemm.com\/fr\/wp-json\/wp\/v2\/users\/1"}],"replies":[{"embeddable":true,"href":"https:\/\/wizyemm.com\/fr\/wp-json\/wp\/v2\/comments?post=25230"}],"version-history":[{"count":4,"href":"https:\/\/wizyemm.com\/fr\/wp-json\/wp\/v2\/pages\/25230\/revisions"}],"predecessor-version":[{"id":25296,"href":"https:\/\/wizyemm.com\/fr\/wp-json\/wp\/v2\/pages\/25230\/revisions\/25296"}],"wp:featuredmedia":[{"embeddable":true,"href":"https:\/\/wizyemm.com\/fr\/wp-json\/wp\/v2\/media\/23139"}],"wp:attachment":[{"href":"https:\/\/wizyemm.com\/fr\/wp-json\/wp\/v2\/media?parent=25230"}],"curies":[{"name":"wp","href":"https:\/\/api.w.org\/{rel}","templated":true}]}}