{"id":25237,"date":"2021-02-11T15:33:38","date_gmt":"2021-02-11T15:33:38","guid":{"rendered":"https:\/\/wizyemm.com\/?page_id=25237"},"modified":"2021-03-12T10:59:52","modified_gmt":"2021-03-12T10:59:52","slug":"profil-de-travail-securise-byod","status":"publish","type":"page","link":"http:\/\/wizyemm.com\/fr\/fonctionnalites\/profil-de-travail\/","title":{"rendered":"Profil de travail s\u00e9curis\u00e9 (BYOD)"},"content":{"rendered":"<section data-vc-full-width=\"true\" data-vc-full-width-init=\"false\" data-vc-stretch-content=\"true\" class=\"vc_row wpb_row vc_row-fluid  vc_custom_1593419299727 cover-background bg-position-center-center wow fadeIn vc_row-has-fill pofo-stretch-content vc_row-no-padding vc_row-o-equal-height vc_row-flex pofo-row-responsive-69e67bd053244\"><div class=\"wpb_column vc_column_container vc_col-has-fill vc_col-sm-12 vc_col-lg-6 vc_col-md-6 vc_col-xs-12 wow fadeInLeft text-justify md-text-justify\"><div class=\"vc_column-inner vc_custom_1609835543340\"><div class=\"wpb_wrapper\"><div class=\"vc_row wpb_row vc_inner vc_row-fluid  vc_custom_1609835570524 pofo-inner-row-responsive-69e67bd053362\"><div class=\"wpb_column vc_column_container vc_col-lg-12 vc_col-md-12 col-xs-mobile-fullwidth wow none sm-text-center pofo-column-responsive-69e67bd0533d3\"><div class=\"vc_column-inner vc_custom_1609835590459\"><div class=\"wpb_wrapper\"><div class=\"last-paragraph-no-margin\"><h2 style=\"font-size: 36px!important; line-height: 40px!important; font-weight: 500!important; font-family: Montserrat!important; color: #232323!important;\">S\u00e9parez de mani\u00e8re s\u00e9curis\u00e9e vos donn\u00e9es professionnelles<\/h2>\n<\/div><div class=\" vc_custom_1613055663205 last-paragraph-no-margin pofo-text-block-responsive-69e67bd05346f\" style=\"color: #535a55; width: width-95;\"><p>Les entreprises doivent aujourd&#8217;hui trouver une nouvelle strat\u00e9gie de mobilit\u00e9 qui puisse les aider dans la digitalisation de leur main-d&#8217;\u0153uvre. Bring-your-own-device (BYOD) est l\u00e0 pour vous aider. Il promet de nouveaux flux de productivit\u00e9 dans la main-d&#8217;\u0153uvre mobile d&#8217;aujourd&#8217;hui, o\u00f9 les employ\u00e9s veulent acc\u00e9der \u00e0 leurs applications et documents de travail \u00e0 partir de n&#8217;importe quel appareil de leur choix. BYOD est l\u00e0 pour red\u00e9finir la mobilit\u00e9 dans le monde de l&#8217;entreprise.<\/p>\n<\/div><\/div><\/div><\/div><\/div><\/div><\/div><\/div><div class=\"wpb_column vc_column_container vc_col-sm-12 vc_col-lg-6 vc_col-md-6 vc_col-xs-12 wow fadeIn\"><div class=\"vc_column-inner vc_custom_1592292060588\"><div class=\"wpb_wrapper\"><\/div><\/div><\/div><\/section><div class=\"vc_row-full-width vc_clearfix\"><\/div><section class=\"vc_row wpb_row vc_row-fluid  vc_custom_1609835983508\"><div class=\"wpb_column vc_column_container vc_col-sm-3  col-xs-mobile-fullwidth\"><div class=\"vc_column-inner \"><div class=\"wpb_wrapper\"><div class=\"position-relative featurebox24-1 featurebox24 pofo-featurebox\" ><i class=\"link-icon margin-15px-bottom text-deep-pink fas fa-bolt icon-extra-medium\"><\/i><div class=\"feature-content\"><span class=\"text-medium text-extra-dark-gray font-weight-600 display-inline-block margin-5px-bottom alt-font\" style=\"font-size: 14px;\" data-fontsize=\"14px\">Enrollement rapide<\/span><div class=\"last-paragraph-no-margin  width-80 sm-width-100\"><p>Scannez un code QR et cr\u00e9ez un profil professionnel en quelques secondes<\/p>\n<\/div><\/div><\/div><\/div><\/div><\/div><div class=\"wpb_column vc_column_container vc_col-sm-3  col-xs-mobile-fullwidth\"><div class=\"vc_column-inner \"><div class=\"wpb_wrapper\"><div class=\"position-relative featurebox24-2 featurebox24 pofo-featurebox\" ><i class=\"link-icon margin-15px-bottom text-deep-pink fas fa-unlock icon-extra-medium\"><\/i><div class=\"feature-content\"><span class=\"text-medium text-extra-dark-gray font-weight-600 display-inline-block margin-5px-bottom alt-font\" style=\"font-size: 14px;\" data-fontsize=\"14px\">Effacement et verrouillage \u00e0 distance<\/span><div class=\"last-paragraph-no-margin  width-80 sm-width-100\"><p>Gardez le contr\u00f4le sur les donn\u00e9es et les applications de l&#8217;entreprise<\/p>\n<\/div><\/div><\/div><\/div><\/div><\/div><div class=\"wpb_column vc_column_container vc_col-sm-3  col-xs-mobile-fullwidth\"><div class=\"vc_column-inner \"><div class=\"wpb_wrapper\"><div class=\"position-relative featurebox24-3 featurebox24 pofo-featurebox\" ><i class=\"link-icon margin-15px-bottom text-deep-pink fas fa-layer-group icon-extra-medium\"><\/i><div class=\"feature-content\"><span class=\"text-medium text-extra-dark-gray font-weight-600 display-inline-block margin-5px-bottom alt-font\" style=\"font-size: 14px;\" data-fontsize=\"14px\">Applications et donn\u00e9es s\u00e9par\u00e9es<\/span><div class=\"last-paragraph-no-margin  width-80 sm-width-100\"><p>Conteneuriser les applications de travail et les donn\u00e9es<\/p>\n<\/div><\/div><\/div><\/div><\/div><\/div><div class=\"wpb_column vc_column_container vc_col-sm-3  col-xs-mobile-fullwidth\"><div class=\"vc_column-inner \"><div class=\"wpb_wrapper\"><div class=\"position-relative featurebox24-4 featurebox24 pofo-featurebox\" ><i class=\"link-icon margin-15px-bottom text-deep-pink fas fa-cloud-download-alt icon-extra-medium\"><\/i><div class=\"feature-content\"><span class=\"text-medium text-extra-dark-gray font-weight-600 display-inline-block margin-5px-bottom alt-font\" style=\"font-size: 14px;\" data-fontsize=\"14px\">Gestion des applications<\/span><div class=\"last-paragraph-no-margin  width-80 sm-width-100\"><p>Transf\u00e9rez les applications de l&#8217;entreprise vers les appareils et configurez-les \u00e0 distance<\/p>\n<\/div><\/div><\/div><\/div><\/div><\/div><\/section><section class=\"vc_row wpb_row vc_row-fluid\"><div class=\"wpb_column vc_column_container vc_col-sm-6  col-xs-mobile-fullwidth\"><div class=\"vc_column-inner \"><div class=\"wpb_wrapper\"><div class=\" vc_custom_1613057515440 last-paragraph-no-margin pofo-text-block-responsive-69e67bd0537cd\" style=\"color: #535a55; width: width-95;\"><h2>Comment WizyEMM peut aider votre strat\u00e9gie BYOD<\/h2>\n<p><span style=\"font-weight: 400;\">BYOD signifie Bring-your-own-device. Les employ\u00e9s choisissent l&#8217;appareil avec lequel ils souhaitent travailler et leur employeur s&#8217;assure que tous les employ\u00e9s peuvent acc\u00e9der en toute s\u00e9curit\u00e9 aux applications et aux documents avec lesquels travailler. Une caract\u00e9ristique cl\u00e9 du BYOD est que les donn\u00e9es d&#8217;entreprise et personnelles coexistent sur le m\u00eame appareil, il est donc fondamental de s&#8217;assurer que ces donn\u00e9es restent s\u00e9par\u00e9es. WizyEMM g\u00e8re ces politiques de conteneurisation et de gestion des donn\u00e9es.\u00a0<span style=\"color: #0080c8; font-weight: 500;\"><a href=\"https:\/\/static.googleusercontent.com\/media\/www.android.com\/en\/\/static\/2016\/pdfs\/enterprise\/Android_Enterprise_One_Pager_BYOD.pdf\" target=\"_blank\" rel=\"nofollow noopener\">A propos du BYOD sur Android.com<\/a><\/span><\/span><\/p>\n<\/div><div class=\" vc_custom_1613135877729 last-paragraph-no-margin pofo-text-block-responsive-69e67bd05380e\" style=\"color: #535a55; width: width-95;\"><h2>Fonctionnalit\u00e9s cl\u00e9s du BYOD: conteneurisation et s\u00e9curit\u00e9<\/h2>\n<p><span style=\"font-weight: 400;\">WizyEMM permet aux entreprises d&#8217;adopter une strat\u00e9gie BYOD en permettant aux employ\u00e9s de cr\u00e9er un profil de travail sur n&#8217;importe quel appareil Android appartenant aux employ\u00e9s. Ce profil de travail existe dans son propre conteneur sur l&#8217;appareil et le responsable informatique a le contr\u00f4le sur la gestion et les politiques de donn\u00e9es du profil de travail. Un employ\u00e9 peut \u00eatre configur\u00e9 en quelques minutes avec n&#8217;importe quel appareil Android. Scannez simplement code QR qui t\u00e9l\u00e9charge ensuite le profil de travail configur\u00e9 par l&#8217;administrateur informatique. Toutes les applications m\u00e9tier et donn\u00e9es d&#8217;entreprise sont s\u00e9curis\u00e9es dans le profil professionnel. <a href=\"https:\/\/wizyemm.com\/fr\/fonctionnalites\/api-android-enterprise\/\"><span style=\"color: #0080c8; font-weight: 500;\">A propos des API Android Enterprise<\/span><\/a>.<\/span><\/p>\n<\/div><\/div><\/div><\/div><div class=\"wpb_column vc_column_container vc_col-sm-6  col-xs-mobile-fullwidth\"><div class=\"vc_column-inner \"><div class=\"wpb_wrapper\">[vc_single_image image=&#8221;24496&#8243; img_size=&#8221;large&#8221; css_animation=&#8221;fadeInRight&#8221;]<\/div><\/div><\/div><\/section>\n","protected":false},"excerpt":{"rendered":"S\u00e9parez de mani\u00e8re s\u00e9curis\u00e9e vos donn\u00e9es professionnelles Les entreprises doivent aujourd'hui trouver une nouvelle strat\u00e9gie de mobilit\u00e9 qui puisse les aider dans la digitalisation de leur main-d'\u0153uvre. Bring-your-own-device (BYOD) est l\u00e0 pour vous aider. Il promet de nouveaux flux de productivit\u00e9 dans la main-d'\u0153uvre mobile d'aujourd'hui, o\u00f9 les employ\u00e9s veulent acc\u00e9der \u00e0 leurs applications et documents de travail \u00e0 partir de n'importe quel appareil de leur choix. BYOD est l\u00e0 pour red\u00e9finir la mobilit\u00e9 dans le monde de l'entreprise. Enrollement rapideScannez un code QR et cr\u00e9ez un profil professionnel en quelques secondes Effacement et verrouillage \u00e0 distanceGardez le contr\u00f4le sur les donn\u00e9es et les applications de l'entreprise Applications et donn\u00e9es s\u00e9par\u00e9esConteneuriser les applications de travail et les donn\u00e9es Gestion des applicationsTransf\u00e9rez les applications de l'entreprise vers les appareils et configurez-les \u00e0 distance Comment WizyEMM peut aider votre strat\u00e9gie BYOD BYOD signifie Bring-your-own-device. Les employ\u00e9s choisissent l'appareil avec lequel ils souhaitent travailler et leur employeur s'assure que tous les employ\u00e9s peuvent acc\u00e9der en toute s\u00e9curit\u00e9 aux applications et aux documents avec lesquels travailler. Une caract\u00e9ristique cl\u00e9 du BYOD est que les donn\u00e9es d'entreprise et personnelles coexistent sur le m\u00eame appareil, il est donc fondamental de s'assurer que ces donn\u00e9es restent s\u00e9par\u00e9es....","protected":false},"author":1,"featured_media":23354,"parent":0,"menu_order":0,"comment_status":"closed","ping_status":"closed","template":"","meta":[],"yoast_head":"<!-- This site is optimized with the Yoast SEO plugin v18.6 - https:\/\/yoast.com\/wordpress\/plugins\/seo\/ -->\n<title>Profil de travail s\u00e9curis\u00e9 (BYOD) - WizyEMM<\/title>\n<meta name=\"robots\" content=\"index, follow, max-snippet:-1, max-image-preview:large, max-video-preview:-1\" \/>\n<link rel=\"canonical\" href=\"http:\/\/wizyemm.com\/fr\/fonctionnalites\/profil-de-travail\/\" \/>\n<meta property=\"og:locale\" content=\"fr_FR\" \/>\n<meta property=\"og:type\" content=\"article\" \/>\n<meta property=\"og:title\" content=\"Profil de travail s\u00e9curis\u00e9 (BYOD) - WizyEMM\" \/>\n<meta property=\"og:url\" content=\"http:\/\/wizyemm.com\/fr\/fonctionnalites\/profil-de-travail\/\" \/>\n<meta property=\"og:site_name\" content=\"WizyEMM\" \/>\n<meta property=\"article:modified_time\" content=\"2021-03-12T10:59:52+00:00\" \/>\n<meta property=\"og:image\" content=\"https:\/\/wizyemm.com\/wp-content\/uploads\/2020\/06\/work-profile-BYOD.png\" \/>\n\t<meta property=\"og:image:width\" content=\"1900\" \/>\n\t<meta property=\"og:image:height\" content=\"950\" \/>\n\t<meta property=\"og:image:type\" content=\"image\/png\" \/>\n<meta name=\"twitter:card\" content=\"summary_large_image\" \/>\n<meta name=\"twitter:label1\" content=\"Dur\u00e9e de lecture estim\u00e9e\" \/>\n\t<meta name=\"twitter:data1\" content=\"5 minutes\" \/>\n<!-- \/ Yoast SEO plugin. -->","yoast_head_json":{"title":"Profil de travail s\u00e9curis\u00e9 (BYOD) - WizyEMM","robots":{"index":"index","follow":"follow","max-snippet":"max-snippet:-1","max-image-preview":"max-image-preview:large","max-video-preview":"max-video-preview:-1"},"canonical":"http:\/\/wizyemm.com\/fr\/fonctionnalites\/profil-de-travail\/","og_locale":"fr_FR","og_type":"article","og_title":"Profil de travail s\u00e9curis\u00e9 (BYOD) - WizyEMM","og_url":"http:\/\/wizyemm.com\/fr\/fonctionnalites\/profil-de-travail\/","og_site_name":"WizyEMM","article_modified_time":"2021-03-12T10:59:52+00:00","og_image":[{"width":1900,"height":950,"url":"https:\/\/wizyemm.com\/wp-content\/uploads\/2020\/06\/work-profile-BYOD.png","type":"image\/png"}],"twitter_card":"summary_large_image","twitter_misc":{"Dur\u00e9e de lecture estim\u00e9e":"5 minutes"},"schema":{"@context":"https:\/\/schema.org","@graph":[{"@type":"Organization","@id":"https:\/\/wizyemm.com\/#organization","name":"WizyEMM","url":"https:\/\/wizyemm.com\/","sameAs":[],"logo":{"@type":"ImageObject","@id":"https:\/\/wizyemm.com\/#logo","inLanguage":"fr-FR","url":"https:\/\/wizyemm.com\/wp-content\/uploads\/2020\/05\/logo-3e43ae668112340d5106bf20c36af5bc.png","contentUrl":"https:\/\/wizyemm.com\/wp-content\/uploads\/2020\/05\/logo-3e43ae668112340d5106bf20c36af5bc.png","width":747,"height":125,"caption":"WizyEMM"},"image":{"@id":"https:\/\/wizyemm.com\/#logo"}},{"@type":"WebSite","@id":"https:\/\/wizyemm.com\/#website","url":"https:\/\/wizyemm.com\/","name":"WizyEMM","description":"Android Device Management for Frontline Workers","publisher":{"@id":"https:\/\/wizyemm.com\/#organization"},"potentialAction":[{"@type":"SearchAction","target":{"@type":"EntryPoint","urlTemplate":"https:\/\/wizyemm.com\/?s={search_term_string}"},"query-input":"required name=search_term_string"}],"inLanguage":"fr-FR"},{"@type":"ImageObject","@id":"http:\/\/wizyemm.com\/fr\/fonctionnalites\/profil-de-travail\/#primaryimage","inLanguage":"fr-FR","url":"https:\/\/wizyemm.com\/wp-content\/uploads\/2020\/06\/work-profile-BYOD.png","contentUrl":"https:\/\/wizyemm.com\/wp-content\/uploads\/2020\/06\/work-profile-BYOD.png","width":1900,"height":950,"caption":"Work Profile - BYOD"},{"@type":"WebPage","@id":"http:\/\/wizyemm.com\/fr\/fonctionnalites\/profil-de-travail\/#webpage","url":"http:\/\/wizyemm.com\/fr\/fonctionnalites\/profil-de-travail\/","name":"Profil de travail s\u00e9curis\u00e9 (BYOD) - WizyEMM","isPartOf":{"@id":"https:\/\/wizyemm.com\/#website"},"primaryImageOfPage":{"@id":"http:\/\/wizyemm.com\/fr\/fonctionnalites\/profil-de-travail\/#primaryimage"},"datePublished":"2021-02-11T15:33:38+00:00","dateModified":"2021-03-12T10:59:52+00:00","breadcrumb":{"@id":"http:\/\/wizyemm.com\/fr\/fonctionnalites\/profil-de-travail\/#breadcrumb"},"inLanguage":"fr-FR","potentialAction":[{"@type":"ReadAction","target":["http:\/\/wizyemm.com\/fr\/fonctionnalites\/profil-de-travail\/"]}]},{"@type":"BreadcrumbList","@id":"http:\/\/wizyemm.com\/fr\/fonctionnalites\/profil-de-travail\/#breadcrumb","itemListElement":[{"@type":"ListItem","position":1,"name":"Accueil","item":"https:\/\/wizyemm.com\/fr\/"},{"@type":"ListItem","position":2,"name":"Profil de travail s\u00e9curis\u00e9 (BYOD)"}]}]}},"_links":{"self":[{"href":"https:\/\/wizyemm.com\/fr\/wp-json\/wp\/v2\/pages\/25237"}],"collection":[{"href":"https:\/\/wizyemm.com\/fr\/wp-json\/wp\/v2\/pages"}],"about":[{"href":"https:\/\/wizyemm.com\/fr\/wp-json\/wp\/v2\/types\/page"}],"author":[{"embeddable":true,"href":"https:\/\/wizyemm.com\/fr\/wp-json\/wp\/v2\/users\/1"}],"replies":[{"embeddable":true,"href":"https:\/\/wizyemm.com\/fr\/wp-json\/wp\/v2\/comments?post=25237"}],"version-history":[{"count":4,"href":"https:\/\/wizyemm.com\/fr\/wp-json\/wp\/v2\/pages\/25237\/revisions"}],"predecessor-version":[{"id":25300,"href":"https:\/\/wizyemm.com\/fr\/wp-json\/wp\/v2\/pages\/25237\/revisions\/25300"}],"wp:featuredmedia":[{"embeddable":true,"href":"https:\/\/wizyemm.com\/fr\/wp-json\/wp\/v2\/media\/23354"}],"wp:attachment":[{"href":"https:\/\/wizyemm.com\/fr\/wp-json\/wp\/v2\/media?parent=25237"}],"curies":[{"name":"wp","href":"https:\/\/api.w.org\/{rel}","templated":true}]}}