{"id":25243,"date":"2021-02-11T15:38:28","date_gmt":"2021-02-11T15:38:28","guid":{"rendered":"https:\/\/wizyemm.com\/?page_id=25243"},"modified":"2021-03-12T11:00:29","modified_gmt":"2021-03-12T11:00:29","slug":"tableau-de-bord","status":"publish","type":"page","link":"http:\/\/wizyemm.com\/fr\/fonctionnalites\/tableau-de-bord\/","title":{"rendered":"Tableau de bord"},"content":{"rendered":"<section id=\"standard\" data-vc-full-width=\"true\" data-vc-full-width-init=\"false\" data-vc-stretch-content=\"true\" class=\"vc_row wpb_row vc_row-fluid  vc_custom_1592474407363 pofo-stretch-content vc_row-no-padding vc_row-o-equal-height vc_row-o-content-middle vc_row-flex\"><div class=\"wpb_column vc_column_container vc_col-sm-6  col-xs-mobile-fullwidth wow fadeInLeft\"><div class=\"vc_column-inner \"><div class=\"wpb_wrapper\"><div class=\"vc_row wpb_row vc_inner vc_row-fluid   vc_row-o-equal-height vc_row-o-content-middle vc_row-flex\"><div class=\"wpb_column vc_column_container vc_col-sm-12 vc_col-xs-12\"><div class=\"vc_column-inner \"><div class=\"wpb_wrapper\">[vc_single_image image=&#8221;22957&#8243; img_size=&#8221;full&#8221; alignment=&#8221;center&#8221;]<\/div><\/div><\/div><\/div><\/div><\/div><\/div><div class=\"wpb_column vc_column_container vc_col-sm-6 vc_col-xs-12 wow fadeInRight pofo-column-responsive-69efa941725ef\"><div class=\"vc_column-inner \"><div class=\"wpb_wrapper\"><div class=\"vc_row wpb_row vc_inner vc_row-fluid  vc_custom_1591174793767\"><div class=\"wpb_column vc_column_container vc_col-sm-12  col-xs-mobile-fullwidth\"><div class=\"vc_column-inner vc_custom_1591175138684\"><div class=\"wpb_wrapper\"><h2 class=\"text-extra-dark-gray margin-20px-bottom font-weight-600 display-inline-block alt-font heading-style2  vc_custom_1613057946766  heading-1\"  style=\"font-size: 32px; line-height: 40px; font-weight: 500;\" data-fontsize=\"32px\" data-lineheight=\"40px\">Aper\u00e7u de votre flotte en un coup d'\u0153il<\/h2><div class=\"last-paragraph-no-margin\"><p>Rapports standard des appareils Android dans la console WizyEMM.<\/p>\n<ul>\n<li>Vus pour la derni\u00e8re fois<\/li>\n<li>Distribution d&#8217;appareils<\/li>\n<li>Distribution de version Android<\/li>\n<li>Distribution des modes de gestion<\/li>\n<li>Distribution de profil<\/li>\n<li>Nombre de profils, d&#8217;appareils enregistr\u00e9s, d&#8217;appareils inscrits.<\/li>\n<\/ul>\n<p>Tout est inclus par d\u00e9faut.<\/p>\n<p><img loading=\"lazy\" class=\"alignnone size-large wp-image-25255\" src=\"https:\/\/wizyemm.com\/wp-content\/uploads\/2021\/02\/dashboard-1-1024x343.png\" alt=\"\" width=\"1024\" height=\"343\" srcset=\"https:\/\/wizyemm.com\/wp-content\/uploads\/2021\/02\/dashboard-1-1024x343.png 1024w, https:\/\/wizyemm.com\/wp-content\/uploads\/2021\/02\/dashboard-1-300x101.png 300w, https:\/\/wizyemm.com\/wp-content\/uploads\/2021\/02\/dashboard-1-768x258.png 768w, https:\/\/wizyemm.com\/wp-content\/uploads\/2021\/02\/dashboard-1-1200x402.png 1200w, https:\/\/wizyemm.com\/wp-content\/uploads\/2021\/02\/dashboard-1-81x27.png 81w, https:\/\/wizyemm.com\/wp-content\/uploads\/2021\/02\/dashboard-1.png 1491w\" sizes=\"(max-width: 1024px) 100vw, 1024px\" \/><\/p>\n<\/div><\/div><\/div><\/div><\/div><\/div><\/div><\/div><\/section><div class=\"vc_row-full-width vc_clearfix\"><\/div><section data-vc-full-width=\"true\" data-vc-full-width-init=\"false\" class=\"vc_row wpb_row vc_row-fluid  vc_custom_1591369578737 wow fadeInUp vc_row-has-fill pofo-stretch-content pofo-stretch-row-container\"><div class=\"wpb_column vc_column_container vc_col-sm-12  col-xs-mobile-fullwidth\"><div class=\"vc_column-inner \"><div class=\"wpb_wrapper\"><div class=\"vc_row wpb_row vc_inner vc_row-fluid  vc_custom_1592474376320 vc_row-o-content-middle vc_row-flex\"><div class=\"wpb_column vc_column_container vc_col-sm-12  col-xs-mobile-fullwidth text-center md-text-center\"><div class=\"vc_column-inner \"><div class=\"wpb_wrapper\"><span class=\"text-extra-large margin-25px-bottom display-inline-block alt-font heading-style3  vc_custom_1613058039141  heading-2\"  style=\"font-weight: 600;\">Vous recherchez des rapports personnalis\u00e9s ?<\/span><a  href=\"https:\/\/wizyemm.com\/fr\/smart-analytics\/\" target=\"_self\" class=\"btn btn pofo-button-2 button-style5 btn-dark-gray btn-rounded vc_custom_1593158040470 pofo-button-1 button-style5  btn-dark-gray btn-rounded  btn-medium   vc_custom_1613135960906\"  style=\"color:#ffffff;  border-color:#0080c8; \">Smart Analytics<\/a><\/div><\/div><\/div><\/div><\/div><\/div><\/div><\/section><div class=\"vc_row-full-width vc_clearfix\"><\/div>\n","protected":false},"excerpt":{"rendered":"[vc_single_image image=\"22957\" img_size=\"full\" alignment=\"center\"]Aper\u00e7u de votre flotte en un coup d'\u0153ilRapports standard des appareils Android dans la console WizyEMM. Vus pour la derni\u00e8re fois Distribution d'appareils Distribution de version Android Distribution des modes de gestion Distribution de profil Nombre de profils, d'appareils enregistr\u00e9s, d'appareils inscrits. Tout est inclus par d\u00e9faut. Vous recherchez des rapports personnalis\u00e9s ?Smart Analytics","protected":false},"author":1,"featured_media":0,"parent":0,"menu_order":0,"comment_status":"closed","ping_status":"closed","template":"","meta":[],"yoast_head":"<!-- This site is optimized with the Yoast SEO plugin v18.6 - https:\/\/yoast.com\/wordpress\/plugins\/seo\/ -->\n<title>Tableau de bord - WizyEMM<\/title>\n<meta name=\"robots\" content=\"index, follow, max-snippet:-1, max-image-preview:large, max-video-preview:-1\" \/>\n<link rel=\"canonical\" href=\"http:\/\/wizyemm.com\/fr\/fonctionnalites\/tableau-de-bord\/\" \/>\n<meta property=\"og:locale\" content=\"fr_FR\" \/>\n<meta property=\"og:type\" content=\"article\" \/>\n<meta property=\"og:title\" content=\"Tableau de bord - WizyEMM\" \/>\n<meta property=\"og:url\" content=\"http:\/\/wizyemm.com\/fr\/fonctionnalites\/tableau-de-bord\/\" \/>\n<meta property=\"og:site_name\" content=\"WizyEMM\" \/>\n<meta property=\"article:modified_time\" content=\"2021-03-12T11:00:29+00:00\" \/>\n<meta property=\"og:image\" content=\"https:\/\/wizyemm.com\/wp-content\/uploads\/2021\/02\/dashboard-1-1024x343.png\" \/>\n<meta name=\"twitter:card\" content=\"summary_large_image\" \/>\n<meta name=\"twitter:label1\" content=\"Dur\u00e9e de lecture estim\u00e9e\" \/>\n\t<meta name=\"twitter:data1\" content=\"2 minutes\" \/>\n<!-- \/ Yoast SEO plugin. -->","yoast_head_json":{"title":"Tableau de bord - WizyEMM","robots":{"index":"index","follow":"follow","max-snippet":"max-snippet:-1","max-image-preview":"max-image-preview:large","max-video-preview":"max-video-preview:-1"},"canonical":"http:\/\/wizyemm.com\/fr\/fonctionnalites\/tableau-de-bord\/","og_locale":"fr_FR","og_type":"article","og_title":"Tableau de bord - WizyEMM","og_url":"http:\/\/wizyemm.com\/fr\/fonctionnalites\/tableau-de-bord\/","og_site_name":"WizyEMM","article_modified_time":"2021-03-12T11:00:29+00:00","og_image":[{"url":"https:\/\/wizyemm.com\/wp-content\/uploads\/2021\/02\/dashboard-1-1024x343.png"}],"twitter_card":"summary_large_image","twitter_misc":{"Dur\u00e9e de lecture estim\u00e9e":"2 minutes"},"schema":{"@context":"https:\/\/schema.org","@graph":[{"@type":"Organization","@id":"https:\/\/wizyemm.com\/#organization","name":"WizyEMM","url":"https:\/\/wizyemm.com\/","sameAs":[],"logo":{"@type":"ImageObject","@id":"https:\/\/wizyemm.com\/#logo","inLanguage":"fr-FR","url":"https:\/\/wizyemm.com\/wp-content\/uploads\/2020\/05\/logo-3e43ae668112340d5106bf20c36af5bc.png","contentUrl":"https:\/\/wizyemm.com\/wp-content\/uploads\/2020\/05\/logo-3e43ae668112340d5106bf20c36af5bc.png","width":747,"height":125,"caption":"WizyEMM"},"image":{"@id":"https:\/\/wizyemm.com\/#logo"}},{"@type":"WebSite","@id":"https:\/\/wizyemm.com\/#website","url":"https:\/\/wizyemm.com\/","name":"WizyEMM","description":"Android Device Management for Frontline Workers","publisher":{"@id":"https:\/\/wizyemm.com\/#organization"},"potentialAction":[{"@type":"SearchAction","target":{"@type":"EntryPoint","urlTemplate":"https:\/\/wizyemm.com\/?s={search_term_string}"},"query-input":"required name=search_term_string"}],"inLanguage":"fr-FR"},{"@type":"ImageObject","@id":"http:\/\/wizyemm.com\/fr\/fonctionnalites\/tableau-de-bord\/#primaryimage","inLanguage":"fr-FR","url":"https:\/\/wizyemm.com\/wp-content\/uploads\/2021\/02\/dashboard-1-1024x343.png","contentUrl":"https:\/\/wizyemm.com\/wp-content\/uploads\/2021\/02\/dashboard-1-1024x343.png"},{"@type":"WebPage","@id":"http:\/\/wizyemm.com\/fr\/fonctionnalites\/tableau-de-bord\/#webpage","url":"http:\/\/wizyemm.com\/fr\/fonctionnalites\/tableau-de-bord\/","name":"Tableau de bord - WizyEMM","isPartOf":{"@id":"https:\/\/wizyemm.com\/#website"},"primaryImageOfPage":{"@id":"http:\/\/wizyemm.com\/fr\/fonctionnalites\/tableau-de-bord\/#primaryimage"},"datePublished":"2021-02-11T15:38:28+00:00","dateModified":"2021-03-12T11:00:29+00:00","breadcrumb":{"@id":"http:\/\/wizyemm.com\/fr\/fonctionnalites\/tableau-de-bord\/#breadcrumb"},"inLanguage":"fr-FR","potentialAction":[{"@type":"ReadAction","target":["http:\/\/wizyemm.com\/fr\/fonctionnalites\/tableau-de-bord\/"]}]},{"@type":"BreadcrumbList","@id":"http:\/\/wizyemm.com\/fr\/fonctionnalites\/tableau-de-bord\/#breadcrumb","itemListElement":[{"@type":"ListItem","position":1,"name":"Accueil","item":"https:\/\/wizyemm.com\/fr\/"},{"@type":"ListItem","position":2,"name":"Tableau de bord"}]}]}},"_links":{"self":[{"href":"https:\/\/wizyemm.com\/fr\/wp-json\/wp\/v2\/pages\/25243"}],"collection":[{"href":"https:\/\/wizyemm.com\/fr\/wp-json\/wp\/v2\/pages"}],"about":[{"href":"https:\/\/wizyemm.com\/fr\/wp-json\/wp\/v2\/types\/page"}],"author":[{"embeddable":true,"href":"https:\/\/wizyemm.com\/fr\/wp-json\/wp\/v2\/users\/1"}],"replies":[{"embeddable":true,"href":"https:\/\/wizyemm.com\/fr\/wp-json\/wp\/v2\/comments?post=25243"}],"version-history":[{"count":6,"href":"https:\/\/wizyemm.com\/fr\/wp-json\/wp\/v2\/pages\/25243\/revisions"}],"predecessor-version":[{"id":25301,"href":"https:\/\/wizyemm.com\/fr\/wp-json\/wp\/v2\/pages\/25243\/revisions\/25301"}],"wp:attachment":[{"href":"https:\/\/wizyemm.com\/fr\/wp-json\/wp\/v2\/media?parent=25243"}],"curies":[{"name":"wp","href":"https:\/\/api.w.org\/{rel}","templated":true}]}}