{"id":25261,"date":"2021-02-12T08:09:27","date_gmt":"2021-02-12T08:09:27","guid":{"rendered":"https:\/\/wizyemm.com\/?page_id=25261"},"modified":"2021-09-09T14:10:14","modified_gmt":"2021-09-09T14:10:14","slug":"smart-analytics","status":"publish","type":"page","link":"http:\/\/wizyemm.com\/fr\/smart-analytics\/","title":{"rendered":"Smart Analytics"},"content":{"rendered":"<section data-vc-full-width=\"true\" data-vc-full-width-init=\"false\" data-vc-stretch-content=\"true\" class=\"vc_row wpb_row vc_row-fluid  vc_custom_1631196591923 pofo-stretch-content\"><div class=\"wpb_column vc_column_container vc_col-sm-5  col-xs-mobile-fullwidth wow fadeInLeft\"><div class=\"vc_column-inner \"><div class=\"wpb_wrapper\">[vc_raw_html]JTNDZGl2JTIwc3R5bGUlM0QlMjJwYWRkaW5nJTNBNTYuMjUlMjUlMjAwJTIwMCUyMDAlM0Jwb3NpdGlvbiUzQXJlbGF0aXZlJTNCJTIyJTNFJTNDaWZyYW1lJTIwc3JjJTNEJTIyaHR0cHMlM0ElMkYlMkZwbGF5ZXIudmltZW8uY29tJTJGdmlkZW8lMkY2MDEwNTA4MDIlM0ZoJTNEMTQ0M2Q0OGZhNSUyNmF1dG9wbGF5JTNEMSUyNmxvb3AlM0QxJTI2YnlsaW5lJTNEMCUyNnBvcnRyYWl0JTNEMCUyMiUyMHN0eWxlJTNEJTIycG9zaXRpb24lM0FhYnNvbHV0ZSUzQnRvcCUzQTAlM0JsZWZ0JTNBMCUzQndpZHRoJTNBMTAwJTI1JTNCaGVpZ2h0JTNBMTAwJTI1JTNCJTIyJTIwZnJhbWVib3JkZXIlM0QlMjIwJTIyJTIwYWxsb3clM0QlMjJhdXRvcGxheSUzQiUyMGZ1bGxzY3JlZW4lM0IlMjBwaWN0dXJlLWluLXBpY3R1cmUlMjIlMjBhbGxvd2Z1bGxzY3JlZW4lM0UlM0MlMkZpZnJhbWUlM0UlM0MlMkZkaXYlM0UlM0NzY3JpcHQlMjBzcmMlM0QlMjJodHRwcyUzQSUyRiUyRnBsYXllci52aW1lby5jb20lMkZhcGklMkZwbGF5ZXIuanMlMjIlM0UlM0MlMkZzY3JpcHQlM0U=[\/vc_raw_html]<\/div><\/div><\/div><div class=\"wpb_column vc_column_container vc_col-lg-7 vc_col-md-7 col-xs-mobile-fullwidth pofo-column-responsive-69e2f171ce537\"><div class=\"vc_column-inner \"><div class=\"wpb_wrapper\"><div class=\" vc_custom_1613117399972 last-paragraph-no-margin\"><h2 style=\"font-size: 36px!important; line-height: 40px!important; font-weight: 500!important; font-family: Montserrat!important; color: #232323!important;\">Possibilit\u00e9s de personnalisation illimit\u00e9es<\/h2>\n<\/div><div class=\" vc_custom_1631174936563 last-paragraph-no-margin\"><p>WizyEMM propose une solution de business intelligence qui permet aux entreprises de :<\/p>\n<ul>\n<li>obtenir une visibilit\u00e9 et des informations compl\u00e8tes sur les performances de leurs d\u00e9ploiements de mobilit\u00e9<\/li>\n<li>surveiller de mani\u00e8re proactive les probl\u00e8mes critiques li\u00e9s aux appareils et aux applications.<\/li>\n<li>r\u00e9duire le co\u00fbt total de possession (TCO) et prendre de meilleures d\u00e9cisions commerciales.<\/li>\n<\/ul>\n<\/div><div class=\"vc_row wpb_row vc_inner vc_row-fluid  vc_custom_1631175316741 vc_column-gap-35 vc_row-o-equal-height vc_row-flex\"><div class=\"wpb_column vc_column_container vc_col-sm-6  col-xs-mobile-fullwidth wow fadeInUp text-left md-text-left\"><div class=\"vc_column-inner \"><div class=\"wpb_wrapper\"><div class=\"featurebox5 pofo-featurebox feature-box-5 position-relative featurebox5-1\" ><i class=\"link-icon text-medium-gray fas fa-cloud icon-extra-medium\"><\/i><div class=\"feature-content\"><div class=\"last-paragraph-no-margin\"><p>Plut\u00f4t que de cr\u00e9er des rapports pour vous, nous exploitons la plate-forme d&#8217;analyse unifi\u00e9e Google Cloud pour offrir une exp\u00e9rience d&#8217;analyse intelligente unique.<\/p>\n<\/div><\/div><\/div><\/div><\/div><\/div><div class=\"wpb_column vc_column_container vc_col-sm-6  col-xs-mobile-fullwidth wow fadeInUp text-left md-text-left\" data-wow-delay= 200ms><div class=\"vc_column-inner \"><div class=\"wpb_wrapper\"><div class=\"featurebox5 pofo-featurebox feature-box-5 position-relative featurebox5-2\" ><i class=\"link-icon text-medium-gray fas fa-bolt icon-extra-medium\"><\/i><div class=\"feature-content\"><div class=\"last-paragraph-no-margin\"><p>Autonomiser vos rapports personnalis\u00e9s tout en \u00e9liminant les contraintes d&#8217;\u00e9chelle, de performance et de co\u00fbt.<\/p>\n<\/div><\/div><\/div><\/div><\/div><\/div><div class=\"wpb_column vc_column_container vc_col-sm-6  col-xs-mobile-fullwidth wow fadeInUp text-left md-text-left\" data-wow-delay= 400ms><div class=\"vc_column-inner \"><div class=\"wpb_wrapper\"><div class=\"featurebox5 pofo-featurebox feature-box-5 position-relative featurebox5-3\" ><i class=\"link-icon text-medium-gray fas fa-chart-area icon-extra-medium\"><\/i><div class=\"feature-content\"><div class=\"last-paragraph-no-margin\"><p>Vous obtenez des informations en temps r\u00e9el qui am\u00e9liorent votre prise de d\u00e9cision, v\u00e9rifient la conformit\u00e9 et acc\u00e9l\u00e8rent l&#8217;innovation.<\/p>\n<\/div><\/div><\/div><\/div><\/div><\/div><div class=\"wpb_column vc_column_container vc_col-sm-6 vc_col-lg-6 vc_col-md-6 col-xs-mobile-fullwidth wow fadeInUp text-left md-text-left\" data-wow-delay= 600ms><div class=\"vc_column-inner \"><div class=\"wpb_wrapper\"><div class=\"featurebox5 pofo-featurebox feature-box-5 position-relative featurebox5-4\" ><i class=\"link-icon text-medium-gray fas fa-database icon-extra-medium\"><\/i><div class=\"feature-content\"><div class=\"last-paragraph-no-margin\"><p>Nous stockons tout votre historique d&#8217;analyse sur la base de donn\u00e9es Google Big Query, avec la possibilit\u00e9 d&#8217;obtenir votre propre compte Google Cloud h\u00e9berg\u00e9 sur le centre de donn\u00e9es de votre choix.<\/p>\n<\/div><\/div><\/div><\/div><\/div><\/div><\/div><div class=\" vc_custom_1631174965849 last-paragraph-no-margin\"><p>WizyEMM exploite la puissance de la plate-forme d&#8217;analyse de donn\u00e9es Google Cloud pour fournir une solution de business intelligence plug-and-play, hautement \u00e9volutive, puissante et h\u00e9berg\u00e9e dans le cloud.<\/p>\n<\/div><\/div><\/div><\/div><\/section><div class=\"vc_row-full-width vc_clearfix\"><\/div><section data-vc-full-width=\"true\" data-vc-full-width-init=\"false\" data-vc-stretch-content=\"true\" class=\"vc_row wpb_row vc_row-fluid  vc_custom_1592474617752 pofo-stretch-content\"><div class=\"wpb_column vc_column_container vc_col-sm-12  col-xs-mobile-fullwidth\"><div class=\"vc_column-inner \"><div class=\"wpb_wrapper\"><div class=\"vc_row wpb_row vc_inner vc_row-fluid   vc_column-gap-30 vc_row-o-equal-height vc_row-flex\"><div class=\"wpb_column vc_column_container vc_col-has-fill vc_col-sm-4  col-xs-mobile-fullwidth wow fadeInRight text-center md-text-center\"><div class=\"vc_column-inner vc_custom_1631175372873\"><div class=\"wpb_wrapper\"><h5 class=\"text-extra-dark-gray margin-20px-bottom font-weight-600 display-inline-block alt-font heading-style2  vc_custom_1631174794196  heading-1\"  style=\"font-weight: 600;\">Analyse de l'appareil, des applications, de la batterie et de l'emplacement<\/h5><div class=\" vc_custom_1631175395570 last-paragraph-no-margin\"><p>Mises \u00e0 jour quotidiennes ou en temps r\u00e9el pour s&#8217;assurer que les mandats op\u00e9rationnels sont respect\u00e9s.<\/p>\n<\/div>[vc_single_image image=&#8221;26427&#8243; img_size=&#8221;large&#8221;]<\/div><\/div><\/div><div class=\"wpb_column vc_column_container vc_col-has-fill vc_col-sm-4  col-xs-mobile-fullwidth wow fadeInRight text-center md-text-center\" data-wow-delay= 200ms><div class=\"vc_column-inner vc_custom_1631175434878\"><div class=\"wpb_wrapper\"><h5 class=\"text-extra-dark-gray margin-20px-bottom font-weight-600 display-inline-block alt-font heading-style2  vc_custom_1631175567922  heading-2\"  style=\"font-weight: 600;\"><br \/>Tableaux de bord pr\u00eats \u00e0 l'emploi <br \/><\/h5><div class=\" vc_custom_1631175423793 last-paragraph-no-margin\"><p>Commencez \u00e0 collecter des m\u00e9triques commerciales pr\u00e9cieuses \u00e0 partir de grands groupes d&#8217;appareils depuis le moment de l&#8217;inscription.<\/p>\n<\/div>[vc_single_image image=&#8221;26430&#8243; img_size=&#8221;large&#8221;]<\/div><\/div><\/div><div class=\"wpb_column vc_column_container vc_col-has-fill vc_col-sm-4  col-xs-mobile-fullwidth wow fadeInRight text-center md-text-center\" data-wow-delay= 400ms><div class=\"vc_column-inner vc_custom_1631175446125\"><div class=\"wpb_wrapper\"><h5 class=\"text-extra-dark-gray margin-20px-bottom font-weight-600 display-inline-block alt-font heading-style2  vc_custom_1631175573638  heading-3\"  style=\"font-weight: 600;\"><br \/>Graphiques en cascade <br \/><\/h5><div class=\" vc_custom_1631175453642 last-paragraph-no-margin\"><p>Isolez les appareils d&#8217;int\u00e9r\u00eat dans un tableau de bord en cliquant sur des segments sp\u00e9cifiques dans un ou plusieurs graphiques.<\/p>\n<\/div>[vc_single_image image=&#8221;26439&#8243; img_size=&#8221;large&#8221;]<\/div><\/div><\/div><\/div><\/div><\/div><\/div><\/section><div class=\"vc_row-full-width vc_clearfix\"><\/div><section class=\"vc_row wpb_row vc_row-fluid  vc_custom_1592402205524\"><div class=\"wpb_column vc_column_container vc_col-sm-6  col-xs-mobile-fullwidth\"><div class=\"vc_column-inner vc_custom_1591950925063\"><div class=\"wpb_wrapper\"><span class=\"text-extra-dark-gray margin-20px-bottom font-weight-600 display-inline-block alt-font heading-style2  heading-4\"  style=\"font-size: 20px; font-weight: 500;\" data-fontsize=\"20px\">Sur le blog WizyEMM<\/span><div class=\"last-paragraph-no-margin\"><p><span style=\"color: black; font-weight: 500;\">Business intelligence facilit\u00e9e avec BigQuery et Data Studio<\/span><\/p>\n<p>Nul besoin d&#8217;\u00eatre un expert en BI pour exploiter des donn\u00e9es pertinentes. Avec Data Studio, la BI est facilit\u00e9e et vous permet de faire une analyse pr\u00e9dictive.<br \/>\nChez WizyEMM, comme nous sommes 100% SaaS Cloud sur Google Cloud Platform, notre choix s&#8217;est naturellement port\u00e9 sur BigQuery et Data Studio pour fournir des analyses avanc\u00e9es \u00e0 nos clients[&#8230;]<\/p>\n<p><a href=\"https:\/\/blog.wizyemm.com\/2019\/11\/18\/business-intelligence-facilitated-with-bigquery-and-data-studio\/\"><span style=\"color: #0080c8; font-weight: 400;\">Lire la suite sur notre Blog<\/span><\/a> (en anglais)<\/p>\n<\/div><\/div><\/div><\/div><div class=\"wpb_column vc_column_container vc_col-sm-6  col-xs-mobile-fullwidth\"><div class=\"vc_column-inner \"><div class=\"wpb_wrapper\">[vc_single_image image=&#8221;23589&#8243; img_size=&#8221;large&#8221; onclick=&#8221;custom_link&#8221; img_link_target=&#8221;_blank&#8221; link=&#8221;https:\/\/blog.wizyemm.com\/2019\/11\/18\/business-intelligence-facilitated-with-bigquery-and-data-studio\/&#8221;]<\/div><\/div><\/div><\/section>\n","protected":false},"excerpt":{"rendered":"[vc_raw_html]JTNDZGl2JTIwc3R5bGUlM0QlMjJwYWRkaW5nJTNBNTYuMjUlMjUlMjAwJTIwMCUyMDAlM0Jwb3NpdGlvbiUzQXJlbGF0aXZlJTNCJTIyJTNFJTNDaWZyYW1lJTIwc3JjJTNEJTIyaHR0cHMlM0ElMkYlMkZwbGF5ZXIudmltZW8uY29tJTJGdmlkZW8lMkY2MDEwNTA4MDIlM0ZoJTNEMTQ0M2Q0OGZhNSUyNmF1dG9wbGF5JTNEMSUyNmxvb3AlM0QxJTI2YnlsaW5lJTNEMCUyNnBvcnRyYWl0JTNEMCUyMiUyMHN0eWxlJTNEJTIycG9zaXRpb24lM0FhYnNvbHV0ZSUzQnRvcCUzQTAlM0JsZWZ0JTNBMCUzQndpZHRoJTNBMTAwJTI1JTNCaGVpZ2h0JTNBMTAwJTI1JTNCJTIyJTIwZnJhbWVib3JkZXIlM0QlMjIwJTIyJTIwYWxsb3clM0QlMjJhdXRvcGxheSUzQiUyMGZ1bGxzY3JlZW4lM0IlMjBwaWN0dXJlLWluLXBpY3R1cmUlMjIlMjBhbGxvd2Z1bGxzY3JlZW4lM0UlM0MlMkZpZnJhbWUlM0UlM0MlMkZkaXYlM0UlM0NzY3JpcHQlMjBzcmMlM0QlMjJodHRwcyUzQSUyRiUyRnBsYXllci52aW1lby5jb20lMkZhcGklMkZwbGF5ZXIuanMlMjIlM0UlM0MlMkZzY3JpcHQlM0U=[\/vc_raw_html]Possibilit\u00e9s de personnalisation illimit\u00e9es WizyEMM propose une solution de business intelligence qui permet aux entreprises de : obtenir une visibilit\u00e9 et des informations compl\u00e8tes sur les performances de leurs d\u00e9ploiements de mobilit\u00e9 surveiller de mani\u00e8re proactive les probl\u00e8mes critiques li\u00e9s aux appareils et aux applications. r\u00e9duire le co\u00fbt total de possession (TCO) et prendre de meilleures d\u00e9cisions commerciales. Plut\u00f4t que de cr\u00e9er des rapports pour vous, nous exploitons la plate-forme d'analyse unifi\u00e9e Google Cloud pour offrir une exp\u00e9rience d'analyse intelligente unique. Autonomiser vos rapports personnalis\u00e9s tout en \u00e9liminant les contraintes d'\u00e9chelle, de performance et de co\u00fbt. Vous obtenez des informations en temps r\u00e9el qui am\u00e9liorent votre prise de d\u00e9cision, v\u00e9rifient la conformit\u00e9 et acc\u00e9l\u00e8rent l'innovation. Nous stockons tout votre historique d'analyse sur la base de donn\u00e9es Google Big Query, avec la possibilit\u00e9 d'obtenir votre propre compte Google Cloud h\u00e9berg\u00e9 sur le centre de donn\u00e9es de votre choix. WizyEMM exploite la puissance de la plate-forme d'analyse de donn\u00e9es Google Cloud pour fournir une solution de business intelligence plug-and-play, hautement \u00e9volutive, puissante et h\u00e9berg\u00e9e dans le cloud. Analyse de l'appareil, des applications, de la batterie et de l'emplacementMises \u00e0 jour quotidiennes ou en temps r\u00e9el pour s'assurer que les mandats op\u00e9rationnels sont...","protected":false},"author":1,"featured_media":24955,"parent":0,"menu_order":0,"comment_status":"closed","ping_status":"closed","template":"","meta":[],"yoast_head":"<!-- This site is optimized with the Yoast SEO plugin v18.6 - https:\/\/yoast.com\/wordpress\/plugins\/seo\/ -->\n<title>Smart Analytics - WizyEMM<\/title>\n<meta name=\"robots\" content=\"index, follow, max-snippet:-1, max-image-preview:large, max-video-preview:-1\" \/>\n<link rel=\"canonical\" href=\"http:\/\/wizyemm.com\/fr\/smart-analytics\/\" \/>\n<meta property=\"og:locale\" content=\"fr_FR\" \/>\n<meta property=\"og:type\" content=\"article\" \/>\n<meta property=\"og:title\" content=\"Smart Analytics - WizyEMM\" \/>\n<meta property=\"og:url\" content=\"http:\/\/wizyemm.com\/fr\/smart-analytics\/\" \/>\n<meta property=\"og:site_name\" content=\"WizyEMM\" \/>\n<meta property=\"article:modified_time\" content=\"2021-09-09T14:10:14+00:00\" \/>\n<meta property=\"og:image\" content=\"https:\/\/wizyemm.com\/wp-content\/uploads\/2021\/01\/analytics2.png\" \/>\n\t<meta property=\"og:image:width\" content=\"600\" \/>\n\t<meta property=\"og:image:height\" content=\"600\" \/>\n\t<meta property=\"og:image:type\" content=\"image\/png\" \/>\n<meta name=\"twitter:card\" content=\"summary_large_image\" \/>\n<meta name=\"twitter:label1\" content=\"Dur\u00e9e de lecture estim\u00e9e\" \/>\n\t<meta name=\"twitter:data1\" content=\"6 minutes\" \/>\n<!-- \/ Yoast SEO plugin. -->","yoast_head_json":{"title":"Smart Analytics - WizyEMM","robots":{"index":"index","follow":"follow","max-snippet":"max-snippet:-1","max-image-preview":"max-image-preview:large","max-video-preview":"max-video-preview:-1"},"canonical":"http:\/\/wizyemm.com\/fr\/smart-analytics\/","og_locale":"fr_FR","og_type":"article","og_title":"Smart Analytics - WizyEMM","og_url":"http:\/\/wizyemm.com\/fr\/smart-analytics\/","og_site_name":"WizyEMM","article_modified_time":"2021-09-09T14:10:14+00:00","og_image":[{"width":600,"height":600,"url":"https:\/\/wizyemm.com\/wp-content\/uploads\/2021\/01\/analytics2.png","type":"image\/png"}],"twitter_card":"summary_large_image","twitter_misc":{"Dur\u00e9e de lecture estim\u00e9e":"6 minutes"},"schema":{"@context":"https:\/\/schema.org","@graph":[{"@type":"Organization","@id":"https:\/\/wizyemm.com\/#organization","name":"WizyEMM","url":"https:\/\/wizyemm.com\/","sameAs":[],"logo":{"@type":"ImageObject","@id":"https:\/\/wizyemm.com\/#logo","inLanguage":"fr-FR","url":"https:\/\/wizyemm.com\/wp-content\/uploads\/2020\/05\/logo-3e43ae668112340d5106bf20c36af5bc.png","contentUrl":"https:\/\/wizyemm.com\/wp-content\/uploads\/2020\/05\/logo-3e43ae668112340d5106bf20c36af5bc.png","width":747,"height":125,"caption":"WizyEMM"},"image":{"@id":"https:\/\/wizyemm.com\/#logo"}},{"@type":"WebSite","@id":"https:\/\/wizyemm.com\/#website","url":"https:\/\/wizyemm.com\/","name":"WizyEMM","description":"Android Device Management for Frontline Workers","publisher":{"@id":"https:\/\/wizyemm.com\/#organization"},"potentialAction":[{"@type":"SearchAction","target":{"@type":"EntryPoint","urlTemplate":"https:\/\/wizyemm.com\/?s={search_term_string}"},"query-input":"required name=search_term_string"}],"inLanguage":"fr-FR"},{"@type":"ImageObject","@id":"http:\/\/wizyemm.com\/fr\/smart-analytics\/#primaryimage","inLanguage":"fr-FR","url":"https:\/\/wizyemm.com\/wp-content\/uploads\/2021\/01\/analytics2.png","contentUrl":"https:\/\/wizyemm.com\/wp-content\/uploads\/2021\/01\/analytics2.png","width":600,"height":600,"caption":"Mobile device management Analytics"},{"@type":"WebPage","@id":"http:\/\/wizyemm.com\/fr\/smart-analytics\/#webpage","url":"http:\/\/wizyemm.com\/fr\/smart-analytics\/","name":"Smart Analytics - WizyEMM","isPartOf":{"@id":"https:\/\/wizyemm.com\/#website"},"primaryImageOfPage":{"@id":"http:\/\/wizyemm.com\/fr\/smart-analytics\/#primaryimage"},"datePublished":"2021-02-12T08:09:27+00:00","dateModified":"2021-09-09T14:10:14+00:00","breadcrumb":{"@id":"http:\/\/wizyemm.com\/fr\/smart-analytics\/#breadcrumb"},"inLanguage":"fr-FR","potentialAction":[{"@type":"ReadAction","target":["http:\/\/wizyemm.com\/fr\/smart-analytics\/"]}]},{"@type":"BreadcrumbList","@id":"http:\/\/wizyemm.com\/fr\/smart-analytics\/#breadcrumb","itemListElement":[{"@type":"ListItem","position":1,"name":"Accueil","item":"https:\/\/wizyemm.com\/fr\/"},{"@type":"ListItem","position":2,"name":"Smart Analytics"}]}]}},"_links":{"self":[{"href":"https:\/\/wizyemm.com\/fr\/wp-json\/wp\/v2\/pages\/25261"}],"collection":[{"href":"https:\/\/wizyemm.com\/fr\/wp-json\/wp\/v2\/pages"}],"about":[{"href":"https:\/\/wizyemm.com\/fr\/wp-json\/wp\/v2\/types\/page"}],"author":[{"embeddable":true,"href":"https:\/\/wizyemm.com\/fr\/wp-json\/wp\/v2\/users\/1"}],"replies":[{"embeddable":true,"href":"https:\/\/wizyemm.com\/fr\/wp-json\/wp\/v2\/comments?post=25261"}],"version-history":[{"count":5,"href":"https:\/\/wizyemm.com\/fr\/wp-json\/wp\/v2\/pages\/25261\/revisions"}],"predecessor-version":[{"id":26448,"href":"https:\/\/wizyemm.com\/fr\/wp-json\/wp\/v2\/pages\/25261\/revisions\/26448"}],"wp:featuredmedia":[{"embeddable":true,"href":"https:\/\/wizyemm.com\/fr\/wp-json\/wp\/v2\/media\/24955"}],"wp:attachment":[{"href":"https:\/\/wizyemm.com\/fr\/wp-json\/wp\/v2\/media?parent=25261"}],"curies":[{"name":"wp","href":"https:\/\/api.w.org\/{rel}","templated":true}]}}