{"id":25278,"date":"2021-02-12T09:36:13","date_gmt":"2021-02-12T09:36:13","guid":{"rendered":"https:\/\/wizyemm.com\/?page_id=25278"},"modified":"2021-02-12T09:42:10","modified_gmt":"2021-02-12T09:42:10","slug":"devenir-partenaire","status":"publish","type":"page","link":"http:\/\/wizyemm.com\/fr\/devenir-partenaire\/","title":{"rendered":"Devenir partenaire"},"content":{"rendered":"<section data-vc-full-width=\"true\" data-vc-full-width-init=\"false\" data-vc-stretch-content=\"true\" class=\"vc_row wpb_row vc_row-fluid  vc_custom_1593501953729 bg-position-center-center vc_row-has-fill pofo-stretch-content vc_row-no-padding\"><div class=\"wpb_column vc_column_container vc_col-has-fill vc_col-sm-6 vc_col-lg-6 vc_col-md-12 vc_col-xs-12 wow fadeInLeft pofo-column-responsive-69e504dd3e8e2\"><div class=\"vc_column-inner vc_custom_1609860631896\"><div class=\"wpb_wrapper\"><h2 class=\"text-extra-dark-gray margin-20px-bottom font-weight-600 display-inline-block alt-font heading-style2  heading-1\"  style=\"font-size: 36px; line-height: 40px; font-weight: 500; color: #000000;\" data-fontsize=\"36px\" data-lineheight=\"40px\">Un \u00e9tat d'esprit agile pour aider nos partenaires \u00e0 innover avec de meilleures marges<\/h2><div class=\" vc_custom_1613122192613 last-paragraph-no-margin\"><p><strong>Mod\u00e8les commerciaux flexibles pour des strat\u00e9gies de commercialisation modernes<\/strong><\/p>\n<\/div><div class=\"vc_row wpb_row vc_inner vc_row-fluid\"><div class=\"wpb_column vc_column_container vc_col-sm-12  col-xs-mobile-fullwidth\"><div class=\"vc_column-inner vc_custom_1592512562396\"><div class=\"wpb_wrapper\"><a  href=\"#Contact-Form\" target=\"_self\" class=\"btn HomeButton pofo-button-1 button-style5  btn-dark-gray btn-rounded  btn-small   vc_custom_1613122208474\"  style=\"color:#000000;  border-color:#00e788; \">Devenir&#8239;Partenaire<\/a><a href=\"https:\/\/wizyemm-partners.appspot.com\/partner-admin\/login\" target=\"_blank\" class=\"btn HomeButton pofo-button-2 button-style5  btn-dark-gray btn-rounded  btn-small   vc_custom_1613122226909\" style=\"color:#ffffff;  border-color:#0080c8; \" rel=\"noopener\">Portail&#8239;Partenaire<\/a><\/div><\/div><\/div><\/div><\/div><\/div><\/div><div class=\"wpb_column vc_column_container vc_col-sm-6  col-xs-mobile-fullwidth\"><div class=\"vc_column-inner \"><div class=\"wpb_wrapper\"><\/div><\/div><\/div><\/section><div class=\"vc_row-full-width vc_clearfix\"><\/div><section data-vc-full-width=\"true\" data-vc-full-width-init=\"false\" class=\"vc_row wpb_row vc_row-fluid  vc_custom_1590650542950 wow fadeIn pofo-stretch-content pofo-stretch-row-container vc_row-o-equal-height vc_row-o-content-middle vc_row-flex\"><div class=\"wpb_column vc_column_container vc_col-sm-12 vc_col-lg-5 vc_col-md-6 vc_col-xs-12 wow fadeInLeft pofo-column-responsive-69e504dd3ec0e\"><div class=\"vc_column-inner \"><div class=\"wpb_wrapper\"><h2 class=\"text-extra-dark-gray margin-20px-bottom font-weight-600 display-inline-block alt-font heading-style2 pofo-button-responsive-69e504dd3ec98  heading-2\"  style=\"font-size: 36px; line-height: 40px; font-weight: 600;\" data-fontsize=\"36px\" data-lineheight=\"40px\">Console self service pour les partenaires<\/h2><div class=\" vc_custom_1613122260567 last-paragraph-no-margin\" style=\"color: #0080c8;\"><p><strong>Fatigu\u00e9 de perdre du temps et de l&#8217;argent avec le processus habituel de gestion et de commande de licences ?\u00a0<\/strong><\/p>\n<\/div><div class=\" vc_custom_1613122273420 last-paragraph-no-margin\"><p>WizyEMM a d\u00e9velopp\u00e9 une console Web en libre-service pour faciliter la vie de nos partenaires revendeurs.<\/p>\n<\/div><ul class=\"no-padding list-style-4 list-style4-1 \"><li>Tarifs concurrentiels<\/li><li>Profitez d'un compte de test gratuit de 2 appareils pour chaque client<\/li><li>Cr\u00e9ez de nouveaux clients en quelques secondes<\/li><li>S\u00e9lectionnez votre mode de facturation; Mensuel, annuel, \u00e0 vie<\/li><li>Provisionnez des licences en un clic<\/li><li>Obtenez une facture mensuelle avec le d\u00e9tail par client<\/li><\/ul><\/div><\/div><\/div><div class=\"wpb_column vc_column_container vc_col-sm-12 vc_col-lg-7 vc_col-md-6 vc_col-xs-12 wow fadeInRight text-center\"><div class=\"vc_column-inner \"><div class=\"wpb_wrapper\">[vc_single_image image=&#8221;22788&#8243; img_size=&#8221;full&#8221; alignment=&#8221;center&#8221;]<\/div><\/div><\/div><\/section><div class=\"vc_row-full-width vc_clearfix\"><\/div><section data-vc-full-width=\"true\" data-vc-full-width-init=\"false\" class=\"vc_row wpb_row vc_row-fluid  vc_custom_1590651688895 wow fadeIn vc_row-has-fill pofo-stretch-content pofo-stretch-row-container vc_row-o-equal-height vc_row-o-content-middle vc_row-flex\"><div class=\"wpb_column vc_column_container vc_col-sm-12 vc_col-lg-7 vc_col-md-6 vc_col-xs-12 wow fadeInLeft text-center\"><div class=\"vc_column-inner \"><div class=\"wpb_wrapper\">[vc_single_image image=&#8221;22792&#8243; img_size=&#8221;full&#8221; alignment=&#8221;center&#8221;]<\/div><\/div><\/div><div class=\"wpb_column vc_column_container vc_col-sm-12 vc_col-lg-5 vc_col-md-6 col-xs-mobile-fullwidth wow fadeInRight\"><div class=\"vc_column-inner vc_custom_1590651915176\"><div class=\"wpb_wrapper\"><h2 class=\"text-extra-dark-gray margin-20px-bottom font-weight-600 display-inline-block alt-font heading-style2 pofo-button-responsive-69e504dd3ee68  heading-3\"  style=\"font-size: 36px; line-height: 40px; font-weight: 600; color: #ffffff;\" data-fontsize=\"36px\" data-lineheight=\"40px\">API REST pour alimenter vos applications tierces<\/h2><div class=\" vc_custom_1613122375361 last-paragraph-no-margin\" style=\"color: #ffffff;\"><p>Frustr\u00e9 par le travail n\u00e9cessaire pour connecter vos EMM existants \u00e0 vos applications m\u00e9tier ?<\/p>\n<\/div><div class=\" vc_custom_1613122386542 last-paragraph-no-margin\" style=\"color: #f2f2f2;\"><p>Nous fournissons \u00e0 nos partenaires des API REST pour une int\u00e9gration transparente.<\/p>\n<\/div><ul class=\"no-padding list-style-4 list-style4-2 \" style=\"color: #f2f2f2;\"><li>Enroller les terminaux<\/li><li>Soyez averti en temps r\u00e9el des enrollements<\/li><li>Mettez \u00e0 jour les profils d'appareils<\/li><li>Envoyez des commandes aux terminaux<\/li><li>G\u00e9rez les liste des applications<\/li><li>Version marque blanche disponible<\/li><\/ul><\/div><\/div><\/div><\/section><div class=\"vc_row-full-width vc_clearfix\"><\/div><section data-vc-full-width=\"true\" data-vc-full-width-init=\"false\" class=\"vc_row wpb_row vc_row-fluid  vc_custom_1590650542950 wow fadeIn pofo-stretch-content pofo-stretch-row-container vc_row-o-equal-height vc_row-o-content-middle vc_row-flex\"><div class=\"wpb_column vc_column_container vc_col-sm-12 vc_col-lg-5 vc_col-md-6 vc_col-xs-12 wow fadeInLeft pofo-column-responsive-69e504dd3ef77\"><div class=\"vc_column-inner \"><div class=\"wpb_wrapper\"><h2 class=\"text-extra-dark-gray margin-20px-bottom font-weight-600 display-inline-block alt-font heading-style2 pofo-button-responsive-69e504dd3efd7  heading-4\"  style=\"font-size: 36px; line-height: 40px; font-weight: 600;\" data-fontsize=\"36px\" data-lineheight=\"40px\">Acc\u00e9dez au r\u00e9f\u00e9rentiel WizyEMM BigData pour alimenter vos tableaux de bord<\/h2><div class=\" vc_custom_1613122474813 last-paragraph-no-margin\" style=\"color: #0080c8;\"><p><strong>Des donn\u00e9es manquantes pour fournir des informations exploitables \u00e0 vos clients ?<\/strong><\/p>\n<\/div><div class=\" vc_custom_1613122487983 last-paragraph-no-margin\"><p>Nous fournissons \u00e0 des partenaires s\u00e9lectionn\u00e9s un acc\u00e8s \u00e0 notre ensemble Big Data optimis\u00e9 par Big Query de Google Cloud.<\/p>\n<\/div><ul class=\"no-padding list-style-4 list-style4-3 \"><li>Donn\u00e9es compl\u00e8tes du cycle de vie de l'appareil<\/li><li>Historique de g\u00e9localisation<\/li><li>Chronologie du d\u00e9ploiement des terminaux<\/li><li>Historique de tous les journaux et actions de la console<\/li><li>Donn\u00e9es sp\u00e9cifiques \u00e0 l'appareil pour les fabricants fournissant des connecteurs (Zebra)<\/li><li>Donn\u00e9es sp\u00e9cifiques \u00e0 l'application collect\u00e9es via Android Feedback Channel<\/li><\/ul><\/div><\/div><\/div><div class=\"wpb_column vc_column_container vc_col-sm-12 vc_col-lg-7 vc_col-md-6 vc_col-xs-12 wow fadeInRight text-center\"><div class=\"vc_column-inner vc_custom_1609860815058\"><div class=\"wpb_wrapper\">[vc_single_image image=&#8221;24510&#8243; img_size=&#8221;large&#8221; css_animation=&#8221;fadeInRight&#8221;]<\/div><\/div><\/div><\/section><div class=\"vc_row-full-width vc_clearfix\"><\/div><section id=\"Contact-Form\" data-vc-full-width=\"true\" data-vc-full-width-init=\"false\" data-vc-stretch-content=\"true\" class=\"vc_row wpb_row vc_row-fluid  vc_custom_1590738426077 vc_row-has-fill pofo-stretch-content\"><div class=\"wpb_column vc_column_container  col-xs-mobile-fullwidth\"><div class=\"vc_column-inner vc_custom_1592549424641\"><div class=\"wpb_wrapper\"><h2 id=\"Contact-Form\" class=\"text-extra-dark-gray margin-20px-bottom font-weight-600 display-inline-block alt-font heading-style2  vc_custom_1613122557039 pofo-button-responsive-69e504dd3f1b1  heading-5\"  style=\"font-size: 36px; line-height: 40px; font-weight: 500; color: #ffffff;\" data-fontsize=\"36px\" data-lineheight=\"40px\">Devenir un partenaire<\/h2>[vc_raw_html]JTNDc2NyaXB0JTIwY2hhcnNldCUzRCUyMnV0Zi04JTIyJTIwdHlwZSUzRCUyMnRleHQlMkZqYXZhc2NyaXB0JTIyJTIwc3JjJTNEJTIyJTJGJTJGanMuaHNmb3Jtcy5uZXQlMkZmb3JtcyUyRnNoZWxsLmpzJTIyJTNFJTNDJTJGc2NyaXB0JTNFJTBBJTNDc2NyaXB0JTNFJTBBJTIwJTIwaGJzcHQuZm9ybXMuY3JlYXRlJTI4JTdCJTBBJTA5cG9ydGFsSWQlM0ElMjAlMjI1MzM3Nzk0JTIyJTJDJTBBJTA5Zm9ybUlkJTNBJTIwJTIyM2VkZTI2MjctMGNhZi00NWVlLWIyM2YtMDg3OTc4YTFiNjk4JTIyJTBBJTdEJTI5JTNCJTBBJTNDJTJGc2NyaXB0JTNF[\/vc_raw_html]<div class=\" vc_custom_1613122567683 last-paragraph-no-margin\" style=\"color: #ffffff;\"><p>Ou \u00e9crivez-nous \u00e0 :\u00a0<span style=\"color: #ffffff; font-weight: 500;\"><a href=\"mailto:japac@wizyemm.com\">japac@wizyemm.com<\/a>\u00a0<\/span> \/ <span style=\"color: #ffffff; font-weight: 500;\"><a href=\"mailto:emea@wizyemm.com\">emea@wizyemm.com<\/a><\/span> \/ <span style=\"color: #ffffff; font-weight: 500;\"><a href=\"mailto:america@wizyemm.com\">america@wizyemm.com<\/a><\/span><\/p>\n<\/div><\/div><\/div><\/div><\/section><div class=\"vc_row-full-width vc_clearfix\"><\/div>\n","protected":false},"excerpt":{"rendered":"Un \u00e9tat d'esprit agile pour aider nos partenaires \u00e0 innover avec de meilleures margesMod\u00e8les commerciaux flexibles pour des strat\u00e9gies de commercialisation modernes Devenir&#8239;PartenairePortail&#8239;PartenaireConsole self service pour les partenairesFatigu\u00e9 de perdre du temps et de l'argent avec le processus habituel de gestion et de commande de licences ?\u00a0 WizyEMM a d\u00e9velopp\u00e9 une console Web en libre-service pour faciliter la vie de nos partenaires revendeurs. Tarifs concurrentielsProfitez d'un compte de test gratuit de 2 appareils pour chaque clientCr\u00e9ez de nouveaux clients en quelques secondesS\u00e9lectionnez votre mode de facturation; Mensuel, annuel, \u00e0 vieProvisionnez des licences en un clicObtenez une facture mensuelle avec le d\u00e9tail par client[vc_single_image image=\"22788\" img_size=\"full\" alignment=\"center\"][vc_single_image image=\"22792\" img_size=\"full\" alignment=\"center\"]API REST pour alimenter vos applications tiercesFrustr\u00e9 par le travail n\u00e9cessaire pour connecter vos EMM existants \u00e0 vos applications m\u00e9tier ? Nous fournissons \u00e0 nos partenaires des API REST pour une int\u00e9gration transparente. Enroller les terminauxSoyez averti en temps r\u00e9el des enrollementsMettez \u00e0 jour les profils d'appareilsEnvoyez des commandes aux terminauxG\u00e9rez les liste des applicationsVersion marque blanche disponibleAcc\u00e9dez au r\u00e9f\u00e9rentiel WizyEMM BigData pour alimenter vos tableaux de bordDes donn\u00e9es manquantes pour fournir des informations exploitables \u00e0 vos clients ? Nous fournissons \u00e0 des partenaires s\u00e9lectionn\u00e9s un acc\u00e8s \u00e0 notre ensemble Big Data...","protected":false},"author":1,"featured_media":24794,"parent":0,"menu_order":9,"comment_status":"closed","ping_status":"closed","template":"","meta":[],"yoast_head":"<!-- This site is optimized with the Yoast SEO plugin v18.6 - https:\/\/yoast.com\/wordpress\/plugins\/seo\/ -->\n<title>Devenir partenaire - WizyEMM<\/title>\n<meta name=\"robots\" content=\"index, follow, max-snippet:-1, max-image-preview:large, max-video-preview:-1\" \/>\n<link rel=\"canonical\" href=\"http:\/\/wizyemm.com\/fr\/devenir-partenaire\/\" \/>\n<meta property=\"og:locale\" content=\"fr_FR\" \/>\n<meta property=\"og:type\" content=\"article\" \/>\n<meta property=\"og:title\" content=\"Devenir partenaire - WizyEMM\" \/>\n<meta property=\"og:url\" content=\"http:\/\/wizyemm.com\/fr\/devenir-partenaire\/\" \/>\n<meta property=\"og:site_name\" content=\"WizyEMM\" \/>\n<meta property=\"article:modified_time\" content=\"2021-02-12T09:42:10+00:00\" \/>\n<meta property=\"og:image\" content=\"https:\/\/wizyemm.com\/wp-content\/uploads\/2020\/05\/zakaria-zayane-Tbbmir_raiQ-unsplash-1.jpg\" \/>\n\t<meta property=\"og:image:width\" content=\"1920\" \/>\n\t<meta property=\"og:image:height\" content=\"1281\" \/>\n\t<meta property=\"og:image:type\" content=\"image\/jpeg\" \/>\n<meta name=\"twitter:card\" content=\"summary_large_image\" \/>\n<meta name=\"twitter:label1\" content=\"Dur\u00e9e de lecture estim\u00e9e\" \/>\n\t<meta name=\"twitter:data1\" content=\"7 minutes\" \/>\n<!-- \/ Yoast SEO plugin. -->","yoast_head_json":{"title":"Devenir partenaire - WizyEMM","robots":{"index":"index","follow":"follow","max-snippet":"max-snippet:-1","max-image-preview":"max-image-preview:large","max-video-preview":"max-video-preview:-1"},"canonical":"http:\/\/wizyemm.com\/fr\/devenir-partenaire\/","og_locale":"fr_FR","og_type":"article","og_title":"Devenir partenaire - WizyEMM","og_url":"http:\/\/wizyemm.com\/fr\/devenir-partenaire\/","og_site_name":"WizyEMM","article_modified_time":"2021-02-12T09:42:10+00:00","og_image":[{"width":1920,"height":1281,"url":"https:\/\/wizyemm.com\/wp-content\/uploads\/2020\/05\/zakaria-zayane-Tbbmir_raiQ-unsplash-1.jpg","type":"image\/jpeg"}],"twitter_card":"summary_large_image","twitter_misc":{"Dur\u00e9e de lecture estim\u00e9e":"7 minutes"},"schema":{"@context":"https:\/\/schema.org","@graph":[{"@type":"Organization","@id":"https:\/\/wizyemm.com\/fr\/#organization","name":"WizyEMM","url":"https:\/\/wizyemm.com\/fr\/","sameAs":[],"logo":{"@type":"ImageObject","@id":"https:\/\/wizyemm.com\/fr\/#logo","inLanguage":"fr-FR","url":"https:\/\/wizyemm.com\/wp-content\/uploads\/2020\/05\/logo-3e43ae668112340d5106bf20c36af5bc.png","contentUrl":"https:\/\/wizyemm.com\/wp-content\/uploads\/2020\/05\/logo-3e43ae668112340d5106bf20c36af5bc.png","width":747,"height":125,"caption":"WizyEMM"},"image":{"@id":"https:\/\/wizyemm.com\/fr\/#logo"}},{"@type":"WebSite","@id":"https:\/\/wizyemm.com\/fr\/#website","url":"https:\/\/wizyemm.com\/fr\/","name":"WizyEMM","description":"Android Device Management for Frontline Workers","publisher":{"@id":"https:\/\/wizyemm.com\/fr\/#organization"},"potentialAction":[{"@type":"SearchAction","target":{"@type":"EntryPoint","urlTemplate":"https:\/\/wizyemm.com\/fr\/?s={search_term_string}"},"query-input":"required name=search_term_string"}],"inLanguage":"fr-FR"},{"@type":"ImageObject","@id":"http:\/\/wizyemm.com\/fr\/devenir-partenaire\/#primaryimage","inLanguage":"fr-FR","url":"https:\/\/wizyemm.com\/wp-content\/uploads\/2020\/05\/zakaria-zayane-Tbbmir_raiQ-unsplash-1.jpg","contentUrl":"https:\/\/wizyemm.com\/wp-content\/uploads\/2020\/05\/zakaria-zayane-Tbbmir_raiQ-unsplash-1.jpg","width":1920,"height":1281,"caption":"Become a WizyEMM partner"},{"@type":"WebPage","@id":"http:\/\/wizyemm.com\/fr\/devenir-partenaire\/#webpage","url":"http:\/\/wizyemm.com\/fr\/devenir-partenaire\/","name":"Devenir partenaire - WizyEMM","isPartOf":{"@id":"https:\/\/wizyemm.com\/fr\/#website"},"primaryImageOfPage":{"@id":"http:\/\/wizyemm.com\/fr\/devenir-partenaire\/#primaryimage"},"datePublished":"2021-02-12T09:36:13+00:00","dateModified":"2021-02-12T09:42:10+00:00","breadcrumb":{"@id":"http:\/\/wizyemm.com\/fr\/devenir-partenaire\/#breadcrumb"},"inLanguage":"fr-FR","potentialAction":[{"@type":"ReadAction","target":["http:\/\/wizyemm.com\/fr\/devenir-partenaire\/"]}]},{"@type":"BreadcrumbList","@id":"http:\/\/wizyemm.com\/fr\/devenir-partenaire\/#breadcrumb","itemListElement":[{"@type":"ListItem","position":1,"name":"Accueil","item":"https:\/\/wizyemm.com\/fr\/"},{"@type":"ListItem","position":2,"name":"Devenir partenaire"}]}]}},"_links":{"self":[{"href":"https:\/\/wizyemm.com\/fr\/wp-json\/wp\/v2\/pages\/25278"}],"collection":[{"href":"https:\/\/wizyemm.com\/fr\/wp-json\/wp\/v2\/pages"}],"about":[{"href":"https:\/\/wizyemm.com\/fr\/wp-json\/wp\/v2\/types\/page"}],"author":[{"embeddable":true,"href":"https:\/\/wizyemm.com\/fr\/wp-json\/wp\/v2\/users\/1"}],"replies":[{"embeddable":true,"href":"https:\/\/wizyemm.com\/fr\/wp-json\/wp\/v2\/comments?post=25278"}],"version-history":[{"count":2,"href":"https:\/\/wizyemm.com\/fr\/wp-json\/wp\/v2\/pages\/25278\/revisions"}],"predecessor-version":[{"id":25280,"href":"https:\/\/wizyemm.com\/fr\/wp-json\/wp\/v2\/pages\/25278\/revisions\/25280"}],"wp:featuredmedia":[{"embeddable":true,"href":"https:\/\/wizyemm.com\/fr\/wp-json\/wp\/v2\/media\/24794"}],"wp:attachment":[{"href":"https:\/\/wizyemm.com\/fr\/wp-json\/wp\/v2\/media?parent=25278"}],"curies":[{"name":"wp","href":"https:\/\/api.w.org\/{rel}","templated":true}]}}