{"id":25286,"date":"2021-02-12T10:01:36","date_gmt":"2021-02-12T10:01:36","guid":{"rendered":"https:\/\/wizyemm.com\/?page_id=25286"},"modified":"2021-03-12T11:01:38","modified_gmt":"2021-03-12T11:01:38","slug":"api-de-gestion-dentreprise-android","status":"publish","type":"page","link":"http:\/\/wizyemm.com\/fr\/fonctionnalites\/api-android-enterprise\/","title":{"rendered":"API Android Enterprise"},"content":{"rendered":"<section data-vc-full-width=\"true\" data-vc-full-width-init=\"false\" data-vc-stretch-content=\"true\" class=\"vc_row wpb_row vc_row-fluid  vc_custom_1593503536591 cover-background bg-position-center-center wow fadeIn vc_row-has-fill pofo-stretch-content vc_row-no-padding vc_row-o-equal-height vc_row-flex pofo-row-responsive-69e663309048f\"><div class=\"wpb_column vc_column_container vc_col-sm-12 vc_col-lg-6 vc_col-md-6 vc_col-xs-12 wow fadeIn\"><div class=\"vc_column-inner \"><div class=\"wpb_wrapper\"><\/div><\/div><\/div><div class=\"wpb_column vc_column_container vc_col-has-fill vc_col-sm-12 vc_col-lg-6 vc_col-md-6 vc_col-xs-12 wow fadeInRight text-justify md-text-justify pofo-column-responsive-69e66330905f5\"><div class=\"vc_column-inner vc_custom_1592296271229\"><div class=\"wpb_wrapper\"><div class=\"vc_row wpb_row vc_inner vc_row-fluid  vc_custom_1592213648424 pofo-inner-row-responsive-69e66330906c8\"><div class=\"wpb_column vc_column_container vc_col-lg-12 vc_col-md-12 col-xs-mobile-fullwidth wow none text-justify md-text-justify pofo-column-responsive-69e663309075d\"><div class=\"vc_column-inner \"><div class=\"wpb_wrapper\"><div class=\"last-paragraph-no-margin\"><h2 style=\"font-size: 36px!important; line-height: 40px!important; font-weight: 500!important; font-family: Montserrat!important; color: #232323!important;\"><strong>API Android Enterprise : simples, puissantes et natives.<\/strong><\/h2>\n<\/div><div class=\" vc_custom_1613123561962 last-paragraph-no-margin pofo-text-block-responsive-69e663309086f\" style=\"color: #535a55; width: width-95;\"><h2><span style=\"color: black; font-weight: 500;\">Fabriqu\u00e9 par Android Enterprise, mis en forme par WizyEMM<\/span><\/h2>\n<p><span style=\"font-weight: 400;\">L&#8217;API de gestion Android permet \u00e0 WizyEMM d&#8217;offrir <strong>l&#8217;exp\u00e9rience de gestion la plus simple et la plus puissante pour les appareils Android Enterprise<\/strong>. Cette API est native pour tous les appareils Android dot\u00e9s des Google Mobile Services. Plus de codage, de correctifs, de dette technique, de syst\u00e8mes h\u00e9rit\u00e9s, de mises \u00e0 niveau, de co\u00fbts de d\u00e9veloppement co\u00fbteux. Avec l&#8217;API de gestion Android, WizyEMM a pu se concentrer sur ce qui compte le plus pour nos partenaires et nos clients finaux; <strong>agilit\u00e9, rapidit\u00e9 de d\u00e9ploiement, facilit\u00e9 d&#8217;utilisation, meilleure exp\u00e9rience utilisateur<\/strong>. Ne vous laissez pas distancer. Rejoignez le futur de la mobilit\u00e9 d&#8217;entreprise Android avec WizyEMM et l&#8217;API de gestion Android.\u00a0<a href=\"https:\/\/www.blog.google\/products\/android-enterprise\/new-android-management-api-delivers-simple-powerful-tools-enterprise\/\" target=\"_blank\" rel=\"nofollow noopener\"><span style=\"color: #0080c8; font-weight: 500;\">En savoir plus sur le blog officiel Android Enterprise<\/span><\/a><\/span><\/p>\n<\/div><div class=\" vc_custom_1613123615798 last-paragraph-no-margin pofo-text-block-responsive-69e66330908eb\" style=\"color: #535a55; width: width-95;\"><h2><span style=\"color: black; font-weight: 500;\">La magie Android Enterprise<\/span><\/h2>\n<p>L&#8217;API de gestion Android est la personnification de toutes les meilleures pratiques Android Enterprise. WizyEMM exploite la magie de Google pour cr\u00e9er l&#8217;exp\u00e9rience de gestion Android la plus avanc\u00e9e qui soit. L&#8217;API de gestion Android prend en charge toutes les fonctionnalit\u00e9s avanc\u00e9es requises pour les profils professionnels, les appareils enti\u00e8rement g\u00e9r\u00e9s et les ensembles de solutions d&#8217;appareils d\u00e9di\u00e9s. De nombreuses fonctionnalit\u00e9s puissantes d&#8217;Android Enterprise sont exclusives \u00e0 l&#8217;API de gestion Android, notamment Secure par d\u00e9faut et les fonctionnalit\u00e9s de renforcement de la confidentialit\u00e9 d&#8217;Android 11 qui sont r\u00e9troport\u00e9es sur Android 8. Ayez l&#8217;esprit tranquille lorsque vous choisissez une solution de gestion des appareils mobiles. WizyEMM a toutes les fonctionnalit\u00e9s d\u00e9j\u00e0 impl\u00e9ment\u00e9es.<\/p>\n<\/div><div class=\" vc_custom_1613124007165 last-paragraph-no-margin pofo-text-block-responsive-69e663309094b\" style=\"color: #535a55; width: width-95;\"><h2><span style=\"color: black; font-weight: 500;\">Assister nos clients lors de la migration de Android Device Administrator<\/span><\/h2>\n<p>La m\u00e9thode historique de gestion des appareils Android via Android Device Administrator n&#8217;est plus disponible pour les nouveaux d\u00e9ploiements. Elle est progressivement obsol\u00e8te depuis Android 9. De nombreux clients et entreprises ont toujours des appareils g\u00e9r\u00e9s sous Device Administrator, avec des EMM historiques.<\/p>\n<p>WizyEMM prend en charge la migration vers la nouvelle fa\u00e7on de g\u00e9rer les appareils Android avec Android Enterprise et l&#8217;API de gestion Android, assurant la p\u00e9rennit\u00e9 des entreprises d\u00e8s le premier jour.<\/p>\n<\/div><\/div><\/div><\/div><\/div><div class=\"vc_row wpb_row vc_inner vc_row-fluid  vc_custom_1609836810402 vc_column-gap-20 vc_row-o-equal-height vc_row-flex\"><div class=\"wpb_column vc_column_container vc_col-has-fill vc_col-sm-6  col-xs-mobile-fullwidth text-justify\"><div class=\"vc_column-inner vc_custom_1609836950498\"><div class=\"wpb_wrapper\"><div class=\"position-relative featurebox24-1 featurebox24 pofo-featurebox\" ><i class=\"link-icon margin-15px-bottom text-deep-pink fab fa-android icon-extra-medium\"><\/i><div class=\"feature-content\"><span class=\"text-medium text-extra-dark-gray font-weight-600 display-inline-block margin-5px-bottom alt-font\" style=\"font-size: 14px;\" data-fontsize=\"14px\">Natif sur tous les appareils Android GMS<\/span><div class=\"last-paragraph-no-margin  width-100 sm-width-100\"><p>Fonctionne sur Android 6.0 et sup\u00e9rieur. Fonctionne avec Android One, Android Go.<\/p>\n<p><a href=\"https:\/\/blog.wizyemm.com\/2019\/09\/19\/a-better-understanding-of-android-procurement-process\/\" target=\"_blank\" rel=\"noopener\">En savoir plus sur la classification des appareils Android sur notre blog <\/a>.<\/p>\n<\/div><\/div><\/div><\/div><\/div><\/div><div class=\"wpb_column vc_column_container vc_col-has-fill vc_col-sm-6  col-xs-mobile-fullwidth text-justify\"><div class=\"vc_column-inner vc_custom_1609836955934\"><div class=\"wpb_wrapper\"><div class=\"position-relative featurebox24-2 featurebox24 pofo-featurebox\" ><i class=\"link-icon margin-15px-bottom text-deep-pink fas fa-shield-alt icon-extra-medium\"><\/i><div class=\"feature-content\"><span class=\"text-medium text-extra-dark-gray font-weight-600 display-inline-block margin-5px-bottom alt-font\" style=\"font-size: 14px;\" data-fontsize=\"14px\">S\u00e9curis\u00e9 par d\u00e9faut<\/span><div class=\"last-paragraph-no-margin  width-100 sm-width-100\"><p>Tirer parti des meilleures pratiques d&#8217;Android Enterprise.<\/p>\n<p><a href=\"https:\/\/wizyemm.com\/fr\/fonctionnalites\/securite-android\/\"><span style=\"color: #0080c8; font-weight: 500;\">En savoir plus sur la s\u00e9curit\u00e9 mobile<\/span><\/a>.<\/p>\n<\/div><\/div><\/div><\/div><\/div><\/div><\/div><\/div><\/div><\/div><\/section><div class=\"vc_row-full-width vc_clearfix\"><\/div>\n","protected":false},"excerpt":{"rendered":"API Android Enterprise : simples, puissantes et natives. Fabriqu\u00e9 par Android Enterprise, mis en forme par WizyEMM L'API de gestion Android permet \u00e0 WizyEMM d'offrir l'exp\u00e9rience de gestion la plus simple et la plus puissante pour les appareils Android Enterprise. Cette API est native pour tous les appareils Android dot\u00e9s des Google Mobile Services. Plus de codage, de correctifs, de dette technique, de syst\u00e8mes h\u00e9rit\u00e9s, de mises \u00e0 niveau, de co\u00fbts de d\u00e9veloppement co\u00fbteux. Avec l'API de gestion Android, WizyEMM a pu se concentrer sur ce qui compte le plus pour nos partenaires et nos clients finaux; agilit\u00e9, rapidit\u00e9 de d\u00e9ploiement, facilit\u00e9 d'utilisation, meilleure exp\u00e9rience utilisateur. Ne vous laissez pas distancer. Rejoignez le futur de la mobilit\u00e9 d'entreprise Android avec WizyEMM et l'API de gestion Android.\u00a0En savoir plus sur le blog officiel Android Enterprise La magie Android Enterprise L'API de gestion Android est la personnification de toutes les meilleures pratiques Android Enterprise. WizyEMM exploite la magie de Google pour cr\u00e9er l'exp\u00e9rience de gestion Android la plus avanc\u00e9e qui soit. L'API de gestion Android prend en charge toutes les fonctionnalit\u00e9s avanc\u00e9es requises pour les profils professionnels, les appareils enti\u00e8rement g\u00e9r\u00e9s et les ensembles de solutions d'appareils d\u00e9di\u00e9s. De nombreuses fonctionnalit\u00e9s puissantes...","protected":false},"author":1,"featured_media":23841,"parent":25116,"menu_order":0,"comment_status":"closed","ping_status":"closed","template":"","meta":[],"yoast_head":"<!-- This site is optimized with the Yoast SEO plugin v18.6 - https:\/\/yoast.com\/wordpress\/plugins\/seo\/ -->\n<title>API Android Enterprise - WizyEMM<\/title>\n<meta name=\"robots\" content=\"index, follow, max-snippet:-1, max-image-preview:large, max-video-preview:-1\" \/>\n<link rel=\"canonical\" href=\"http:\/\/wizyemm.com\/fr\/fonctionnalites\/api-android-enterprise\/\" \/>\n<meta property=\"og:locale\" content=\"fr_FR\" \/>\n<meta property=\"og:type\" content=\"article\" \/>\n<meta property=\"og:title\" content=\"API Android Enterprise - WizyEMM\" \/>\n<meta property=\"og:url\" content=\"http:\/\/wizyemm.com\/fr\/fonctionnalites\/api-android-enterprise\/\" \/>\n<meta property=\"og:site_name\" content=\"WizyEMM\" \/>\n<meta property=\"article:modified_time\" content=\"2021-03-12T11:01:38+00:00\" \/>\n<meta property=\"og:image\" content=\"https:\/\/wizyemm.com\/wp-content\/uploads\/2020\/06\/Android-Device.png\" \/>\n\t<meta property=\"og:image:width\" content=\"1900\" \/>\n\t<meta property=\"og:image:height\" content=\"1333\" \/>\n\t<meta property=\"og:image:type\" content=\"image\/png\" \/>\n<meta name=\"twitter:card\" content=\"summary_large_image\" \/>\n<meta name=\"twitter:label1\" content=\"Dur\u00e9e de lecture estim\u00e9e\" \/>\n\t<meta name=\"twitter:data1\" content=\"5 minutes\" \/>\n<!-- \/ Yoast SEO plugin. -->","yoast_head_json":{"title":"API Android Enterprise - WizyEMM","robots":{"index":"index","follow":"follow","max-snippet":"max-snippet:-1","max-image-preview":"max-image-preview:large","max-video-preview":"max-video-preview:-1"},"canonical":"http:\/\/wizyemm.com\/fr\/fonctionnalites\/api-android-enterprise\/","og_locale":"fr_FR","og_type":"article","og_title":"API Android Enterprise - WizyEMM","og_url":"http:\/\/wizyemm.com\/fr\/fonctionnalites\/api-android-enterprise\/","og_site_name":"WizyEMM","article_modified_time":"2021-03-12T11:01:38+00:00","og_image":[{"width":1900,"height":1333,"url":"https:\/\/wizyemm.com\/wp-content\/uploads\/2020\/06\/Android-Device.png","type":"image\/png"}],"twitter_card":"summary_large_image","twitter_misc":{"Dur\u00e9e de lecture estim\u00e9e":"5 minutes"},"schema":{"@context":"https:\/\/schema.org","@graph":[{"@type":"Organization","@id":"https:\/\/wizyemm.com\/#organization","name":"WizyEMM","url":"https:\/\/wizyemm.com\/","sameAs":[],"logo":{"@type":"ImageObject","@id":"https:\/\/wizyemm.com\/#logo","inLanguage":"fr-FR","url":"https:\/\/wizyemm.com\/wp-content\/uploads\/2020\/05\/logo-3e43ae668112340d5106bf20c36af5bc.png","contentUrl":"https:\/\/wizyemm.com\/wp-content\/uploads\/2020\/05\/logo-3e43ae668112340d5106bf20c36af5bc.png","width":747,"height":125,"caption":"WizyEMM"},"image":{"@id":"https:\/\/wizyemm.com\/#logo"}},{"@type":"WebSite","@id":"https:\/\/wizyemm.com\/#website","url":"https:\/\/wizyemm.com\/","name":"WizyEMM","description":"Android Device Management for Frontline Workers","publisher":{"@id":"https:\/\/wizyemm.com\/#organization"},"potentialAction":[{"@type":"SearchAction","target":{"@type":"EntryPoint","urlTemplate":"https:\/\/wizyemm.com\/?s={search_term_string}"},"query-input":"required name=search_term_string"}],"inLanguage":"fr-FR"},{"@type":"ImageObject","@id":"http:\/\/wizyemm.com\/fr\/fonctionnalites\/api-android-enterprise\/#primaryimage","inLanguage":"fr-FR","url":"https:\/\/wizyemm.com\/wp-content\/uploads\/2020\/06\/Android-Device.png","contentUrl":"https:\/\/wizyemm.com\/wp-content\/uploads\/2020\/06\/Android-Device.png","width":1900,"height":1333,"caption":"Android Management API"},{"@type":"WebPage","@id":"http:\/\/wizyemm.com\/fr\/fonctionnalites\/api-android-enterprise\/#webpage","url":"http:\/\/wizyemm.com\/fr\/fonctionnalites\/api-android-enterprise\/","name":"API Android Enterprise - WizyEMM","isPartOf":{"@id":"https:\/\/wizyemm.com\/#website"},"primaryImageOfPage":{"@id":"http:\/\/wizyemm.com\/fr\/fonctionnalites\/api-android-enterprise\/#primaryimage"},"datePublished":"2021-02-12T10:01:36+00:00","dateModified":"2021-03-12T11:01:38+00:00","breadcrumb":{"@id":"http:\/\/wizyemm.com\/fr\/fonctionnalites\/api-android-enterprise\/#breadcrumb"},"inLanguage":"fr-FR","potentialAction":[{"@type":"ReadAction","target":["http:\/\/wizyemm.com\/fr\/fonctionnalites\/api-android-enterprise\/"]}]},{"@type":"BreadcrumbList","@id":"http:\/\/wizyemm.com\/fr\/fonctionnalites\/api-android-enterprise\/#breadcrumb","itemListElement":[{"@type":"ListItem","position":1,"name":"Accueil","item":"https:\/\/wizyemm.com\/fr\/"},{"@type":"ListItem","position":2,"name":"Aper\u00e7u des fonctionnalit\u00e9s","item":"http:\/\/wizyemm.com\/fr\/apercu-des-fonctionnalites\/"},{"@type":"ListItem","position":3,"name":"API Android Enterprise"}]}]}},"_links":{"self":[{"href":"https:\/\/wizyemm.com\/fr\/wp-json\/wp\/v2\/pages\/25286"}],"collection":[{"href":"https:\/\/wizyemm.com\/fr\/wp-json\/wp\/v2\/pages"}],"about":[{"href":"https:\/\/wizyemm.com\/fr\/wp-json\/wp\/v2\/types\/page"}],"author":[{"embeddable":true,"href":"https:\/\/wizyemm.com\/fr\/wp-json\/wp\/v2\/users\/1"}],"replies":[{"embeddable":true,"href":"https:\/\/wizyemm.com\/fr\/wp-json\/wp\/v2\/comments?post=25286"}],"version-history":[{"count":2,"href":"https:\/\/wizyemm.com\/fr\/wp-json\/wp\/v2\/pages\/25286\/revisions"}],"predecessor-version":[{"id":25298,"href":"https:\/\/wizyemm.com\/fr\/wp-json\/wp\/v2\/pages\/25286\/revisions\/25298"}],"up":[{"embeddable":true,"href":"https:\/\/wizyemm.com\/fr\/wp-json\/wp\/v2\/pages\/25116"}],"wp:featuredmedia":[{"embeddable":true,"href":"https:\/\/wizyemm.com\/fr\/wp-json\/wp\/v2\/media\/23841"}],"wp:attachment":[{"href":"https:\/\/wizyemm.com\/fr\/wp-json\/wp\/v2\/media?parent=25286"}],"curies":[{"name":"wp","href":"https:\/\/api.w.org\/{rel}","templated":true}]}}