{"id":25290,"date":"2021-02-12T11:04:57","date_gmt":"2021-02-12T11:04:57","guid":{"rendered":"https:\/\/wizyemm.com\/?page_id=25290"},"modified":"2021-03-12T11:02:10","modified_gmt":"2021-03-12T11:02:10","slug":"zero-touch","status":"publish","type":"page","link":"http:\/\/wizyemm.com\/fr\/integrations\/android-zero-touch\/","title":{"rendered":"Zero-Touch"},"content":{"rendered":"<section data-vc-full-width=\"true\" data-vc-full-width-init=\"false\" data-vc-stretch-content=\"true\" class=\"vc_row wpb_row vc_row-fluid  vc_custom_1593419408523 cover-background bg-position-center-center wow fadeIn vc_row-has-fill pofo-stretch-content vc_row-no-padding vc_row-o-equal-height vc_row-flex pofo-row-responsive-69e892ba943a5\"><div class=\"wpb_column vc_column_container vc_col-sm-12 vc_col-lg-6 vc_col-md-6 vc_col-xs-12 wow fadeInLeft\"><div class=\"vc_column-inner \"><div class=\"wpb_wrapper\"><\/div><\/div><\/div><div class=\"wpb_column vc_column_container vc_col-sm-12 vc_col-lg-6 vc_col-md-6 vc_col-xs-12 wow fadeInRight text-justify md-text-justify\"><div class=\"vc_column-inner vc_custom_1592402447299\"><div class=\"wpb_wrapper\"><div class=\"vc_row wpb_row vc_inner vc_row-fluid  vc_custom_1591622054171\"><div class=\"wpb_column vc_column_container vc_col-has-fill vc_col-lg-12 vc_col-md-12 col-xs-mobile-fullwidth wow none sm-text-center pofo-column-responsive-69e892ba945b1\"><div class=\"vc_column-inner vc_custom_1591622084265\"><div class=\"wpb_wrapper\"><h2 class=\"text-extra-dark-gray margin-20px-bottom font-weight-600 display-inline-block alt-font heading-style2  vc_custom_1613127616522  heading-1\"  style=\"font-size: 36px; line-height: 40px; font-weight: 500;\" data-fontsize=\"36px\" data-lineheight=\"40px\">Rationalisez votre d\u00e9ploiement d'appareils Android avec l'inscription sans contact<\/h2><div class=\" vc_custom_1614778758935 last-paragraph-no-margin\" style=\"color: #000000; width: width-95;\"><h2><span style=\"color: black; font-weight: 500;\">Pourquoi utiliser l&#8217;enrollement <strong>zero-touch<\/strong> ?<\/span><\/h2>\n<p><span style=\"font-weight: 400;\">Avec l&#8217;inscription sans contact, votre \u00e9quipe informatique peut d\u00e9ployer n&#8217;importe quel nombre d&#8217;appareils appartenant \u00e0 l&#8217;entreprise en peu de temps. Tous les appareils sont pr\u00eats \u00e0 l&#8217;emploi, ce qui signifie qu&#8217;ils ont toutes vos configurations EMM d\u00e9j\u00e0 appliqu\u00e9es. Aucun manuel suppl\u00e9mentaire n&#8217;est requis par l&#8217;utilisateur final, allumez simplement l&#8217;appareil Android pour commencer. C&#8217;est le moyen le plus simple, le plus rapide et le plus s\u00fbr pour les services informatiques de d\u00e9ployer des appareils Android. <a href=\"https:\/\/www.android.com\/enterprise\/enrollment\/\" target=\"_blank\" rel=\"nofollow noopener\"><span style=\"color: #0080c8; font-weight: 500;\">En savoir plus sur l&#8217;enrollement en entreprise sur android.com<\/span><\/a><\/span><\/p>\n<\/div><div class=\" vc_custom_1613127763506 last-paragraph-no-margin\" style=\"color: #000000; width: width-95;\"><h2><span style=\"color: black; font-weight: 500;\">Comment cela fonctionne ?<\/span><\/h2>\n<p><span style=\"font-weight: 400;\">L&#8217;inscription sans contact est un processus simplifi\u00e9 permettant aux appareils Android d&#8217;\u00eatre provisionn\u00e9s pour la gestion d&#8217;entreprise. Au premier d\u00e9marrage, les appareils v\u00e9rifient s&#8217;ils ont \u00e9t\u00e9 affect\u00e9s \u00e0 une configuration d&#8217;entreprise WizyEMM. Si tel est le cas, l&#8217;appareil lance le processus d&#8217;inscription dans WizyEMM, applique les strat\u00e9gies appropri\u00e9es et termine la configuration de l&#8217;appareil g\u00e9r\u00e9. Actuellement, l&#8217;approvisionnement sans contact est pris en charge sur les appareils Android 8.0+ (Oreo) de certains constructeurs et op\u00e9rateurs partenaires trouv\u00e9s dans\u00a0<\/span><a href=\"https:\/\/androidenterprisepartners.withgoogle.com\/devices\/#!#Zero-touch\" target=\"_blank\" rel=\"nofollow noopener\"><span style=\"color: #0080c8; font-weight: 500;\">le portail zero-touch d&#8217;Android<\/span><\/a><span style=\"font-weight: 400;\">.<\/span><\/p>\n<\/div><div class=\" vc_custom_1613127806991 last-paragraph-no-margin\" style=\"color: #000000; width: width-95;\"><p><span style=\"font-weight: 400;\">Pour commencer \u00e0 utiliser l&#8217;inscription sans contact Android, contactez un\u00a0<\/span><a href=\"https:\/\/androidenterprisepartners.withgoogle.com\/resellers\/\" target=\"_blank\" rel=\"nofollow noopener\"><span style=\"color: #0080c8; font-weight: 500;\">revendeur Android Zero Touch agr\u00e9\u00e9<\/span><\/a><span style=\"font-weight: 400;\">.<\/span><\/p>\n<\/div><\/div><\/div><\/div><\/div><\/div><\/div><\/div><\/section><div class=\"vc_row-full-width vc_clearfix\"><\/div><section data-vc-full-width=\"true\" data-vc-full-width-init=\"false\" data-vc-stretch-content=\"true\" class=\"vc_row wpb_row vc_row-fluid  vc_custom_1592383787469 pofo-stretch-content\"><div class=\"wpb_column vc_column_container vc_col-sm-12  col-xs-mobile-fullwidth text-center\"><div class=\"vc_column-inner \"><div class=\"wpb_wrapper\"><h2 class=\"text-extra-dark-gray margin-20px-bottom font-weight-600 display-block alt-font heading-style2  vc_custom_1613127825751  heading-2\"  style=\"font-size: 24px; font-weight: 600;\" data-fontsize=\"24px\">WizyEMM int\u00e8gre l'inscription zero-touch Android<\/h2><h3 class=\"text-extra-dark-gray margin-20px-bottom font-weight-600 display-block alt-font heading-style2  vc_custom_1613127836928  heading-3\"  style=\"font-size: 16px; line-height: 23px; font-weight: 600; color: #0080c8;\" data-fontsize=\"16px\" data-lineheight=\"23px\">Inscrire automatiquement votre flotte \u00e0 WizyEMM avec Android zero-touch<\/h3><div class=\"last-paragraph-no-margin\"><p><img loading=\"lazy\" class=\"size-large wp-image-24866\" src=\"https:\/\/wizyemm.com\/wp-content\/uploads\/2020\/06\/zero-touch-1-1024x815.png\" alt=\"WizyEMM int\u00e8gre l'inscription zero-touch Android\" width=\"1024\" height=\"815\" srcset=\"https:\/\/wizyemm.com\/wp-content\/uploads\/2020\/06\/zero-touch-1-1024x815.png 1024w, https:\/\/wizyemm.com\/wp-content\/uploads\/2020\/06\/zero-touch-1-300x239.png 300w, https:\/\/wizyemm.com\/wp-content\/uploads\/2020\/06\/zero-touch-1-768x611.png 768w, https:\/\/wizyemm.com\/wp-content\/uploads\/2020\/06\/zero-touch-1-969x771.png 969w, https:\/\/wizyemm.com\/wp-content\/uploads\/2020\/06\/zero-touch-1-81x64.png 81w, https:\/\/wizyemm.com\/wp-content\/uploads\/2020\/06\/zero-touch-1.png 1382w\" sizes=\"(max-width: 1024px) 100vw, 1024px\" \/><\/p>\n<\/div><\/div><\/div><\/div><\/section><div class=\"vc_row-full-width vc_clearfix\"><\/div><section data-vc-full-width=\"true\" data-vc-full-width-init=\"false\" data-vc-stretch-content=\"true\" class=\"vc_row wpb_row vc_row-fluid  vc_custom_1609837162643 pofo-stretch-content vc_row-o-content-middle vc_row-flex\"><div class=\"wpb_column vc_column_container vc_col-sm-6  col-xs-mobile-fullwidth wow fadeInLeft\"><div class=\"vc_column-inner vc_custom_1609837139474\"><div class=\"wpb_wrapper\"><h2 class=\"text-extra-dark-gray margin-20px-bottom font-weight-600 display-inline-block alt-font heading-style2  heading-4\"  style=\"font-size: 20px; font-weight: 500;\" data-fontsize=\"20px\">Sur notre Blog<\/h2><div class=\"last-paragraph-no-margin\"><p><span style=\"color: black; font-weight: 500;\">Comprendre Android zero-touch<\/span><\/p>\n<p>Nouveau dans Android Oreo 8.0, le zero-touch permet des d\u00e9ploiements Android \u00e0 grande \u00e9chelle sur plusieurs fournisseurs d&#8217;appareils sans configuration manuelle. Les utilisateurs finaux ouvrent simplement la bo\u00eete et commencent \u00e0 utiliser l&#8217;appareil avec des applications et des configurations toutes d\u00e9finies.<br \/>\nExaminons de plus pr\u00e8s ce qui se cache derri\u00e8re la technologie sans contact [&#8230;]<\/p>\n<p><a href=\"https:\/\/blog.wizyemm.com\/2019\/10\/24\/understanding-android-zero-touch\/\"><span style=\"color: #0080c8; font-weight: 400;\">Lire la suite sur notre Blog<\/span><\/a> (en anglais).<\/p>\n<\/div><\/div><\/div><\/div><div class=\"wpb_column vc_column_container vc_col-sm-6  col-xs-mobile-fullwidth wow fadeInRight text-right\"><div class=\"vc_column-inner vc_custom_1614778701523\"><div class=\"wpb_wrapper\"><div class=\"last-paragraph-no-margin\"><p><img loading=\"lazy\" class=\"size-full wp-image-24827\" src=\"https:\/\/wizyemm.com\/wp-content\/uploads\/2020\/06\/zero-touch.png\" alt=\"Understanding Zero-Touch\" width=\"512\" height=\"512\" srcset=\"https:\/\/wizyemm.com\/wp-content\/uploads\/2020\/06\/zero-touch.png 512w, https:\/\/wizyemm.com\/wp-content\/uploads\/2020\/06\/zero-touch-150x150.png 150w, https:\/\/wizyemm.com\/wp-content\/uploads\/2020\/06\/zero-touch-300x300.png 300w, https:\/\/wizyemm.com\/wp-content\/uploads\/2020\/06\/zero-touch-81x81.png 81w\" sizes=\"(max-width: 512px) 100vw, 512px\" \/><\/p>\n<\/div><\/div><\/div><\/div><\/section><div class=\"vc_row-full-width vc_clearfix\"><\/div>\n","protected":false},"excerpt":{"rendered":"Rationalisez votre d\u00e9ploiement d'appareils Android avec l'inscription sans contactPourquoi utiliser l'enrollement zero-touch ? Avec l'inscription sans contact, votre \u00e9quipe informatique peut d\u00e9ployer n'importe quel nombre d'appareils appartenant \u00e0 l'entreprise en peu de temps. Tous les appareils sont pr\u00eats \u00e0 l'emploi, ce qui signifie qu'ils ont toutes vos configurations EMM d\u00e9j\u00e0 appliqu\u00e9es. Aucun manuel suppl\u00e9mentaire n'est requis par l'utilisateur final, allumez simplement l'appareil Android pour commencer. C'est le moyen le plus simple, le plus rapide et le plus s\u00fbr pour les services informatiques de d\u00e9ployer des appareils Android. En savoir plus sur l'enrollement en entreprise sur android.com Comment cela fonctionne ? L'inscription sans contact est un processus simplifi\u00e9 permettant aux appareils Android d'\u00eatre provisionn\u00e9s pour la gestion d'entreprise. Au premier d\u00e9marrage, les appareils v\u00e9rifient s'ils ont \u00e9t\u00e9 affect\u00e9s \u00e0 une configuration d'entreprise WizyEMM. Si tel est le cas, l'appareil lance le processus d'inscription dans WizyEMM, applique les strat\u00e9gies appropri\u00e9es et termine la configuration de l'appareil g\u00e9r\u00e9. Actuellement, l'approvisionnement sans contact est pris en charge sur les appareils Android 8.0+ (Oreo) de certains constructeurs et op\u00e9rateurs partenaires trouv\u00e9s dans\u00a0le portail zero-touch d'Android. Pour commencer \u00e0 utiliser l'inscription sans contact Android, contactez un\u00a0revendeur Android Zero Touch agr\u00e9\u00e9. WizyEMM int\u00e8gre l'inscription zero-touch AndroidInscrire automatiquement...","protected":false},"author":1,"featured_media":0,"parent":0,"menu_order":0,"comment_status":"closed","ping_status":"closed","template":"","meta":[],"yoast_head":"<!-- This site is optimized with the Yoast SEO plugin v18.6 - https:\/\/yoast.com\/wordpress\/plugins\/seo\/ -->\n<title>Zero-Touch - WizyEMM<\/title>\n<meta name=\"robots\" content=\"index, follow, max-snippet:-1, max-image-preview:large, max-video-preview:-1\" \/>\n<link rel=\"canonical\" href=\"http:\/\/wizyemm.com\/fr\/integrations\/android-zero-touch\/\" \/>\n<meta property=\"og:locale\" content=\"fr_FR\" \/>\n<meta property=\"og:type\" content=\"article\" \/>\n<meta property=\"og:title\" content=\"Zero-Touch - WizyEMM\" \/>\n<meta property=\"og:url\" content=\"http:\/\/wizyemm.com\/fr\/integrations\/android-zero-touch\/\" \/>\n<meta property=\"og:site_name\" content=\"WizyEMM\" \/>\n<meta property=\"article:modified_time\" content=\"2021-03-12T11:02:10+00:00\" \/>\n<meta property=\"og:image\" content=\"https:\/\/wizyemm.com\/wp-content\/uploads\/2020\/06\/zero-touch-1-1024x815.png\" \/>\n<meta name=\"twitter:card\" content=\"summary_large_image\" \/>\n<meta name=\"twitter:label1\" content=\"Dur\u00e9e de lecture estim\u00e9e\" \/>\n\t<meta name=\"twitter:data1\" content=\"4 minutes\" \/>\n<!-- \/ Yoast SEO plugin. -->","yoast_head_json":{"title":"Zero-Touch - WizyEMM","robots":{"index":"index","follow":"follow","max-snippet":"max-snippet:-1","max-image-preview":"max-image-preview:large","max-video-preview":"max-video-preview:-1"},"canonical":"http:\/\/wizyemm.com\/fr\/integrations\/android-zero-touch\/","og_locale":"fr_FR","og_type":"article","og_title":"Zero-Touch - WizyEMM","og_url":"http:\/\/wizyemm.com\/fr\/integrations\/android-zero-touch\/","og_site_name":"WizyEMM","article_modified_time":"2021-03-12T11:02:10+00:00","og_image":[{"url":"https:\/\/wizyemm.com\/wp-content\/uploads\/2020\/06\/zero-touch-1-1024x815.png"}],"twitter_card":"summary_large_image","twitter_misc":{"Dur\u00e9e de lecture estim\u00e9e":"4 minutes"},"schema":{"@context":"https:\/\/schema.org","@graph":[{"@type":"Organization","@id":"https:\/\/wizyemm.com\/#organization","name":"WizyEMM","url":"https:\/\/wizyemm.com\/","sameAs":[],"logo":{"@type":"ImageObject","@id":"https:\/\/wizyemm.com\/#logo","inLanguage":"fr-FR","url":"https:\/\/wizyemm.com\/wp-content\/uploads\/2020\/05\/logo-3e43ae668112340d5106bf20c36af5bc.png","contentUrl":"https:\/\/wizyemm.com\/wp-content\/uploads\/2020\/05\/logo-3e43ae668112340d5106bf20c36af5bc.png","width":747,"height":125,"caption":"WizyEMM"},"image":{"@id":"https:\/\/wizyemm.com\/#logo"}},{"@type":"WebSite","@id":"https:\/\/wizyemm.com\/#website","url":"https:\/\/wizyemm.com\/","name":"WizyEMM","description":"Android Device Management for Frontline Workers","publisher":{"@id":"https:\/\/wizyemm.com\/#organization"},"potentialAction":[{"@type":"SearchAction","target":{"@type":"EntryPoint","urlTemplate":"https:\/\/wizyemm.com\/?s={search_term_string}"},"query-input":"required name=search_term_string"}],"inLanguage":"fr-FR"},{"@type":"ImageObject","@id":"http:\/\/wizyemm.com\/fr\/integrations\/android-zero-touch\/#primaryimage","inLanguage":"fr-FR","url":"https:\/\/wizyemm.com\/wp-content\/uploads\/2020\/06\/zero-touch-1-1024x815.png","contentUrl":"https:\/\/wizyemm.com\/wp-content\/uploads\/2020\/06\/zero-touch-1-1024x815.png"},{"@type":"WebPage","@id":"http:\/\/wizyemm.com\/fr\/integrations\/android-zero-touch\/#webpage","url":"http:\/\/wizyemm.com\/fr\/integrations\/android-zero-touch\/","name":"Zero-Touch - WizyEMM","isPartOf":{"@id":"https:\/\/wizyemm.com\/#website"},"primaryImageOfPage":{"@id":"http:\/\/wizyemm.com\/fr\/integrations\/android-zero-touch\/#primaryimage"},"datePublished":"2021-02-12T11:04:57+00:00","dateModified":"2021-03-12T11:02:10+00:00","breadcrumb":{"@id":"http:\/\/wizyemm.com\/fr\/integrations\/android-zero-touch\/#breadcrumb"},"inLanguage":"fr-FR","potentialAction":[{"@type":"ReadAction","target":["http:\/\/wizyemm.com\/fr\/integrations\/android-zero-touch\/"]}]},{"@type":"BreadcrumbList","@id":"http:\/\/wizyemm.com\/fr\/integrations\/android-zero-touch\/#breadcrumb","itemListElement":[{"@type":"ListItem","position":1,"name":"Accueil","item":"https:\/\/wizyemm.com\/fr\/"},{"@type":"ListItem","position":2,"name":"Zero-Touch"}]}]}},"_links":{"self":[{"href":"https:\/\/wizyemm.com\/fr\/wp-json\/wp\/v2\/pages\/25290"}],"collection":[{"href":"https:\/\/wizyemm.com\/fr\/wp-json\/wp\/v2\/pages"}],"about":[{"href":"https:\/\/wizyemm.com\/fr\/wp-json\/wp\/v2\/types\/page"}],"author":[{"embeddable":true,"href":"https:\/\/wizyemm.com\/fr\/wp-json\/wp\/v2\/users\/1"}],"replies":[{"embeddable":true,"href":"https:\/\/wizyemm.com\/fr\/wp-json\/wp\/v2\/comments?post=25290"}],"version-history":[{"count":4,"href":"https:\/\/wizyemm.com\/fr\/wp-json\/wp\/v2\/pages\/25290\/revisions"}],"predecessor-version":[{"id":25364,"href":"https:\/\/wizyemm.com\/fr\/wp-json\/wp\/v2\/pages\/25290\/revisions\/25364"}],"wp:attachment":[{"href":"https:\/\/wizyemm.com\/fr\/wp-json\/wp\/v2\/media?parent=25290"}],"curies":[{"name":"wp","href":"https:\/\/api.w.org\/{rel}","templated":true}]}}