{"id":25302,"date":"2021-02-12T13:23:20","date_gmt":"2021-02-12T13:23:20","guid":{"rendered":"https:\/\/wizyemm.com\/?page_id=25302"},"modified":"2021-03-12T11:03:19","modified_gmt":"2021-03-12T11:03:19","slug":"zebra","status":"publish","type":"page","link":"http:\/\/wizyemm.com\/fr\/integrations\/zebra\/","title":{"rendered":"Zebra"},"content":{"rendered":"<section data-vc-full-width=\"true\" data-vc-full-width-init=\"false\" data-vc-stretch-content=\"true\" class=\"vc_row wpb_row vc_row-fluid  vc_custom_1593504209638 cover-background bg-position-center-center wow fadeIn vc_row-has-fill pofo-stretch-content vc_row-no-padding vc_row-o-equal-height vc_row-flex pofo-row-responsive-69e1d7c6b6501\"><div class=\"wpb_column vc_column_container vc_col-sm-12 vc_col-lg-6 vc_col-md-6 vc_col-xs-12 wow fadeInLeft text-justify md-text-justify\"><div class=\"vc_column-inner \"><div class=\"wpb_wrapper\"><div class=\"vc_row wpb_row vc_inner vc_row-fluid  vc_custom_1591707154702\"><div class=\"wpb_column vc_column_container vc_col-has-fill vc_col-lg-12 vc_col-md-12 col-xs-mobile-fullwidth wow none sm-text-center pofo-column-responsive-69e1d7c6b67d8\"><div class=\"vc_column-inner vc_custom_1591622084265\"><div class=\"wpb_wrapper\"><h5 class=\"text-extra-dark-gray margin-20px-bottom font-weight-600 display-inline-block alt-font heading-style2  vc_custom_1613136029613  heading-1\"  style=\"font-weight: 600;\">Nous exploitons la suite de mobilit\u00e9 de Zebra pour une meilleure productivit\u00e9<\/h5><div class=\" vc_custom_1614779119375 last-paragraph-no-margin\" style=\"color: #000000; width: width-95;\"><h2><span style=\"color: black; font-weight: 500;\">FOTA Lifeguard Over The Air<\/span><\/h2>\n<p><span style=\"font-weight: 400;\">Consultez le statut de votre <strong>flotte Zebra<\/strong> directement \u00e0 partir de notre console et voyez s&#8217;ils sont \u00e0 jour sur les derniers correctifs de s\u00e9curit\u00e9 et mises \u00e0 jour logicielles. <strong>Restez au courant du cycle de vie de vos appareils Zebra<\/strong> en diffusant et en installant \u00e0 distance les derni\u00e8res mises \u00e0 jour de s\u00e9curit\u00e9 et de syst\u00e8me d&#8217;exploitation. Vous en avez assez de t\u00e9l\u00e9charger et d&#8217;installer manuellement les mises \u00e0 jour du firmware sur vos appareils ? De g\u00e9rer la complexit\u00e9 de toutes les diff\u00e9rentes versions de firmware ? Simplifiez la gestion de vos appareils Zebra avec WizyEMM. <a href=\"#WizyLGOTA\"><span style=\"color: #0080c8; font-weight: 500;\">En savoir plus<\/span><\/a>.<\/span><\/p>\n<\/div><div class=\" vc_custom_1613136145088 last-paragraph-no-margin\" style=\"color: #000000; width: width-95;\"><h2><span style=\"color: black; font-weight: 500;\">Savanna data services<\/span><\/h2>\n<p><span style=\"font-weight: 400;\">Zebra Data Services est une approche bas\u00e9e sur l&#8217;API de Zebra pour vous aider \u00e0 r\u00e9soudre votre puzzle de donn\u00e9es et \u00e0 transformer num\u00e9riquement la fa\u00e7on dont votre entreprise g\u00e8re les performances pour devenir plus productive et plus rentable. WizyEMM int\u00e8gre les services de donn\u00e9es Zebra \u00e0 nos capacit\u00e9s MDM, pour fournir des tableaux de bord perspicaces de votre flotte Zebra, par exemple sur la sant\u00e9 des appareils. En savoir plus sur <a href=\"https:\/\/www.zebra.com\/gb\/en\/solutions\/intelligent-edge-solutions\/savanna\/data-services.html\" target=\"_blank\" rel=\"nofollow noopener\"><span style=\"color: #0080c8; font-weight: 400;\">Savanna data services<\/span><\/a>.<\/span><\/p>\n<\/div><div class=\" vc_custom_1613136171102 last-paragraph-no-margin\" style=\"color: #000000; width: width-95;\"><h2><span style=\"color: black; font-weight: 500;\">Mobility DNA<\/span><\/h2>\n<p><span style=\"font-weight: 400;\">Nous nous int\u00e9grons \u00e0 la suite de mobilit\u00e9 de Zebra pour fournir des capacit\u00e9s de gestion avanc\u00e9es \u00e0 nos clients et partenaires. Nous avons l&#8217;exp\u00e9rience de l&#8217;utilisation et de l&#8217;int\u00e9gration de produits Mobility DNA tels que Lifeguard, Enterprise Home Screen et OEMConfig. Atteignez un niveau de productivit\u00e9 sup\u00e9rieur pour vos appareils Zebra avec WizyEMM. En savoir plus sur <a href=\"https:\/\/www.zebra.com\/us\/en\/products\/software\/mobile-computers\/mobility-dna.html\" target=\"_blank\" rel=\"nofollow noopener\"><span style=\"color: #0080c8; font-weight: 400;\">Mobility DNA<\/span><\/a>.<\/span><\/p>\n<\/div><\/div><\/div><\/div><\/div><\/div><\/div><\/div><div class=\"wpb_column vc_column_container vc_col-sm-12 vc_col-lg-6 vc_col-md-6 vc_col-xs-12 wow fadeIn\"><div class=\"vc_column-inner vc_custom_1592291857452\"><div class=\"wpb_wrapper\"><\/div><\/div><\/div><\/section><div class=\"vc_row-full-width vc_clearfix\"><\/div><section data-vc-full-width=\"true\" data-vc-full-width-init=\"false\" data-vc-stretch-content=\"true\" class=\"vc_row wpb_row vc_row-fluid  vc_custom_1591954365408 pofo-stretch-content vc_row-o-content-middle vc_row-flex\"><div class=\"wpb_column vc_column_container vc_col-sm-12  col-xs-mobile-fullwidth text-center\"><div class=\"vc_column-inner \"><div class=\"wpb_wrapper\"><h4 id=\"WizyLGOTA\" class=\"text-extra-dark-gray margin-20px-bottom font-weight-600 display-block alt-font heading-style2  vc_custom_1613136184978  heading-2\"  style=\"font-size: 24px; font-weight: 600;\" data-fontsize=\"24px\">WizyEMM int\u00e8gre les API Zebra Savanna pour fournir des mises \u00e0 jour Lifeguard Over the Air<\/h4><h5 id=\"WizyLGOTA\" class=\"text-extra-dark-gray margin-20px-bottom font-weight-600 display-block alt-font heading-style2  vc_custom_1613136195593  heading-3\"  style=\"font-size: 16px; line-height: 23px; font-weight: 600; color: #0080c8;\" data-fontsize=\"16px\" data-lineheight=\"23px\">V\u00e9rifiez l'\u00e9tat de votre flotte Zebra et d\u00e9ployez les mises \u00e0 jour du firmware en quelques clics<\/h5><div class=\"last-paragraph-no-margin\"><p><img loading=\"lazy\" class=\"size-large wp-image-24843\" src=\"https:\/\/wizyemm.com\/wp-content\/uploads\/2020\/06\/zebra-3-1024x600.png\" alt=\"Zebra-FOTA - Firmware update over the air - LifeGuard\" width=\"1024\" height=\"600\" srcset=\"https:\/\/wizyemm.com\/wp-content\/uploads\/2020\/06\/zebra-3-1024x600.png 1024w, https:\/\/wizyemm.com\/wp-content\/uploads\/2020\/06\/zebra-3-300x176.png 300w, https:\/\/wizyemm.com\/wp-content\/uploads\/2020\/06\/zebra-3-768x450.png 768w, https:\/\/wizyemm.com\/wp-content\/uploads\/2020\/06\/zebra-3-1200x703.png 1200w, https:\/\/wizyemm.com\/wp-content\/uploads\/2020\/06\/zebra-3-81x47.png 81w, https:\/\/wizyemm.com\/wp-content\/uploads\/2020\/06\/zebra-3.png 1552w\" sizes=\"(max-width: 1024px) 100vw, 1024px\" \/><\/p>\n<\/div><\/div><\/div><\/div><\/section><div class=\"vc_row-full-width vc_clearfix\"><\/div>\n","protected":false},"excerpt":{"rendered":"Nous exploitons la suite de mobilit\u00e9 de Zebra pour une meilleure productivit\u00e9FOTA Lifeguard Over The Air Consultez le statut de votre flotte Zebra directement \u00e0 partir de notre console et voyez s'ils sont \u00e0 jour sur les derniers correctifs de s\u00e9curit\u00e9 et mises \u00e0 jour logicielles. Restez au courant du cycle de vie de vos appareils Zebra en diffusant et en installant \u00e0 distance les derni\u00e8res mises \u00e0 jour de s\u00e9curit\u00e9 et de syst\u00e8me d'exploitation. Vous en avez assez de t\u00e9l\u00e9charger et d'installer manuellement les mises \u00e0 jour du firmware sur vos appareils ? De g\u00e9rer la complexit\u00e9 de toutes les diff\u00e9rentes versions de firmware ? Simplifiez la gestion de vos appareils Zebra avec WizyEMM. En savoir plus. Savanna data services Zebra Data Services est une approche bas\u00e9e sur l'API de Zebra pour vous aider \u00e0 r\u00e9soudre votre puzzle de donn\u00e9es et \u00e0 transformer num\u00e9riquement la fa\u00e7on dont votre entreprise g\u00e8re les performances pour devenir plus productive et plus rentable. WizyEMM int\u00e8gre les services de donn\u00e9es Zebra \u00e0 nos capacit\u00e9s MDM, pour fournir des tableaux de bord perspicaces de votre flotte Zebra, par exemple sur la sant\u00e9 des appareils. En savoir plus sur Savanna data services. Mobility DNA Nous nous...","protected":false},"author":1,"featured_media":23375,"parent":0,"menu_order":0,"comment_status":"closed","ping_status":"closed","template":"","meta":[],"yoast_head":"<!-- This site is optimized with the Yoast SEO plugin v18.6 - https:\/\/yoast.com\/wordpress\/plugins\/seo\/ -->\n<title>Zebra - WizyEMM<\/title>\n<meta name=\"robots\" content=\"index, follow, max-snippet:-1, max-image-preview:large, max-video-preview:-1\" \/>\n<link rel=\"canonical\" href=\"http:\/\/wizyemm.com\/fr\/integrations\/zebra\/\" \/>\n<meta property=\"og:locale\" content=\"fr_FR\" \/>\n<meta property=\"og:type\" content=\"article\" \/>\n<meta property=\"og:title\" content=\"Zebra - WizyEMM\" \/>\n<meta property=\"og:url\" content=\"http:\/\/wizyemm.com\/fr\/integrations\/zebra\/\" \/>\n<meta property=\"og:site_name\" content=\"WizyEMM\" \/>\n<meta property=\"article:modified_time\" content=\"2021-03-12T11:03:19+00:00\" \/>\n<meta property=\"og:image\" content=\"https:\/\/wizyemm.com\/wp-content\/uploads\/2020\/06\/zebra-2.png\" \/>\n\t<meta property=\"og:image:width\" content=\"1900\" \/>\n\t<meta property=\"og:image:height\" content=\"800\" \/>\n\t<meta property=\"og:image:type\" content=\"image\/png\" \/>\n<meta name=\"twitter:card\" content=\"summary_large_image\" \/>\n<meta name=\"twitter:label1\" content=\"Dur\u00e9e de lecture estim\u00e9e\" \/>\n\t<meta name=\"twitter:data1\" content=\"4 minutes\" \/>\n<!-- \/ Yoast SEO plugin. -->","yoast_head_json":{"title":"Zebra - WizyEMM","robots":{"index":"index","follow":"follow","max-snippet":"max-snippet:-1","max-image-preview":"max-image-preview:large","max-video-preview":"max-video-preview:-1"},"canonical":"http:\/\/wizyemm.com\/fr\/integrations\/zebra\/","og_locale":"fr_FR","og_type":"article","og_title":"Zebra - WizyEMM","og_url":"http:\/\/wizyemm.com\/fr\/integrations\/zebra\/","og_site_name":"WizyEMM","article_modified_time":"2021-03-12T11:03:19+00:00","og_image":[{"width":1900,"height":800,"url":"https:\/\/wizyemm.com\/wp-content\/uploads\/2020\/06\/zebra-2.png","type":"image\/png"}],"twitter_card":"summary_large_image","twitter_misc":{"Dur\u00e9e de lecture estim\u00e9e":"4 minutes"},"schema":{"@context":"https:\/\/schema.org","@graph":[{"@type":"Organization","@id":"https:\/\/wizyemm.com\/#organization","name":"WizyEMM","url":"https:\/\/wizyemm.com\/","sameAs":[],"logo":{"@type":"ImageObject","@id":"https:\/\/wizyemm.com\/#logo","inLanguage":"fr-FR","url":"https:\/\/wizyemm.com\/wp-content\/uploads\/2020\/05\/logo-3e43ae668112340d5106bf20c36af5bc.png","contentUrl":"https:\/\/wizyemm.com\/wp-content\/uploads\/2020\/05\/logo-3e43ae668112340d5106bf20c36af5bc.png","width":747,"height":125,"caption":"WizyEMM"},"image":{"@id":"https:\/\/wizyemm.com\/#logo"}},{"@type":"WebSite","@id":"https:\/\/wizyemm.com\/#website","url":"https:\/\/wizyemm.com\/","name":"WizyEMM","description":"Android Device Management for Frontline Workers","publisher":{"@id":"https:\/\/wizyemm.com\/#organization"},"potentialAction":[{"@type":"SearchAction","target":{"@type":"EntryPoint","urlTemplate":"https:\/\/wizyemm.com\/?s={search_term_string}"},"query-input":"required name=search_term_string"}],"inLanguage":"fr-FR"},{"@type":"ImageObject","@id":"http:\/\/wizyemm.com\/fr\/integrations\/zebra\/#primaryimage","inLanguage":"fr-FR","url":"https:\/\/wizyemm.com\/wp-content\/uploads\/2020\/06\/zebra-2.png","contentUrl":"https:\/\/wizyemm.com\/wp-content\/uploads\/2020\/06\/zebra-2.png","width":1900,"height":800,"caption":"WizyEMM & Zebra"},{"@type":"WebPage","@id":"http:\/\/wizyemm.com\/fr\/integrations\/zebra\/#webpage","url":"http:\/\/wizyemm.com\/fr\/integrations\/zebra\/","name":"Zebra - WizyEMM","isPartOf":{"@id":"https:\/\/wizyemm.com\/#website"},"primaryImageOfPage":{"@id":"http:\/\/wizyemm.com\/fr\/integrations\/zebra\/#primaryimage"},"datePublished":"2021-02-12T13:23:20+00:00","dateModified":"2021-03-12T11:03:19+00:00","breadcrumb":{"@id":"http:\/\/wizyemm.com\/fr\/integrations\/zebra\/#breadcrumb"},"inLanguage":"fr-FR","potentialAction":[{"@type":"ReadAction","target":["http:\/\/wizyemm.com\/fr\/integrations\/zebra\/"]}]},{"@type":"BreadcrumbList","@id":"http:\/\/wizyemm.com\/fr\/integrations\/zebra\/#breadcrumb","itemListElement":[{"@type":"ListItem","position":1,"name":"Accueil","item":"https:\/\/wizyemm.com\/fr\/"},{"@type":"ListItem","position":2,"name":"Zebra"}]}]}},"_links":{"self":[{"href":"https:\/\/wizyemm.com\/fr\/wp-json\/wp\/v2\/pages\/25302"}],"collection":[{"href":"https:\/\/wizyemm.com\/fr\/wp-json\/wp\/v2\/pages"}],"about":[{"href":"https:\/\/wizyemm.com\/fr\/wp-json\/wp\/v2\/types\/page"}],"author":[{"embeddable":true,"href":"https:\/\/wizyemm.com\/fr\/wp-json\/wp\/v2\/users\/1"}],"replies":[{"embeddable":true,"href":"https:\/\/wizyemm.com\/fr\/wp-json\/wp\/v2\/comments?post=25302"}],"version-history":[{"count":3,"href":"https:\/\/wizyemm.com\/fr\/wp-json\/wp\/v2\/pages\/25302\/revisions"}],"predecessor-version":[{"id":25368,"href":"https:\/\/wizyemm.com\/fr\/wp-json\/wp\/v2\/pages\/25302\/revisions\/25368"}],"wp:featuredmedia":[{"embeddable":true,"href":"https:\/\/wizyemm.com\/fr\/wp-json\/wp\/v2\/media\/23375"}],"wp:attachment":[{"href":"https:\/\/wizyemm.com\/fr\/wp-json\/wp\/v2\/media?parent=25302"}],"curies":[{"name":"wp","href":"https:\/\/api.w.org\/{rel}","templated":true}]}}