{"id":25305,"date":"2021-02-12T13:31:18","date_gmt":"2021-02-12T13:31:18","guid":{"rendered":"https:\/\/wizyemm.com\/?page_id=25305"},"modified":"2021-02-12T13:31:18","modified_gmt":"2021-02-12T13:31:18","slug":"apis","status":"publish","type":"page","link":"http:\/\/wizyemm.com\/fr\/integrations\/apis\/","title":{"rendered":"APIs"},"content":{"rendered":"<section data-vc-full-width=\"true\" data-vc-full-width-init=\"false\" data-vc-stretch-content=\"true\" class=\"vc_row wpb_row vc_row-fluid  vc_custom_1593419632453 cover-background bg-position-center-center wow fadeIn vc_row-has-fill pofo-stretch-content vc_row-no-padding vc_row-o-equal-height vc_row-flex pofo-row-responsive-69daea434f6a9\"><div class=\"wpb_column vc_column_container vc_col-sm-6 vc_col-lg-6 vc_col-md-6 vc_hidden-sm vc_col-xs-12 wow fadeIn\"><div class=\"vc_column-inner \"><div class=\"wpb_wrapper\"><\/div><\/div><\/div><div class=\"wpb_column vc_column_container vc_col-sm-12 vc_col-lg-6 vc_col-md-6 vc_col-xs-12 wow fadeInRight text-justify md-text-justify pofo-column-responsive-69daea434f78b\"><div class=\"vc_column-inner vc_custom_1592291760612\"><div class=\"wpb_wrapper\"><div class=\"vc_row wpb_row vc_inner vc_row-fluid  vc_custom_1591627796058 vc_row-has-fill pofo-inner-row-responsive-69daea434f81b\"><div class=\"wpb_column vc_column_container vc_col-lg-12 vc_col-md-12 col-xs-mobile-fullwidth wow none sm-text-center pofo-column-responsive-69daea434f894\"><div class=\"vc_column-inner vc_custom_1506937440484\"><div class=\"wpb_wrapper\"><h5 class=\"text-extra-dark-gray margin-20px-bottom font-weight-600 display-inline-block alt-font heading-style2  vc_custom_1613136406171  heading-1\"  style=\"font-weight: 600;\">Tirez parti de nos API pour cr\u00e9er plus de valeur pour votre organisation et vos clients<\/h5><div class=\" vc_custom_1613136538586 last-paragraph-no-margin pofo-text-block-responsive-69daea434f924\" style=\"color: #535a55; width: width-95;\"><h2><span style=\"color: black; font-weight: 500;\">Cr\u00e9ez un environnement unifi\u00e9<\/span><\/h2>\n<p>\u00cates-vous un fournisseur de services, un distributeur ou une grande entreprise d\u00e9j\u00e0 \u00e9quip\u00e9 d&#8217;un portail de gestion des appareils ? Nous ne voulons pas que vous vous chargiez d\u2019une console suppl\u00e9mentaire \u00e0 g\u00e9rer. Nous proposons des API \u00e9tendues pour que vous puissiez afficher et modifier toutes les donn\u00e9es de votre console WizyEMM. Cr\u00e9ez un environnement unifi\u00e9 pour votre organisation et simplifiez la gestion des appareils.<\/p>\n<\/div><div class=\" vc_custom_1613136648438 last-paragraph-no-margin pofo-text-block-responsive-69daea434f96e\" style=\"color: #535a55; width: width-95;\"><h2><span style=\"color: black; font-weight: 500;\">Dynamisez vos applications m\u00e9tier <\/span><\/h2>\n<p>\u00cates-vous un fournisseur de logiciels, ou op\u00e9rateur mobile avec une offre verticale ? Dynamisez votre offre en automatisant la gestion des appareils et les informations. Affichez des informations sur l&#8217;appareil telles que la g\u00e9olocalisation et l&#8217;utilisation de l&#8217;appareil dans votre application, et cr\u00e9ez des tableaux de bord significatifs \u00e0 partir de ces donn\u00e9es. Incluez les donn\u00e9es de gestion des appareils dans vos propres processus m\u00e9tier.<\/p>\n<\/div><a  href=\"https:\/\/wizyemm.com\/fr\/contact\/\" target=\"_self\" class=\"btn btn pofo-button-2 button-style5 btn-dark-gray btn-rounded vc_custom_1593158040470 pofo-button-1 button-style5  btn-dark-gray btn-rounded  btn-medium   vc_custom_1613136675263\"  style=\"color:#ffffff;  border-color:#0080c8; \">Contactez-nous pour acc\u00e9der \u00e0 nos API<\/a><\/div><\/div><\/div><\/div><\/div><\/div><\/div><\/section><div class=\"vc_row-full-width vc_clearfix\"><\/div>\n","protected":false},"excerpt":{"rendered":"Tirez parti de nos API pour cr\u00e9er plus de valeur pour votre organisation et vos clientsCr\u00e9ez un environnement unifi\u00e9 \u00cates-vous un fournisseur de services, un distributeur ou une grande entreprise d\u00e9j\u00e0 \u00e9quip\u00e9 d'un portail de gestion des appareils ? Nous ne voulons pas que vous vous chargiez d\u2019une console suppl\u00e9mentaire \u00e0 g\u00e9rer. Nous proposons des API \u00e9tendues pour que vous puissiez afficher et modifier toutes les donn\u00e9es de votre console WizyEMM. Cr\u00e9ez un environnement unifi\u00e9 pour votre organisation et simplifiez la gestion des appareils. Dynamisez vos applications m\u00e9tier \u00cates-vous un fournisseur de logiciels, ou op\u00e9rateur mobile avec une offre verticale ? Dynamisez votre offre en automatisant la gestion des appareils et les informations. Affichez des informations sur l'appareil telles que la g\u00e9olocalisation et l'utilisation de l'appareil dans votre application, et cr\u00e9ez des tableaux de bord significatifs \u00e0 partir de ces donn\u00e9es. Incluez les donn\u00e9es de gestion des appareils dans vos propres processus m\u00e9tier. Contactez-nous pour acc\u00e9der \u00e0 nos API","protected":false},"author":1,"featured_media":24824,"parent":0,"menu_order":3,"comment_status":"closed","ping_status":"closed","template":"","meta":[],"yoast_head":"<!-- This site is optimized with the Yoast SEO plugin v18.6 - https:\/\/yoast.com\/wordpress\/plugins\/seo\/ -->\n<title>APIs - WizyEMM<\/title>\n<meta name=\"robots\" content=\"index, follow, max-snippet:-1, max-image-preview:large, max-video-preview:-1\" \/>\n<link rel=\"canonical\" href=\"http:\/\/wizyemm.com\/fr\/integrations\/apis\/\" \/>\n<meta property=\"og:locale\" content=\"fr_FR\" \/>\n<meta property=\"og:type\" content=\"article\" \/>\n<meta property=\"og:title\" content=\"APIs - WizyEMM\" \/>\n<meta property=\"og:url\" content=\"http:\/\/wizyemm.com\/fr\/integrations\/apis\/\" \/>\n<meta property=\"og:site_name\" content=\"WizyEMM\" \/>\n<meta property=\"og:image\" content=\"https:\/\/wizyemm.com\/wp-content\/uploads\/2020\/06\/APIs.png\" \/>\n\t<meta property=\"og:image:width\" content=\"1900\" \/>\n\t<meta property=\"og:image:height\" content=\"1100\" \/>\n\t<meta property=\"og:image:type\" content=\"image\/png\" \/>\n<meta name=\"twitter:card\" content=\"summary_large_image\" \/>\n<meta name=\"twitter:label1\" content=\"Dur\u00e9e de lecture estim\u00e9e\" \/>\n\t<meta name=\"twitter:data1\" content=\"3 minutes\" \/>\n<!-- \/ Yoast SEO plugin. -->","yoast_head_json":{"title":"APIs - WizyEMM","robots":{"index":"index","follow":"follow","max-snippet":"max-snippet:-1","max-image-preview":"max-image-preview:large","max-video-preview":"max-video-preview:-1"},"canonical":"http:\/\/wizyemm.com\/fr\/integrations\/apis\/","og_locale":"fr_FR","og_type":"article","og_title":"APIs - WizyEMM","og_url":"http:\/\/wizyemm.com\/fr\/integrations\/apis\/","og_site_name":"WizyEMM","og_image":[{"width":1900,"height":1100,"url":"https:\/\/wizyemm.com\/wp-content\/uploads\/2020\/06\/APIs.png","type":"image\/png"}],"twitter_card":"summary_large_image","twitter_misc":{"Dur\u00e9e de lecture estim\u00e9e":"3 minutes"},"schema":{"@context":"https:\/\/schema.org","@graph":[{"@type":"Organization","@id":"https:\/\/wizyemm.com\/fr\/#organization","name":"WizyEMM","url":"https:\/\/wizyemm.com\/fr\/","sameAs":[],"logo":{"@type":"ImageObject","@id":"https:\/\/wizyemm.com\/fr\/#logo","inLanguage":"fr-FR","url":"https:\/\/wizyemm.com\/wp-content\/uploads\/2020\/05\/logo-3e43ae668112340d5106bf20c36af5bc.png","contentUrl":"https:\/\/wizyemm.com\/wp-content\/uploads\/2020\/05\/logo-3e43ae668112340d5106bf20c36af5bc.png","width":747,"height":125,"caption":"WizyEMM"},"image":{"@id":"https:\/\/wizyemm.com\/fr\/#logo"}},{"@type":"WebSite","@id":"https:\/\/wizyemm.com\/fr\/#website","url":"https:\/\/wizyemm.com\/fr\/","name":"WizyEMM","description":"Android Device Management for Frontline Workers","publisher":{"@id":"https:\/\/wizyemm.com\/fr\/#organization"},"potentialAction":[{"@type":"SearchAction","target":{"@type":"EntryPoint","urlTemplate":"https:\/\/wizyemm.com\/fr\/?s={search_term_string}"},"query-input":"required name=search_term_string"}],"inLanguage":"fr-FR"},{"@type":"ImageObject","@id":"http:\/\/wizyemm.com\/fr\/integrations\/apis\/#primaryimage","inLanguage":"fr-FR","url":"https:\/\/wizyemm.com\/wp-content\/uploads\/2020\/06\/APIs.png","contentUrl":"https:\/\/wizyemm.com\/wp-content\/uploads\/2020\/06\/APIs.png","width":1900,"height":1100,"caption":"APIs Mobile Device Management"},{"@type":"WebPage","@id":"http:\/\/wizyemm.com\/fr\/integrations\/apis\/#webpage","url":"http:\/\/wizyemm.com\/fr\/integrations\/apis\/","name":"APIs - WizyEMM","isPartOf":{"@id":"https:\/\/wizyemm.com\/fr\/#website"},"primaryImageOfPage":{"@id":"http:\/\/wizyemm.com\/fr\/integrations\/apis\/#primaryimage"},"datePublished":"2021-02-12T13:31:18+00:00","dateModified":"2021-02-12T13:31:18+00:00","breadcrumb":{"@id":"http:\/\/wizyemm.com\/fr\/integrations\/apis\/#breadcrumb"},"inLanguage":"fr-FR","potentialAction":[{"@type":"ReadAction","target":["http:\/\/wizyemm.com\/fr\/integrations\/apis\/"]}]},{"@type":"BreadcrumbList","@id":"http:\/\/wizyemm.com\/fr\/integrations\/apis\/#breadcrumb","itemListElement":[{"@type":"ListItem","position":1,"name":"Accueil","item":"https:\/\/wizyemm.com\/fr\/"},{"@type":"ListItem","position":2,"name":"APIs"}]}]}},"_links":{"self":[{"href":"https:\/\/wizyemm.com\/fr\/wp-json\/wp\/v2\/pages\/25305"}],"collection":[{"href":"https:\/\/wizyemm.com\/fr\/wp-json\/wp\/v2\/pages"}],"about":[{"href":"https:\/\/wizyemm.com\/fr\/wp-json\/wp\/v2\/types\/page"}],"author":[{"embeddable":true,"href":"https:\/\/wizyemm.com\/fr\/wp-json\/wp\/v2\/users\/1"}],"replies":[{"embeddable":true,"href":"https:\/\/wizyemm.com\/fr\/wp-json\/wp\/v2\/comments?post=25305"}],"version-history":[{"count":1,"href":"https:\/\/wizyemm.com\/fr\/wp-json\/wp\/v2\/pages\/25305\/revisions"}],"predecessor-version":[{"id":25306,"href":"https:\/\/wizyemm.com\/fr\/wp-json\/wp\/v2\/pages\/25305\/revisions\/25306"}],"wp:featuredmedia":[{"embeddable":true,"href":"https:\/\/wizyemm.com\/fr\/wp-json\/wp\/v2\/media\/24824"}],"wp:attachment":[{"href":"https:\/\/wizyemm.com\/fr\/wp-json\/wp\/v2\/media?parent=25305"}],"curies":[{"name":"wp","href":"https:\/\/api.w.org\/{rel}","templated":true}]}}