{"id":25308,"date":"2021-02-12T13:36:32","date_gmt":"2021-02-12T13:36:32","guid":{"rendered":"https:\/\/wizyemm.com\/?page_id=25308"},"modified":"2021-02-12T13:36:32","modified_gmt":"2021-02-12T13:36:32","slug":"migration-de-windows-ce-vers-android","status":"publish","type":"page","link":"http:\/\/wizyemm.com\/fr\/migration-de-windows-ce-vers-android\/","title":{"rendered":"Migration de Windows CE vers Android"},"content":{"rendered":"<section data-vc-full-width=\"true\" data-vc-full-width-init=\"false\" data-vc-stretch-content=\"true\" class=\"vc_row wpb_row vc_row-fluid  vc_custom_1593504387891 cover-background bg-position-center-center wow fadeIn vc_row-has-fill pofo-stretch-content vc_row-o-equal-height vc_row-flex pofo-row-responsive-69efa99ad695f\"><div class=\"wpb_column vc_column_container vc_col-has-fill vc_col-sm-6 vc_col-lg-6 vc_col-md-6 vc_col-xs-12 wow fadeInLeft\"><div class=\"vc_column-inner vc_custom_1591369642066\"><div class=\"wpb_wrapper\"><div class=\"vc_row wpb_row vc_inner vc_row-fluid  vc_custom_1591102929878 pofo-inner-row-responsive-69efa99ad6b2b\"><div class=\"wpb_column vc_column_container vc_col-sm-12 vc_col-lg-12 vc_col-md-12 vc_col-xs-12 wow none sm-text-center pofo-column-responsive-69efa99ad6bea\"><div class=\"vc_column-inner vc_custom_1591104102403\"><div class=\"wpb_wrapper\"><h2 class=\"text-extra-dark-gray margin-20px-bottom font-weight-600 display-inline-block alt-font heading-style2  heading-1\"  style=\"font-size: 25px; line-height: 40px; font-weight: 600; color: #000000;\" data-fontsize=\"25px\" data-lineheight=\"40px\">Faites le changement. Maintenant.<\/h2><div class=\"last-paragraph-no-margin pofo-text-block-responsive-69efa99ad6cbd\" style=\"color: #535a55; width: width-95;\"><p>La prise en charge de <strong>Windows CE 6.0<\/strong> et Windows Embedded Handheld 6.5 est termin\u00e9e. <strong>Les entreprises de la cha\u00eene d&#8217;approvisionnement, les entrep\u00f4ts, de la vente au d\u00e9tail et des services sur le terrain<\/strong> qui utilisent toujours ce syst\u00e8me d&#8217;exploitation laissent sans le savoir leurs activit\u00e9s avec un risque de s\u00e9curit\u00e9 accru. Il n&#8217;y a pas de mises \u00e0 jour, correctifs ou correctifs disponibles en cas de violation.<\/p>\n<p>Le seul chemin de mise \u00e0 niveau est vers Android, qui est devenu le syst\u00e8me d&#8217;exploitation standard en l&#8217;entreprise.<\/p>\n<p>Bien s\u00fbr, cela vient avec des consid\u00e9rations mat\u00e9rielles et logicielles. Cela peut sembler tr\u00e8s intimidant, mais ce n&#8217;est pas le cas. Pour le mat\u00e9riel, il existe un nombre croissant d&#8217;appareils Android Enterprise recommand\u00e9s parmi les <strong>partenaires constructeurs de WizyEMM<\/strong>. En plus de cela, il n&#8217;est pas n\u00e9cessaire de s&#8217;inqui\u00e9ter de la r\u00e9\u00e9criture des applications et des flux de travail existants du syst\u00e8me d&#8217;exploitation h\u00e9rit\u00e9 vers Android; cela peut \u00eatre fait tr\u00e8s rapidement et sans douleur en utilisant <strong>Ivanti Velocity.<\/strong> Dans ce nouveau monde ax\u00e9 sur Android, les solutions traditionnelles de gestion des appareils mobiles ne suffiront pas. Il doit \u00eatre construit en utilisant les API de gestion d&#8217;Android; WizyEMM est le choix naturel capable de prendre en charge \u00e0 la fois l&#8217;appareil Android et toutes les applications et flux de travail port\u00e9s avec Ivanti Velocity.<\/p>\n<\/div><h2 class=\"text-extra-dark-gray margin-20px-bottom font-weight-600 display-inline-block alt-font heading-style2  vc_custom_1613136987936  heading-2\"  style=\"font-size: 25px; line-height: 40px; font-weight: 600; color: #000000;\" data-fontsize=\"25px\" data-lineheight=\"40px\">WizyEMM - Simplifiez-vous la vie, restez simple. <\/h2><\/div><\/div><\/div><\/div><\/div><\/div><\/div><div class=\"wpb_column vc_column_container vc_col-sm-6 vc_col-lg-6 vc_col-md-6 vc_col-xs-12 clear-both md-clear-both wow fadeInRight\" data-clear-both=\"clear-both md-clear-both\"><div class=\"vc_column-inner vc_custom_1591174217740\"><div class=\"wpb_wrapper\"><\/div><\/div><\/div><\/section><div class=\"vc_row-full-width vc_clearfix\"><\/div>\n","protected":false},"excerpt":{"rendered":"Faites le changement. Maintenant.La prise en charge de Windows CE 6.0 et Windows Embedded Handheld 6.5 est termin\u00e9e. Les entreprises de la cha\u00eene d'approvisionnement, les entrep\u00f4ts, de la vente au d\u00e9tail et des services sur le terrain qui utilisent toujours ce syst\u00e8me d'exploitation laissent sans le savoir leurs activit\u00e9s avec un risque de s\u00e9curit\u00e9 accru. Il n'y a pas de mises \u00e0 jour, correctifs ou correctifs disponibles en cas de violation. Le seul chemin de mise \u00e0 niveau est vers Android, qui est devenu le syst\u00e8me d'exploitation standard en l'entreprise. Bien s\u00fbr, cela vient avec des consid\u00e9rations mat\u00e9rielles et logicielles. Cela peut sembler tr\u00e8s intimidant, mais ce n'est pas le cas. Pour le mat\u00e9riel, il existe un nombre croissant d'appareils Android Enterprise recommand\u00e9s parmi les partenaires constructeurs de WizyEMM. En plus de cela, il n'est pas n\u00e9cessaire de s'inqui\u00e9ter de la r\u00e9\u00e9criture des applications et des flux de travail existants du syst\u00e8me d'exploitation h\u00e9rit\u00e9 vers Android; cela peut \u00eatre fait tr\u00e8s rapidement et sans douleur en utilisant Ivanti Velocity. Dans ce nouveau monde ax\u00e9 sur Android, les solutions traditionnelles de gestion des appareils mobiles ne suffiront pas. Il doit \u00eatre construit en utilisant les API de gestion d'Android; WizyEMM est...","protected":false},"author":1,"featured_media":24809,"parent":0,"menu_order":16,"comment_status":"closed","ping_status":"closed","template":"","meta":[],"yoast_head":"<!-- This site is optimized with the Yoast SEO plugin v18.6 - https:\/\/yoast.com\/wordpress\/plugins\/seo\/ -->\n<title>Migration de Windows CE vers Android - WizyEMM<\/title>\n<meta name=\"robots\" content=\"index, follow, max-snippet:-1, max-image-preview:large, max-video-preview:-1\" \/>\n<link rel=\"canonical\" href=\"http:\/\/wizyemm.com\/fr\/migration-de-windows-ce-vers-android\/\" \/>\n<meta property=\"og:locale\" content=\"fr_FR\" \/>\n<meta property=\"og:type\" content=\"article\" \/>\n<meta property=\"og:title\" content=\"Migration de Windows CE vers Android - WizyEMM\" \/>\n<meta property=\"og:url\" content=\"http:\/\/wizyemm.com\/fr\/migration-de-windows-ce-vers-android\/\" \/>\n<meta property=\"og:site_name\" content=\"WizyEMM\" \/>\n<meta property=\"og:image\" content=\"https:\/\/wizyemm.com\/wp-content\/uploads\/2020\/06\/rodion-kutsaev-0VGG7cqTwCo-unsplash.jpg\" \/>\n\t<meta property=\"og:image:width\" content=\"2400\" \/>\n\t<meta property=\"og:image:height\" content=\"1600\" \/>\n\t<meta property=\"og:image:type\" content=\"image\/jpeg\" \/>\n<meta name=\"twitter:card\" content=\"summary_large_image\" \/>\n<meta name=\"twitter:label1\" content=\"Dur\u00e9e de lecture estim\u00e9e\" \/>\n\t<meta name=\"twitter:data1\" content=\"3 minutes\" \/>\n<!-- \/ Yoast SEO plugin. -->","yoast_head_json":{"title":"Migration de Windows CE vers Android - WizyEMM","robots":{"index":"index","follow":"follow","max-snippet":"max-snippet:-1","max-image-preview":"max-image-preview:large","max-video-preview":"max-video-preview:-1"},"canonical":"http:\/\/wizyemm.com\/fr\/migration-de-windows-ce-vers-android\/","og_locale":"fr_FR","og_type":"article","og_title":"Migration de Windows CE vers Android - WizyEMM","og_url":"http:\/\/wizyemm.com\/fr\/migration-de-windows-ce-vers-android\/","og_site_name":"WizyEMM","og_image":[{"width":2400,"height":1600,"url":"https:\/\/wizyemm.com\/wp-content\/uploads\/2020\/06\/rodion-kutsaev-0VGG7cqTwCo-unsplash.jpg","type":"image\/jpeg"}],"twitter_card":"summary_large_image","twitter_misc":{"Dur\u00e9e de lecture estim\u00e9e":"3 minutes"},"schema":{"@context":"https:\/\/schema.org","@graph":[{"@type":"Organization","@id":"https:\/\/wizyemm.com\/#organization","name":"WizyEMM","url":"https:\/\/wizyemm.com\/","sameAs":[],"logo":{"@type":"ImageObject","@id":"https:\/\/wizyemm.com\/#logo","inLanguage":"fr-FR","url":"https:\/\/wizyemm.com\/wp-content\/uploads\/2020\/05\/logo-3e43ae668112340d5106bf20c36af5bc.png","contentUrl":"https:\/\/wizyemm.com\/wp-content\/uploads\/2020\/05\/logo-3e43ae668112340d5106bf20c36af5bc.png","width":747,"height":125,"caption":"WizyEMM"},"image":{"@id":"https:\/\/wizyemm.com\/#logo"}},{"@type":"WebSite","@id":"https:\/\/wizyemm.com\/#website","url":"https:\/\/wizyemm.com\/","name":"WizyEMM","description":"Android Device Management for Frontline Workers","publisher":{"@id":"https:\/\/wizyemm.com\/#organization"},"potentialAction":[{"@type":"SearchAction","target":{"@type":"EntryPoint","urlTemplate":"https:\/\/wizyemm.com\/?s={search_term_string}"},"query-input":"required name=search_term_string"}],"inLanguage":"fr-FR"},{"@type":"ImageObject","@id":"http:\/\/wizyemm.com\/fr\/migration-de-windows-ce-vers-android\/#primaryimage","inLanguage":"fr-FR","url":"https:\/\/wizyemm.com\/wp-content\/uploads\/2020\/06\/rodion-kutsaev-0VGG7cqTwCo-unsplash.jpg","contentUrl":"https:\/\/wizyemm.com\/wp-content\/uploads\/2020\/06\/rodion-kutsaev-0VGG7cqTwCo-unsplash.jpg","width":2400,"height":1600,"caption":"Android management"},{"@type":"WebPage","@id":"http:\/\/wizyemm.com\/fr\/migration-de-windows-ce-vers-android\/#webpage","url":"http:\/\/wizyemm.com\/fr\/migration-de-windows-ce-vers-android\/","name":"Migration de Windows CE vers Android - WizyEMM","isPartOf":{"@id":"https:\/\/wizyemm.com\/#website"},"primaryImageOfPage":{"@id":"http:\/\/wizyemm.com\/fr\/migration-de-windows-ce-vers-android\/#primaryimage"},"datePublished":"2021-02-12T13:36:32+00:00","dateModified":"2021-02-12T13:36:32+00:00","breadcrumb":{"@id":"http:\/\/wizyemm.com\/fr\/migration-de-windows-ce-vers-android\/#breadcrumb"},"inLanguage":"fr-FR","potentialAction":[{"@type":"ReadAction","target":["http:\/\/wizyemm.com\/fr\/migration-de-windows-ce-vers-android\/"]}]},{"@type":"BreadcrumbList","@id":"http:\/\/wizyemm.com\/fr\/migration-de-windows-ce-vers-android\/#breadcrumb","itemListElement":[{"@type":"ListItem","position":1,"name":"Accueil","item":"https:\/\/wizyemm.com\/fr\/"},{"@type":"ListItem","position":2,"name":"Migration de Windows CE vers Android"}]}]}},"_links":{"self":[{"href":"https:\/\/wizyemm.com\/fr\/wp-json\/wp\/v2\/pages\/25308"}],"collection":[{"href":"https:\/\/wizyemm.com\/fr\/wp-json\/wp\/v2\/pages"}],"about":[{"href":"https:\/\/wizyemm.com\/fr\/wp-json\/wp\/v2\/types\/page"}],"author":[{"embeddable":true,"href":"https:\/\/wizyemm.com\/fr\/wp-json\/wp\/v2\/users\/1"}],"replies":[{"embeddable":true,"href":"https:\/\/wizyemm.com\/fr\/wp-json\/wp\/v2\/comments?post=25308"}],"version-history":[{"count":1,"href":"https:\/\/wizyemm.com\/fr\/wp-json\/wp\/v2\/pages\/25308\/revisions"}],"predecessor-version":[{"id":25309,"href":"https:\/\/wizyemm.com\/fr\/wp-json\/wp\/v2\/pages\/25308\/revisions\/25309"}],"wp:featuredmedia":[{"embeddable":true,"href":"https:\/\/wizyemm.com\/fr\/wp-json\/wp\/v2\/media\/24809"}],"wp:attachment":[{"href":"https:\/\/wizyemm.com\/fr\/wp-json\/wp\/v2\/media?parent=25308"}],"curies":[{"name":"wp","href":"https:\/\/api.w.org\/{rel}","templated":true}]}}