{"id":25311,"date":"2021-02-12T13:45:47","date_gmt":"2021-02-12T13:45:47","guid":{"rendered":"https:\/\/wizyemm.com\/?page_id=25311"},"modified":"2021-02-12T13:45:47","modified_gmt":"2021-02-12T13:45:47","slug":"emplacement-des-donnees-cloud","status":"publish","type":"page","link":"http:\/\/wizyemm.com\/fr\/emplacement-donnees-cloud\/","title":{"rendered":"Emplacement des donn\u00e9es cloud"},"content":{"rendered":"<section data-vc-full-width=\"true\" data-vc-full-width-init=\"false\" data-vc-stretch-content=\"true\" class=\"vc_row wpb_row vc_row-fluid  vc_custom_1593504575370 cover-background bg-position-center-center vc_row-has-fill pofo-stretch-content vc_row-no-padding\"><div class=\"wpb_column vc_column_container vc_col-has-fill vc_col-sm-6 vc_col-lg-6 vc_col-md-6 vc_col-xs-12 wow fadeInLeft text-justify pofo-column-responsive-69df4bc7266fc\"><div class=\"vc_column-inner vc_custom_1592851560930\"><div class=\"wpb_wrapper\"><div class=\"vc_row wpb_row vc_inner vc_row-fluid  vc_custom_1592845452032\"><div class=\"wpb_column vc_column_container vc_col-sm-12  col-xs-mobile-fullwidth\"><div class=\"vc_column-inner vc_custom_1592845491895\"><div class=\"wpb_wrapper\"><h2 class=\"text-extra-dark-gray margin-20px-bottom font-weight-600 display-block alt-font heading-style2  vc_custom_1613137160283  heading-1\"  style=\"font-size: 25px; line-height: 40px; font-weight: 600;\" data-fontsize=\"25px\" data-lineheight=\"40px\">La s\u00e9curit\u00e9 et la confidentialit\u00e9 des donn\u00e9es mobiles sont primordiales pour nous<\/h2><div class=\" vc_custom_1613137251905 last-paragraph-no-margin\"><p><span style=\"font-weight: 400;\">C&#8217;est pourquoi nous nous appuyons sur les <strong>solutions les plus s\u00e9curis\u00e9es du march\u00e9<\/strong><\/span><\/p>\n<ul>\n<li>Google Cloud pour d\u00e9velopper et h\u00e9berger WizyEMM<\/li>\n<li>Android Enterprise avec l&#8217;API de gestion Android, le zero-touch et Google Play g\u00e9r\u00e9, pour s\u00e9curiser et g\u00e9rer les appareils Android.<\/li>\n<\/ul>\n<p><strong>Nous appr\u00e9cions la confidentialit\u00e9 des donn\u00e9es<\/strong>. WizyEMM a \u00e9t\u00e9 con\u00e7u et construit pour \u00eatre conforme aux r\u00e9glementations mondiales les plus strictes, le RGPD europ\u00e9en. Nos processus internes sont align\u00e9s sur les exigences du RGPD.<\/p>\n<p><span style=\"font-weight: 400;\">Vous pouvez en savoir plus dans notre\u00a0<a href=\"http:\/\/xqrcwkh.cluster028.hosting.ovh.net\/privacy-and-security-policy\/\" target=\"_blank\" rel=\"noopener\"><span style=\"color: #0080c8; font-weight: 500;\">politique de s\u00e9curit\u00e9 et de confidentialit\u00e9<\/span><\/a> (en anglais).<\/span><\/p>\n<\/div><\/div><\/div><\/div><\/div><\/div><\/div><\/div><div class=\"wpb_column vc_column_container vc_col-sm-6 vc_col-lg-6 vc_col-md-6 vc_col-xs-12 wow fadeInRight pofo-column-responsive-69df4bc726947\"><div class=\"vc_column-inner \"><div class=\"wpb_wrapper\"><\/div><\/div><\/div><\/section><div class=\"vc_row-full-width vc_clearfix\"><\/div><section data-vc-full-width=\"true\" data-vc-full-width-init=\"false\" class=\"vc_row wpb_row vc_row-fluid  vc_custom_1592845931602 pofo-stretch-content pofo-stretch-row-container\"><div class=\"wpb_column vc_column_container vc_col-sm-8  col-xs-mobile-fullwidth wow fadeInLeft text-justify\"><div class=\"vc_column-inner \"><div class=\"wpb_wrapper\"><h2 class=\"text-extra-dark-gray margin-20px-bottom font-weight-600 display-block alt-font heading-style2  vc_custom_1607500669716  heading-2\"  style=\"font-size: 25px; font-weight: 600;\" data-fontsize=\"25px\">Google Cloud<\/h2><div class=\" vc_custom_1613137419155 last-paragraph-no-margin\"><p>WizyEMM est une solution SaaS bas\u00e9e sur les <strong>services Google Cloud<\/strong>: App Engine, Cloud SQL, IAM, Big Query, Pub Sub. Nous appr\u00e9cions le <a href=\"https:\/\/cloud.google.com\/appengine\/sla\" target=\"_blank\" rel=\"noopener\">SLA Google Cloud<\/a> de <strong>99,95%<\/strong> pour nous assurer que WizyEMM est toujours op\u00e9rationnel.<\/p>\n<p>Nous ne g\u00e9rons pas l&#8217;infrastructure, nous utilisons les services Google Cloud. Nous \u00e9vitons de microg\u00e9rer la <strong>s\u00e9curit\u00e9<\/strong> et <strong>l&#8217;\u00e9volutivit\u00e9<\/strong> des serveurs; Google Cloud est meilleur que nous. Google Cloud est l&#8217;un des <a href=\"https:\/\/cloud.google.com\/security\/overview\/whitepaper\" target=\"_blank\" rel=\"noopener\">fournisseurs de cloud les plus s\u00e9curis\u00e9s au monde<\/a> avec un large \u00e9ventail de certifications r\u00e9pertori\u00e9es dans leur <a href=\"https:\/\/cloud.google.com\/security\/compliance\" target=\"_blank\" rel=\"noopener\">centre de ressources sur la conformit\u00e9<\/a>.<\/p>\n<p>Google Cloud dispose de centres de donn\u00e9es situ\u00e9s dans <a href=\"https:\/\/cloud.google.com\/about\/locations#regions\" target=\"_blank\" rel=\"noopener\">plusieurs r\u00e9gions du monde<\/a>. WizyEMM a d\u00e9ploy\u00e9 des instances distinctes d\u00e9di\u00e9es aux r\u00e9gions o\u00f9 se trouvent nos clients. Nous nous assurons que nos clients peuvent <strong>se conformer aux r\u00e9glementations locales d&#8217;h\u00e9bergement de donn\u00e9es<\/strong>.<\/p>\n<\/div><\/div><\/div><\/div><div class=\"wpb_column vc_column_container vc_col-sm-4  col-xs-mobile-fullwidth wow fadeInRight\"><div class=\"vc_column-inner \"><div class=\"wpb_wrapper\">[vc_single_image image=&#8221;23854&#8243; img_size=&#8221;full&#8221;]<\/div><\/div><\/div><\/section><div class=\"vc_row-full-width vc_clearfix\"><\/div><section data-vc-full-width=\"true\" data-vc-full-width-init=\"false\" class=\"vc_row wpb_row vc_row-fluid   pofo-stretch-content pofo-stretch-row-container vc_row-o-equal-height vc_row-o-content-middle vc_row-flex\"><div class=\"wpb_column vc_column_container vc_col-sm-9  col-xs-mobile-fullwidth wow fadeInLeft\"><div class=\"vc_column-inner \"><div class=\"wpb_wrapper\">[vc_single_image image=&#8221;23834&#8243; img_size=&#8221;full&#8221;]<\/div><\/div><\/div><div class=\"wpb_column vc_column_container vc_col-sm-3  col-xs-mobile-fullwidth wow fadeInRight\"><div class=\"vc_column-inner \"><div class=\"wpb_wrapper\"><h2 class=\"text-extra-dark-gray margin-20px-bottom font-weight-600 display-block alt-font heading-style2  vc_custom_1613137433290  heading-3\"  style=\"font-size: 25px; font-weight: 600;\" data-fontsize=\"25px\">Nos emplacements de centres de donn\u00e9es<\/h2><span class=\"text-extra-dark-gray margin-20px-bottom font-weight-600 display-inline-block alt-font heading-style2  heading-4\" >Europe<\/span><ul class=\"list-style-1 list-style1-1 \"><li class=\"margin-10px-bottom\">Belgique pour les clients europ\u00e9ens sous la r\u00e9glementation GDPR<\/li><\/ul><span class=\"text-extra-dark-gray margin-20px-bottom font-weight-600 display-inline-block alt-font heading-style2  heading-5\" >Am\u00e9riques<\/span><ul class=\"list-style-1 list-style1-2 \"><li class=\"margin-10px-bottom\">USA - Iowa<\/li><li class=\"margin-10px-bottom\">Br\u00e9sil - Sao Paulo prochainement<\/li><\/ul><span class=\"text-extra-dark-gray margin-20px-bottom font-weight-600 display-inline-block alt-font heading-style2  heading-6\" >Japon Asie Pacifique<\/span><ul class=\"list-style-1 list-style1-3 \"><li class=\"margin-10px-bottom\">Inde - Mumbai <\/li><li class=\"margin-10px-bottom\">Australie - Sydney<\/li><li class=\"margin-10px-bottom\">Indonesie - Jakarta<\/li><li class=\"margin-10px-bottom\">Japon - Tokyo prochainement<\/li><\/ul><\/div><\/div><\/div><\/section><div class=\"vc_row-full-width vc_clearfix\"><\/div>\n","protected":false},"excerpt":{"rendered":"La s\u00e9curit\u00e9 et la confidentialit\u00e9 des donn\u00e9es mobiles sont primordiales pour nousC'est pourquoi nous nous appuyons sur les solutions les plus s\u00e9curis\u00e9es du march\u00e9 Google Cloud pour d\u00e9velopper et h\u00e9berger WizyEMM Android Enterprise avec l'API de gestion Android, le zero-touch et Google Play g\u00e9r\u00e9, pour s\u00e9curiser et g\u00e9rer les appareils Android. Nous appr\u00e9cions la confidentialit\u00e9 des donn\u00e9es. WizyEMM a \u00e9t\u00e9 con\u00e7u et construit pour \u00eatre conforme aux r\u00e9glementations mondiales les plus strictes, le RGPD europ\u00e9en. Nos processus internes sont align\u00e9s sur les exigences du RGPD. Vous pouvez en savoir plus dans notre\u00a0politique de s\u00e9curit\u00e9 et de confidentialit\u00e9 (en anglais). Google CloudWizyEMM est une solution SaaS bas\u00e9e sur les services Google Cloud: App Engine, Cloud SQL, IAM, Big Query, Pub Sub. Nous appr\u00e9cions le SLA Google Cloud de 99,95% pour nous assurer que WizyEMM est toujours op\u00e9rationnel. Nous ne g\u00e9rons pas l'infrastructure, nous utilisons les services Google Cloud. Nous \u00e9vitons de microg\u00e9rer la s\u00e9curit\u00e9 et l'\u00e9volutivit\u00e9 des serveurs; Google Cloud est meilleur que nous. Google Cloud est l'un des fournisseurs de cloud les plus s\u00e9curis\u00e9s au monde avec un large \u00e9ventail de certifications r\u00e9pertori\u00e9es dans leur centre de ressources sur la conformit\u00e9. Google Cloud dispose de centres de donn\u00e9es situ\u00e9s dans...","protected":false},"author":1,"featured_media":24875,"parent":0,"menu_order":20,"comment_status":"closed","ping_status":"closed","template":"","meta":[],"yoast_head":"<!-- This site is optimized with the Yoast SEO plugin v18.6 - https:\/\/yoast.com\/wordpress\/plugins\/seo\/ -->\n<title>Emplacement des donn\u00e9es cloud - WizyEMM<\/title>\n<meta name=\"robots\" content=\"index, follow, max-snippet:-1, max-image-preview:large, max-video-preview:-1\" \/>\n<link rel=\"canonical\" href=\"http:\/\/wizyemm.com\/fr\/emplacement-donnees-cloud\/\" \/>\n<meta property=\"og:locale\" content=\"fr_FR\" \/>\n<meta property=\"og:type\" content=\"article\" \/>\n<meta property=\"og:title\" content=\"Emplacement des donn\u00e9es cloud - WizyEMM\" \/>\n<meta property=\"og:url\" content=\"http:\/\/wizyemm.com\/fr\/emplacement-donnees-cloud\/\" \/>\n<meta property=\"og:site_name\" content=\"WizyEMM\" \/>\n<meta property=\"og:image\" content=\"https:\/\/wizyemm.com\/wp-content\/uploads\/2020\/06\/map-1.png\" \/>\n\t<meta property=\"og:image:width\" content=\"994\" \/>\n\t<meta property=\"og:image:height\" content=\"563\" \/>\n\t<meta property=\"og:image:type\" content=\"image\/png\" \/>\n<meta name=\"twitter:card\" content=\"summary_large_image\" \/>\n<meta name=\"twitter:label1\" content=\"Dur\u00e9e de lecture estim\u00e9e\" \/>\n\t<meta name=\"twitter:data1\" content=\"4 minutes\" \/>\n<!-- \/ Yoast SEO plugin. -->","yoast_head_json":{"title":"Emplacement des donn\u00e9es cloud - WizyEMM","robots":{"index":"index","follow":"follow","max-snippet":"max-snippet:-1","max-image-preview":"max-image-preview:large","max-video-preview":"max-video-preview:-1"},"canonical":"http:\/\/wizyemm.com\/fr\/emplacement-donnees-cloud\/","og_locale":"fr_FR","og_type":"article","og_title":"Emplacement des donn\u00e9es cloud - WizyEMM","og_url":"http:\/\/wizyemm.com\/fr\/emplacement-donnees-cloud\/","og_site_name":"WizyEMM","og_image":[{"width":994,"height":563,"url":"https:\/\/wizyemm.com\/wp-content\/uploads\/2020\/06\/map-1.png","type":"image\/png"}],"twitter_card":"summary_large_image","twitter_misc":{"Dur\u00e9e de lecture estim\u00e9e":"4 minutes"},"schema":{"@context":"https:\/\/schema.org","@graph":[{"@type":"Organization","@id":"https:\/\/wizyemm.com\/#organization","name":"WizyEMM","url":"https:\/\/wizyemm.com\/","sameAs":[],"logo":{"@type":"ImageObject","@id":"https:\/\/wizyemm.com\/#logo","inLanguage":"fr-FR","url":"https:\/\/wizyemm.com\/wp-content\/uploads\/2020\/05\/logo-3e43ae668112340d5106bf20c36af5bc.png","contentUrl":"https:\/\/wizyemm.com\/wp-content\/uploads\/2020\/05\/logo-3e43ae668112340d5106bf20c36af5bc.png","width":747,"height":125,"caption":"WizyEMM"},"image":{"@id":"https:\/\/wizyemm.com\/#logo"}},{"@type":"WebSite","@id":"https:\/\/wizyemm.com\/#website","url":"https:\/\/wizyemm.com\/","name":"WizyEMM","description":"Android Device Management for Frontline Workers","publisher":{"@id":"https:\/\/wizyemm.com\/#organization"},"potentialAction":[{"@type":"SearchAction","target":{"@type":"EntryPoint","urlTemplate":"https:\/\/wizyemm.com\/?s={search_term_string}"},"query-input":"required name=search_term_string"}],"inLanguage":"fr-FR"},{"@type":"ImageObject","@id":"http:\/\/wizyemm.com\/fr\/emplacement-donnees-cloud\/#primaryimage","inLanguage":"fr-FR","url":"https:\/\/wizyemm.com\/wp-content\/uploads\/2020\/06\/map-1.png","contentUrl":"https:\/\/wizyemm.com\/wp-content\/uploads\/2020\/06\/map-1.png","width":994,"height":563,"caption":"WizyEMM Data center location Map"},{"@type":"WebPage","@id":"http:\/\/wizyemm.com\/fr\/emplacement-donnees-cloud\/#webpage","url":"http:\/\/wizyemm.com\/fr\/emplacement-donnees-cloud\/","name":"Emplacement des donn\u00e9es cloud - WizyEMM","isPartOf":{"@id":"https:\/\/wizyemm.com\/#website"},"primaryImageOfPage":{"@id":"http:\/\/wizyemm.com\/fr\/emplacement-donnees-cloud\/#primaryimage"},"datePublished":"2021-02-12T13:45:47+00:00","dateModified":"2021-02-12T13:45:47+00:00","breadcrumb":{"@id":"http:\/\/wizyemm.com\/fr\/emplacement-donnees-cloud\/#breadcrumb"},"inLanguage":"fr-FR","potentialAction":[{"@type":"ReadAction","target":["http:\/\/wizyemm.com\/fr\/emplacement-donnees-cloud\/"]}]},{"@type":"BreadcrumbList","@id":"http:\/\/wizyemm.com\/fr\/emplacement-donnees-cloud\/#breadcrumb","itemListElement":[{"@type":"ListItem","position":1,"name":"Accueil","item":"https:\/\/wizyemm.com\/fr\/"},{"@type":"ListItem","position":2,"name":"Emplacement des donn\u00e9es cloud"}]}]}},"_links":{"self":[{"href":"https:\/\/wizyemm.com\/fr\/wp-json\/wp\/v2\/pages\/25311"}],"collection":[{"href":"https:\/\/wizyemm.com\/fr\/wp-json\/wp\/v2\/pages"}],"about":[{"href":"https:\/\/wizyemm.com\/fr\/wp-json\/wp\/v2\/types\/page"}],"author":[{"embeddable":true,"href":"https:\/\/wizyemm.com\/fr\/wp-json\/wp\/v2\/users\/1"}],"replies":[{"embeddable":true,"href":"https:\/\/wizyemm.com\/fr\/wp-json\/wp\/v2\/comments?post=25311"}],"version-history":[{"count":1,"href":"https:\/\/wizyemm.com\/fr\/wp-json\/wp\/v2\/pages\/25311\/revisions"}],"predecessor-version":[{"id":25312,"href":"https:\/\/wizyemm.com\/fr\/wp-json\/wp\/v2\/pages\/25311\/revisions\/25312"}],"wp:featuredmedia":[{"embeddable":true,"href":"https:\/\/wizyemm.com\/fr\/wp-json\/wp\/v2\/media\/24875"}],"wp:attachment":[{"href":"https:\/\/wizyemm.com\/fr\/wp-json\/wp\/v2\/media?parent=25311"}],"curies":[{"name":"wp","href":"https:\/\/api.w.org\/{rel}","templated":true}]}}