{"id":26502,"date":"2021-10-29T09:59:06","date_gmt":"2021-10-29T09:59:06","guid":{"rendered":"https:\/\/wizyemm.com\/white-label\/"},"modified":"2021-10-29T10:12:49","modified_gmt":"2021-10-29T10:12:49","slug":"white-label","status":"publish","type":"page","link":"http:\/\/wizyemm.com\/fr\/marque-blanche\/","title":{"rendered":"Marque Blanche"},"content":{"rendered":"<section id=\"standard\" data-vc-full-width=\"true\" data-vc-full-width-init=\"false\" data-vc-stretch-content=\"true\" class=\"vc_row wpb_row vc_row-fluid  vc_custom_1592474407363 pofo-stretch-content vc_row-no-padding vc_row-o-equal-height vc_row-o-content-middle vc_row-flex\"><div class=\"wpb_column vc_column_container vc_col-sm-6  col-xs-mobile-fullwidth wow fadeInLeft\"><div class=\"vc_column-inner \"><div class=\"wpb_wrapper\"><div class=\"vc_row wpb_row vc_inner vc_row-fluid   vc_row-o-equal-height vc_row-o-content-middle vc_row-flex\"><div class=\"wpb_column vc_column_container vc_col-sm-12 vc_col-xs-12\"><div class=\"vc_column-inner \"><div class=\"wpb_wrapper\">[vc_single_image image=&#8221;26506&#8243; img_size=&#8221;full&#8221; alignment=&#8221;center&#8221;]<\/div><\/div><\/div><\/div><\/div><\/div><\/div><div class=\"wpb_column vc_column_container vc_col-sm-6 vc_col-xs-12 wow fadeInRight pofo-column-responsive-69e9e4eed3200\"><div class=\"vc_column-inner vc_custom_1635493429176\"><div class=\"wpb_wrapper\"><div class=\"vc_row wpb_row vc_inner vc_row-fluid  vc_custom_1591174793767\"><div class=\"wpb_column vc_column_container vc_col-sm-12  col-xs-mobile-fullwidth\"><div class=\"vc_column-inner vc_custom_1591175138684\"><div class=\"wpb_wrapper\"><h2 class=\"text-extra-dark-gray margin-20px-bottom font-weight-600 display-inline-block alt-font heading-style2  vc_custom_1635502176463  heading-1\"  style=\"font-size: 32px; line-height: 40px; font-weight: 500;\" data-fontsize=\"32px\" data-lineheight=\"40px\">Construisez votre EMM sous votre marque<\/h2><\/div><\/div><\/div><\/div><div class=\"last-paragraph-no-margin\"><p><span style=\"font-weight: 400;\">Nous avons construit la plateforme WizyEMM avec trois principes de base \u00e0 l\u2019esprit :<\/span><\/p>\n<ul>\n<li style=\"font-weight: 400;\" aria-level=\"1\"><span style=\"font-weight: 400;\">S\u2019appuyer sur les outils et les derni\u00e8res innovations propos\u00e9es par Android Entreprise<\/span><\/li>\n<li style=\"font-weight: 400;\" aria-level=\"1\"><span style=\"font-weight: 400;\">Utiliser la puissance du Cloud de Google pour permettre croissance imm\u00e9diate et\u00a0<\/span>\u00e9volutivit\u00e9 pour les clients finaux. Cette puissance nous permet aussi de g\u00e9rer des jeux de donn\u00e9es complexes et de construire des tableaux de bord \u00e0 la carte.<\/li>\n<li style=\"font-weight: 400;\" aria-level=\"1\"><span style=\"font-weight: 400;\">Une construction flexible et modulaire pour les interfaces, la facturation et le d\u00e9ploiement.<\/span><\/li>\n<\/ul>\n<p>&nbsp;<\/p>\n<p><span style=\"font-weight: 400;\">Avec ces trois caract\u00e9ristiques, nous pouvons construire un EMM commercialis\u00e9 sous une marque sp\u00e9cifique, s\u2019appuyant sur les APIs de Google Android Management, pour toute entreprise, op\u00e9rateur t\u00e9l\u00e9com, distributeur ou client final en quelques semaines.<\/span><\/p>\n<p><span style=\"font-weight: 400;\">Acheter ou construire, c\u2019est toujours une d\u00e9cision strat\u00e9gique majeure.<\/span><\/p>\n<p><span style=\"font-weight: 400;\">Nous \u00e9liminons la complexit\u00e9, les d\u00e9lais, les co\u00fbts et l\u2019utilisation de ressources internes li\u00e9es \u00e0 la construction d\u2019un EMM en partant de z\u00e9ro.\u00a0<\/span><\/p>\n<\/div><\/div><\/div><\/div><\/section><div class=\"vc_row-full-width vc_clearfix\"><\/div><section id=\"standard\" data-vc-full-width=\"true\" data-vc-full-width-init=\"false\" data-vc-stretch-content=\"true\" class=\"vc_row wpb_row vc_row-fluid  vc_custom_1635493787544 pofo-stretch-content vc_row-no-padding vc_row-o-equal-height vc_row-o-content-middle vc_row-flex\"><div class=\"wpb_column vc_column_container vc_col-sm-6  col-xs-mobile-fullwidth wow fadeInLeft\"><div class=\"vc_column-inner \"><div class=\"wpb_wrapper\"><div class=\"vc_row wpb_row vc_inner vc_row-fluid  vc_custom_1635502366483 vc_row-has-fill vc_row-o-content-middle vc_row-flex\"><div class=\"wpb_column vc_column_container vc_col-sm-12  col-xs-mobile-fullwidth text-center md-text-center sm-text-center xs-text-center\"><div class=\"vc_column-inner vc_custom_1635502349650\"><div class=\"wpb_wrapper\"><span class=\"text-extra-large margin-25px-bottom display-inline-block alt-font heading-style3  vc_custom_1635502210712  heading-2\"  style=\"font-weight: 600;\">Avant de prendre la d\u00e9cision de construire vous-m\u00eame votre EMM, venez en parler avec les \u00e9quipes de WizyEMM.<\/span><a  href=\"https:\/\/wizyemm.com\/fr\/contact\/\" target=\"_self\" class=\"btn btn pofo-button-2 button-style5 btn-dark-gray btn-rounded vc_custom_1593158040470 pofo-button-1 display-inline-block md-display-inline-block sm-display-inline-block xs-display-inline-block button-style5  btn-dark-gray btn-rounded  btn-medium   vc_custom_1635502234237\"  style=\"color:#ffffff;  border-color:#0080c8; \">R\u00e9servez une discussion<\/a><\/div><\/div><\/div><\/div><\/div><\/div><\/div><div class=\"wpb_column vc_column_container vc_col-sm-6 vc_col-xs-12 wow fadeInRight pofo-column-responsive-69e9e4eed3741\"><div class=\"vc_column-inner vc_custom_1635493896441\"><div class=\"wpb_wrapper\">[vc_single_image image=&#8221;26509&#8243; img_size=&#8221;full&#8221; alignment=&#8221;center&#8221;]<\/div><\/div><\/div><\/section><div class=\"vc_row-full-width vc_clearfix\"><\/div>\n","protected":false},"excerpt":{"rendered":"[vc_single_image image=\"26506\" img_size=\"full\" alignment=\"center\"]Construisez votre EMM sous votre marqueNous avons construit la plateforme WizyEMM avec trois principes de base \u00e0 l\u2019esprit : S\u2019appuyer sur les outils et les derni\u00e8res innovations propos\u00e9es par Android Entreprise Utiliser la puissance du Cloud de Google pour permettre croissance imm\u00e9diate et\u00a0\u00e9volutivit\u00e9 pour les clients finaux. Cette puissance nous permet aussi de g\u00e9rer des jeux de donn\u00e9es complexes et de construire des tableaux de bord \u00e0 la carte. Une construction flexible et modulaire pour les interfaces, la facturation et le d\u00e9ploiement. &nbsp; Avec ces trois caract\u00e9ristiques, nous pouvons construire un EMM commercialis\u00e9 sous une marque sp\u00e9cifique, s\u2019appuyant sur les APIs de Google Android Management, pour toute entreprise, op\u00e9rateur t\u00e9l\u00e9com, distributeur ou client final en quelques semaines. Acheter ou construire, c\u2019est toujours une d\u00e9cision strat\u00e9gique majeure. Nous \u00e9liminons la complexit\u00e9, les d\u00e9lais, les co\u00fbts et l\u2019utilisation de ressources internes li\u00e9es \u00e0 la construction d\u2019un EMM en partant de z\u00e9ro.\u00a0 Avant de prendre la d\u00e9cision de construire vous-m\u00eame votre EMM, venez en parler avec les \u00e9quipes de WizyEMM.R\u00e9servez une discussion[vc_single_image image=\"26509\" img_size=\"full\" alignment=\"center\"]","protected":false},"author":1,"featured_media":0,"parent":0,"menu_order":6,"comment_status":"closed","ping_status":"closed","template":"","meta":[],"yoast_head":"<!-- This site is optimized with the Yoast SEO plugin v18.6 - https:\/\/yoast.com\/wordpress\/plugins\/seo\/ -->\n<title>Marque Blanche - WizyEMM<\/title>\n<meta name=\"robots\" content=\"index, follow, max-snippet:-1, max-image-preview:large, max-video-preview:-1\" \/>\n<link rel=\"canonical\" href=\"http:\/\/wizyemm.com\/fr\/marque-blanche\/\" \/>\n<meta property=\"og:locale\" content=\"fr_FR\" \/>\n<meta property=\"og:type\" content=\"article\" \/>\n<meta property=\"og:title\" content=\"Marque Blanche - WizyEMM\" \/>\n<meta property=\"og:url\" content=\"http:\/\/wizyemm.com\/fr\/marque-blanche\/\" \/>\n<meta property=\"og:site_name\" content=\"WizyEMM\" \/>\n<meta property=\"article:modified_time\" content=\"2021-10-29T10:12:49+00:00\" \/>\n<meta name=\"twitter:card\" content=\"summary_large_image\" \/>\n<meta name=\"twitter:label1\" content=\"Dur\u00e9e de lecture estim\u00e9e\" \/>\n\t<meta name=\"twitter:data1\" content=\"3 minutes\" \/>\n<!-- \/ Yoast SEO plugin. -->","yoast_head_json":{"title":"Marque Blanche - WizyEMM","robots":{"index":"index","follow":"follow","max-snippet":"max-snippet:-1","max-image-preview":"max-image-preview:large","max-video-preview":"max-video-preview:-1"},"canonical":"http:\/\/wizyemm.com\/fr\/marque-blanche\/","og_locale":"fr_FR","og_type":"article","og_title":"Marque Blanche - WizyEMM","og_url":"http:\/\/wizyemm.com\/fr\/marque-blanche\/","og_site_name":"WizyEMM","article_modified_time":"2021-10-29T10:12:49+00:00","twitter_card":"summary_large_image","twitter_misc":{"Dur\u00e9e de lecture estim\u00e9e":"3 minutes"},"schema":{"@context":"https:\/\/schema.org","@graph":[{"@type":"Organization","@id":"https:\/\/wizyemm.com\/#organization","name":"WizyEMM","url":"https:\/\/wizyemm.com\/","sameAs":[],"logo":{"@type":"ImageObject","@id":"https:\/\/wizyemm.com\/#logo","inLanguage":"fr-FR","url":"https:\/\/wizyemm.com\/wp-content\/uploads\/2020\/05\/logo-3e43ae668112340d5106bf20c36af5bc.png","contentUrl":"https:\/\/wizyemm.com\/wp-content\/uploads\/2020\/05\/logo-3e43ae668112340d5106bf20c36af5bc.png","width":747,"height":125,"caption":"WizyEMM"},"image":{"@id":"https:\/\/wizyemm.com\/#logo"}},{"@type":"WebSite","@id":"https:\/\/wizyemm.com\/#website","url":"https:\/\/wizyemm.com\/","name":"WizyEMM","description":"Android Device Management for Frontline Workers","publisher":{"@id":"https:\/\/wizyemm.com\/#organization"},"potentialAction":[{"@type":"SearchAction","target":{"@type":"EntryPoint","urlTemplate":"https:\/\/wizyemm.com\/?s={search_term_string}"},"query-input":"required name=search_term_string"}],"inLanguage":"fr-FR"},{"@type":"WebPage","@id":"http:\/\/wizyemm.com\/fr\/marque-blanche\/#webpage","url":"http:\/\/wizyemm.com\/fr\/marque-blanche\/","name":"Marque Blanche - WizyEMM","isPartOf":{"@id":"https:\/\/wizyemm.com\/#website"},"datePublished":"2021-10-29T09:59:06+00:00","dateModified":"2021-10-29T10:12:49+00:00","breadcrumb":{"@id":"http:\/\/wizyemm.com\/fr\/marque-blanche\/#breadcrumb"},"inLanguage":"fr-FR","potentialAction":[{"@type":"ReadAction","target":["http:\/\/wizyemm.com\/fr\/marque-blanche\/"]}]},{"@type":"BreadcrumbList","@id":"http:\/\/wizyemm.com\/fr\/marque-blanche\/#breadcrumb","itemListElement":[{"@type":"ListItem","position":1,"name":"Accueil","item":"https:\/\/wizyemm.com\/fr\/"},{"@type":"ListItem","position":2,"name":"Marque Blanche"}]}]}},"_links":{"self":[{"href":"https:\/\/wizyemm.com\/fr\/wp-json\/wp\/v2\/pages\/26502"}],"collection":[{"href":"https:\/\/wizyemm.com\/fr\/wp-json\/wp\/v2\/pages"}],"about":[{"href":"https:\/\/wizyemm.com\/fr\/wp-json\/wp\/v2\/types\/page"}],"author":[{"embeddable":true,"href":"https:\/\/wizyemm.com\/fr\/wp-json\/wp\/v2\/users\/1"}],"replies":[{"embeddable":true,"href":"https:\/\/wizyemm.com\/fr\/wp-json\/wp\/v2\/comments?post=26502"}],"version-history":[{"count":12,"href":"https:\/\/wizyemm.com\/fr\/wp-json\/wp\/v2\/pages\/26502\/revisions"}],"predecessor-version":[{"id":26533,"href":"https:\/\/wizyemm.com\/fr\/wp-json\/wp\/v2\/pages\/26502\/revisions\/26533"}],"wp:attachment":[{"href":"https:\/\/wizyemm.com\/fr\/wp-json\/wp\/v2\/media?parent=26502"}],"curies":[{"name":"wp","href":"https:\/\/api.w.org\/{rel}","templated":true}]}}