{"id":28130,"date":"2023-11-22T11:18:51","date_gmt":"2023-11-22T11:18:51","guid":{"rendered":"https:\/\/wizyemm.com\/?page_id=28130"},"modified":"2023-11-22T11:18:51","modified_gmt":"2023-11-22T11:18:51","slug":"protection-de-flotte-mobile","status":"publish","type":"page","link":"http:\/\/wizyemm.com\/fr\/protection-de-flotte-mobile\/","title":{"rendered":"Protection de Flotte Mobile"},"content":{"rendered":"<section data-vc-full-width=\"true\" data-vc-full-width-init=\"false\" data-vc-stretch-content=\"true\" class=\"vc_row wpb_row vc_row-fluid  vc_custom_1593419256237 cover-background bg-position-center-center wow fadeIn vc_row-has-fill pofo-stretch-content vc_row-no-padding vc_row-o-equal-height vc_row-flex pofo-row-responsive-69daea9bc9b24\"><div class=\"wpb_column vc_column_container vc_col-has-fill vc_col-sm-12 vc_col-lg-6 vc_col-md-6 vc_col-xs-12 wow fadeInLeft text-justify md-text-justify pofo-column-responsive-69daea9bc9c13\"><div class=\"vc_column-inner vc_custom_1609835030128\"><div class=\"wpb_wrapper\"><div class=\"vc_row wpb_row vc_inner vc_row-fluid  vc_custom_1609835052656 pofo-inner-row-responsive-69daea9bc9cbe\"><div class=\"wpb_column vc_column_container vc_col-lg-12 vc_col-md-12 col-xs-mobile-fullwidth wow none sm-text-center pofo-column-responsive-69daea9bc9d60\"><div class=\"vc_column-inner vc_custom_1609835069855\"><div class=\"wpb_wrapper\"><div class=\" vc_custom_1700650829939 last-paragraph-no-margin pofo-text-block-responsive-69daea9bc9df3\" style=\"color: #535a55; width: width-95;\"><p><span style=\"font-weight: 400;\">Les \u00e9quipements mobiles sont devenus des \u00e9l\u00e9ments essentiels de notre vie, nous permettant de communiquer et de gagner en productivit\u00e9. Cependant, avec l&#8217;accroissement de cette d\u00e9pendance aux t\u00e9l\u00e9phones portables ou tablettes, les menaces de s\u00e9curit\u00e9 ont \u00e9galement augment\u00e9. La protection de flotte mobile (ie MTD pour Mobile Threat Defense en anglais) est un service indispensable con\u00e7u pour prot\u00e9ger ces \u00e9quipements et les donn\u00e9es qui y sont stock\u00e9es, permettant une utilisation s\u00e9curis\u00e9e et sans risque. Cette page vous d\u00e9crit l&#8217;importance, les fonctionnalit\u00e9s majeures et les b\u00e9n\u00e9fices d&#8217;utiliser une solution MTD.<\/span><\/p>\n<h1><span style=\"font-weight: 400;\">Qu&#8217;est-ce que la protection de flotte mobile ?<\/span><\/h1>\n<p><span style=\"font-weight: 400;\">Mobile Threat Defense, souvent raccourci en <strong>MTD<\/strong>, est un ensemble de services et de technologies destin\u00e9s \u00e0 prot\u00e9ger les \u00e9quipements mobiles (tels que les smartphones ou tablettes) d&#8217;un panel de menaces de s\u00e9curit\u00e9. Ces menaces incluent les applications malveillantes, les failles de s\u00e9curit\u00e9 ou de donn\u00e9es, les vuln\u00e9rabilit\u00e9s r\u00e9seau, et bien plus.<\/span><\/p>\n<p><img loading=\"lazy\" class=\"alignnone wp-image-28125 size-medium\" src=\"http:\/\/wizyemm.com\/wp-content\/uploads\/2023\/11\/52fa4220-fb90-4127-a6b2-586c23d40ef7-300x269.jpg\" alt=\"\" width=\"300\" height=\"269\" srcset=\"https:\/\/wizyemm.com\/wp-content\/uploads\/2023\/11\/52fa4220-fb90-4127-a6b2-586c23d40ef7-300x269.jpg 300w, https:\/\/wizyemm.com\/wp-content\/uploads\/2023\/11\/52fa4220-fb90-4127-a6b2-586c23d40ef7-768x689.jpg 768w, https:\/\/wizyemm.com\/wp-content\/uploads\/2023\/11\/52fa4220-fb90-4127-a6b2-586c23d40ef7-859x771.jpg 859w, https:\/\/wizyemm.com\/wp-content\/uploads\/2023\/11\/52fa4220-fb90-4127-a6b2-586c23d40ef7-81x73.jpg 81w, https:\/\/wizyemm.com\/wp-content\/uploads\/2023\/11\/52fa4220-fb90-4127-a6b2-586c23d40ef7.jpg 1024w\" sizes=\"(max-width: 300px) 100vw, 300px\" \/><\/p>\n<\/div><\/div><\/div><\/div><\/div><\/div><\/div><\/div><div class=\"wpb_column vc_column_container vc_col-sm-12 vc_col-lg-6 vc_col-md-6 vc_col-xs-12 wow fadeIn\"><div class=\"vc_column-inner vc_custom_1592292507121\"><div class=\"wpb_wrapper\">[vc_images_carousel images=&#8221;28132,28136&#8243; img_size=&#8221;full&#8221; onclick=&#8221;link_no&#8221; autoplay=&#8221;yes&#8221;]<\/div><\/div><\/div><\/section><div class=\"vc_row-full-width vc_clearfix\"><\/div><section data-vc-full-width=\"true\" data-vc-full-width-init=\"false\" data-vc-stretch-content=\"true\" class=\"vc_row wpb_row vc_row-fluid  vc_custom_1591625336024 vc_column-gap-10 pofo-stretch-content\"><div class=\"wpb_column vc_column_container vc_col-sm-4  col-xs-mobile-fullwidth wow fadeInUp pofo-column-responsive-69daea9bc9fa5\" data-wow-delay= 400ms><div class=\"vc_column-inner vc_custom_1591625370412\"><div class=\"wpb_wrapper\"><div class=\"position-relative featurebox24-1 featurebox24 pofo-featurebox\" ><i class=\"link-icon margin-15px-bottom text-deep-pink fas fa-lightbulb icon-extra-medium\"><\/i><div class=\"feature-content\"><span class=\"text-medium text-extra-dark-gray font-weight-600 display-inline-block margin-5px-bottom alt-font\" style=\"font-size: 14px;\" data-fontsize=\"14px\">Pourquoi est-ce indispensable ?<\/span><div class=\"last-paragraph-no-margin  width-80 sm-width-100\"><p>.<\/p>\n<p><span style=\"font-weight: 400;\"><strong>Prolif\u00e9ration des menaces mobiles :<\/strong> Le nombre et la complexit\u00e9 des menaces mobiles n&#8217;ont cess\u00e9 d&#8217;augmenter ces derni\u00e8res ann\u00e9es, compromettant de fa\u00e7on tr\u00e8s s\u00e9rieuse les donn\u00e9es personnelles et professionnelles.<\/span><\/p>\n<p><span style=\"font-weight: 400;\"><strong>Protection des donn\u00e9es :<\/strong> Les \u00e9quipements mobiles stockent de nombreuses donn\u00e9es personnelles et sensibles, ce qui en fait des cibles privil\u00e9gi\u00e9es pour les cyber criminels. Le service MTD permet de s&#8217;assurer que ces donn\u00e9es restent confidentielles et s\u00e9curis\u00e9es.<\/span><\/p>\n<p><span style=\"font-weight: 400;\"><strong>Mobilit\u00e9 d&#8217;entreprise :<\/strong> Avec le d\u00e9veloppement du BYOD (Bring Your Own Device) dans les entreprises, le MTD est indispensable pour prot\u00e9ger des menaces les r\u00e9seaux d&#8217;entreprise et les donn\u00e9es stock\u00e9es sur les mobiles.<\/span><\/p>\n<\/div><\/div><\/div><\/div><\/div><\/div><div class=\"wpb_column vc_column_container vc_col-sm-4  col-xs-mobile-fullwidth wow fadeInUp pofo-column-responsive-69daea9bca0ed\"><div class=\"vc_column-inner vc_custom_1591625360292\"><div class=\"wpb_wrapper\"><div class=\"position-relative featurebox24-2 featurebox24 pofo-featurebox\" ><i class=\"link-icon margin-15px-bottom text-deep-pink fas fa-shield-alt icon-extra-medium\"><\/i><div class=\"feature-content\"><span class=\"text-medium text-extra-dark-gray font-weight-600 display-inline-block margin-5px-bottom alt-font\" style=\"font-size: 14px;\" data-fontsize=\"14px\">Fonctionnalit\u00e9s majeures<\/span><div class=\"last-paragraph-no-margin  width-80 sm-width-100\"><p>.<\/p>\n<p><span style=\"font-weight: 400;\"><strong>Pr\u00e9vention et d\u00e9tection d&#8217;applications malveillantes :<\/strong> Le MTD utilise des algorithmes avanc\u00e9s et une analyse en temps-r\u00e9el des applications, afin d&#8217;identifier et de neutraliser les fichiers et les applications malveillantes, avant qu&#8217;ils ne compromettent les donn\u00e9es de l&#8217;\u00e9quipement.<\/span><\/p>\n<p><span style=\"font-weight: 400;\"><strong>Protection contre le hame\u00e7onnage <\/strong>: Il offre une protection contre les tentatives d&#8217;hame\u00e7onnage (phishing en anglais), en d\u00e9tectant puis en bloquant les sites web malicieux et les emails qui pourraient voler vos informations personnelles.<\/span><\/p>\n<p><span style=\"font-weight: 400;\"><strong>S\u00e9curit\u00e9 r\u00e9seau :<\/strong> Le MTD analyse les connexions r\u00e9seau, afin d&#8217;identifier les vuln\u00e9rabilit\u00e9s et les menaces potentielles, afin de garantir une s\u00fbret\u00e9 d&#8217;utilisation des applications et du surf sur internet.<\/span><\/p>\n<p><span style=\"font-weight: 400;\"><strong>Analyse de comportement :<\/strong> En analysant des comportements sur l&#8217;\u00e9quipement, le MTD peut identifier des anomalies qui indiqueraient une faille de s\u00e9curit\u00e9 ou une activit\u00e9 suspecte.<\/span><\/p>\n<\/div><\/div><\/div><\/div><\/div><\/div><div class=\"wpb_column vc_column_container vc_col-sm-4  col-xs-mobile-fullwidth wow fadeInUp\" data-wow-delay= 200ms><div class=\"vc_column-inner \"><div class=\"wpb_wrapper\"><div class=\"position-relative featurebox24-3 featurebox24 pofo-featurebox\" ><i class=\"link-icon margin-15px-bottom text-deep-pink fas fa-balance-scale icon-extra-medium\"><\/i><div class=\"feature-content\"><span class=\"text-medium text-extra-dark-gray font-weight-600 display-inline-block margin-5px-bottom alt-font\" style=\"font-size: 14px;\" data-fontsize=\"14px\">B\u00e9n\u00e9fices<\/span><div class=\"last-paragraph-no-margin  width-80 sm-width-100\"><p>.<\/p>\n<p><span style=\"font-weight: 400;\"><strong>Protection adaptative :<\/strong> Le MTD fournit une protection \u00e0 360\u00b0 contre une panoplie de menaces, permettant de tranquilliser les esprits des utilisateurs et des entreprises.<\/span><\/p>\n<p><span style=\"font-weight: 400;\"><strong>Interruption de service minimale :<\/strong> Le MTD fonctionne en arri\u00e8re-plan, sans interrompre l&#8217;utilisation de l&#8217;\u00e9quipement, afin de garantir la meilleure exp\u00e9rience utilisateur possible.<\/span><\/p>\n<p><span style=\"font-weight: 400;\"><strong>Confidentialit\u00e9 :<\/strong> Les donn\u00e9es personnelles et professionnelles restent confidentielles et prot\u00e9g\u00e9es, m\u00eame face aux attaques les plus sophistiqu\u00e9es.<\/span><\/p>\n<p><span style=\"font-weight: 400;\"><strong>Comp\u00e9titif :<\/strong> Investir dans le MTD peut vous \u00e9viter des co\u00fbts tr\u00e8s \u00e9lev\u00e9s dus \u00e0 une faille de s\u00e9curit\u00e9, avec des r\u00e9percussions l\u00e9gales et de r\u00e9putation sans pr\u00e9c\u00e9dent.<\/span><\/p>\n<p><span style=\"font-weight: 400;\"><strong>Conformit\u00e9 :<\/strong> Pour les entreprises, MTD permet d&#8217;\u00eatre conforme aux r\u00e9gulations de protection des donn\u00e9es du type RGPD et HIPAA.<\/span><\/p>\n<\/div><\/div><\/div><\/div><\/div><\/div><\/section><div class=\"vc_row-full-width vc_clearfix\"><\/div>\n","protected":false},"excerpt":{"rendered":"Les \u00e9quipements mobiles sont devenus des \u00e9l\u00e9ments essentiels de notre vie, nous permettant de communiquer et de gagner en productivit\u00e9. Cependant, avec l'accroissement de cette d\u00e9pendance aux t\u00e9l\u00e9phones portables ou tablettes, les menaces de s\u00e9curit\u00e9 ont \u00e9galement augment\u00e9. La protection de flotte mobile (ie MTD pour Mobile Threat Defense en anglais) est un service indispensable con\u00e7u pour prot\u00e9ger ces \u00e9quipements et les donn\u00e9es qui y sont stock\u00e9es, permettant une utilisation s\u00e9curis\u00e9e et sans risque. Cette page vous d\u00e9crit l'importance, les fonctionnalit\u00e9s majeures et les b\u00e9n\u00e9fices d'utiliser une solution MTD. Qu'est-ce que la protection de flotte mobile ? Mobile Threat Defense, souvent raccourci en MTD, est un ensemble de services et de technologies destin\u00e9s \u00e0 prot\u00e9ger les \u00e9quipements mobiles (tels que les smartphones ou tablettes) d'un panel de menaces de s\u00e9curit\u00e9. Ces menaces incluent les applications malveillantes, les failles de s\u00e9curit\u00e9 ou de donn\u00e9es, les vuln\u00e9rabilit\u00e9s r\u00e9seau, et bien plus. [vc_images_carousel images=\"28132,28136\" img_size=\"full\" onclick=\"link_no\" autoplay=\"yes\"]Pourquoi est-ce indispensable ?. Prolif\u00e9ration des menaces mobiles : Le nombre et la complexit\u00e9 des menaces mobiles n'ont cess\u00e9 d'augmenter ces derni\u00e8res ann\u00e9es, compromettant de fa\u00e7on tr\u00e8s s\u00e9rieuse les donn\u00e9es personnelles et professionnelles. Protection des donn\u00e9es : Les \u00e9quipements mobiles stockent de nombreuses donn\u00e9es personnelles et sensibles,...","protected":false},"author":1,"featured_media":23139,"parent":0,"menu_order":4,"comment_status":"closed","ping_status":"closed","template":"","meta":[],"yoast_head":"<!-- This site is optimized with the Yoast SEO plugin v18.6 - https:\/\/yoast.com\/wordpress\/plugins\/seo\/ -->\n<title>Protection de Flotte Mobile - WizyEMM<\/title>\n<meta name=\"robots\" content=\"index, follow, max-snippet:-1, max-image-preview:large, max-video-preview:-1\" \/>\n<link rel=\"canonical\" href=\"http:\/\/wizyemm.com\/fr\/protection-de-flotte-mobile\/\" \/>\n<meta property=\"og:locale\" content=\"fr_FR\" \/>\n<meta property=\"og:type\" content=\"article\" \/>\n<meta property=\"og:title\" content=\"Protection de Flotte Mobile - WizyEMM\" \/>\n<meta property=\"og:url\" content=\"http:\/\/wizyemm.com\/fr\/protection-de-flotte-mobile\/\" \/>\n<meta property=\"og:site_name\" content=\"WizyEMM\" \/>\n<meta property=\"og:image\" content=\"https:\/\/wizyemm.com\/wp-content\/uploads\/2020\/06\/rugged-devices-1.jpg\" \/>\n\t<meta property=\"og:image:width\" content=\"1920\" \/>\n\t<meta property=\"og:image:height\" content=\"650\" \/>\n\t<meta property=\"og:image:type\" content=\"image\/jpeg\" \/>\n<meta name=\"twitter:card\" content=\"summary_large_image\" \/>\n<meta name=\"twitter:label1\" content=\"Dur\u00e9e de lecture estim\u00e9e\" \/>\n\t<meta name=\"twitter:data1\" content=\"4 minutes\" \/>\n<!-- \/ Yoast SEO plugin. -->","yoast_head_json":{"title":"Protection de Flotte Mobile - WizyEMM","robots":{"index":"index","follow":"follow","max-snippet":"max-snippet:-1","max-image-preview":"max-image-preview:large","max-video-preview":"max-video-preview:-1"},"canonical":"http:\/\/wizyemm.com\/fr\/protection-de-flotte-mobile\/","og_locale":"fr_FR","og_type":"article","og_title":"Protection de Flotte Mobile - WizyEMM","og_url":"http:\/\/wizyemm.com\/fr\/protection-de-flotte-mobile\/","og_site_name":"WizyEMM","og_image":[{"width":1920,"height":650,"url":"https:\/\/wizyemm.com\/wp-content\/uploads\/2020\/06\/rugged-devices-1.jpg","type":"image\/jpeg"}],"twitter_card":"summary_large_image","twitter_misc":{"Dur\u00e9e de lecture estim\u00e9e":"4 minutes"},"schema":{"@context":"https:\/\/schema.org","@graph":[{"@type":"Organization","@id":"https:\/\/wizyemm.com\/fr\/#organization","name":"WizyEMM","url":"https:\/\/wizyemm.com\/fr\/","sameAs":[],"logo":{"@type":"ImageObject","@id":"https:\/\/wizyemm.com\/fr\/#logo","inLanguage":"fr-FR","url":"https:\/\/wizyemm.com\/wp-content\/uploads\/2020\/05\/logo-3e43ae668112340d5106bf20c36af5bc.png","contentUrl":"https:\/\/wizyemm.com\/wp-content\/uploads\/2020\/05\/logo-3e43ae668112340d5106bf20c36af5bc.png","width":747,"height":125,"caption":"WizyEMM"},"image":{"@id":"https:\/\/wizyemm.com\/fr\/#logo"}},{"@type":"WebSite","@id":"https:\/\/wizyemm.com\/fr\/#website","url":"https:\/\/wizyemm.com\/fr\/","name":"WizyEMM","description":"Android Device Management for Frontline Workers","publisher":{"@id":"https:\/\/wizyemm.com\/fr\/#organization"},"potentialAction":[{"@type":"SearchAction","target":{"@type":"EntryPoint","urlTemplate":"https:\/\/wizyemm.com\/fr\/?s={search_term_string}"},"query-input":"required name=search_term_string"}],"inLanguage":"fr-FR"},{"@type":"ImageObject","@id":"http:\/\/wizyemm.com\/fr\/protection-de-flotte-mobile\/#primaryimage","inLanguage":"fr-FR","url":"https:\/\/wizyemm.com\/wp-content\/uploads\/2020\/06\/rugged-devices-1.jpg","contentUrl":"https:\/\/wizyemm.com\/wp-content\/uploads\/2020\/06\/rugged-devices-1.jpg","width":1920,"height":650,"caption":"Rugged Devices management"},{"@type":"WebPage","@id":"http:\/\/wizyemm.com\/fr\/protection-de-flotte-mobile\/#webpage","url":"http:\/\/wizyemm.com\/fr\/protection-de-flotte-mobile\/","name":"Protection de Flotte Mobile - WizyEMM","isPartOf":{"@id":"https:\/\/wizyemm.com\/fr\/#website"},"primaryImageOfPage":{"@id":"http:\/\/wizyemm.com\/fr\/protection-de-flotte-mobile\/#primaryimage"},"datePublished":"2023-11-22T11:18:51+00:00","dateModified":"2023-11-22T11:18:51+00:00","breadcrumb":{"@id":"http:\/\/wizyemm.com\/fr\/protection-de-flotte-mobile\/#breadcrumb"},"inLanguage":"fr-FR","potentialAction":[{"@type":"ReadAction","target":["http:\/\/wizyemm.com\/fr\/protection-de-flotte-mobile\/"]}]},{"@type":"BreadcrumbList","@id":"http:\/\/wizyemm.com\/fr\/protection-de-flotte-mobile\/#breadcrumb","itemListElement":[{"@type":"ListItem","position":1,"name":"Accueil","item":"https:\/\/wizyemm.com\/fr\/"},{"@type":"ListItem","position":2,"name":"Protection de Flotte Mobile"}]}]}},"_links":{"self":[{"href":"https:\/\/wizyemm.com\/fr\/wp-json\/wp\/v2\/pages\/28130"}],"collection":[{"href":"https:\/\/wizyemm.com\/fr\/wp-json\/wp\/v2\/pages"}],"about":[{"href":"https:\/\/wizyemm.com\/fr\/wp-json\/wp\/v2\/types\/page"}],"author":[{"embeddable":true,"href":"https:\/\/wizyemm.com\/fr\/wp-json\/wp\/v2\/users\/1"}],"replies":[{"embeddable":true,"href":"https:\/\/wizyemm.com\/fr\/wp-json\/wp\/v2\/comments?post=28130"}],"version-history":[{"count":2,"href":"https:\/\/wizyemm.com\/fr\/wp-json\/wp\/v2\/pages\/28130\/revisions"}],"predecessor-version":[{"id":28140,"href":"https:\/\/wizyemm.com\/fr\/wp-json\/wp\/v2\/pages\/28130\/revisions\/28140"}],"wp:featuredmedia":[{"embeddable":true,"href":"https:\/\/wizyemm.com\/fr\/wp-json\/wp\/v2\/media\/23139"}],"wp:attachment":[{"href":"https:\/\/wizyemm.com\/fr\/wp-json\/wp\/v2\/media?parent=28130"}],"curies":[{"name":"wp","href":"https:\/\/api.w.org\/{rel}","templated":true}]}}